{"id":1691,"date":"2019-04-11T12:30:26","date_gmt":"2019-04-11T12:30:26","guid":{"rendered":"http:\/\/qmanndiving.com\/pt-pt\/product\/deep-diving-2\/"},"modified":"2019-06-07T11:56:19","modified_gmt":"2019-06-07T11:56:19","slug":"deep-diving-2","status":"publish","type":"product","link":"https:\/\/qmanndiving.com\/pt-pt\/product\/deep-diving-2\/","title":{"rendered":"Mergulho profundo"},"content":{"rendered":"<p><strong>O SSI Deep Diving Specialidade \u00e9 o melhor curso relacionado a profundidade no mergulho recreativo.<br \/>\n<\/strong><strong>O curso DEEP DIVING da SSI fornecer\u00e1 as habilidades, o conhecimento e a experi\u00eancia necess\u00e1rios para realizar esses tipos de mergulhos com seguran\u00e7a e conforto. Ao final deste curso, voc\u00ea se qualificar\u00e1 para mergulhar at\u00e9 uma profundidade de 40m, sem fazer paradas de descompress\u00e3o.<\/strong><\/p>\n<p><strong>A dura\u00e7\u00e3o deste curso \u00e9 de 2 dias e cont\u00e9m 3 mergulhos.<\/strong><\/p>\n","protected":false},"excerpt":{"rendered":"<p>O SSI Deep Diving Specialidade \u00e9 o melhor curso relacionado a profundidade no mergulho recreativo. O curso DEEP DIVING da&hellip;<\/p>\n","protected":false},"featured_media":1260,"template":"","meta":{"_acf_changed":false},"product_brand":[],"product_cat":[85],"product_tag":[],"class_list":{"0":"post-1691","1":"product","2":"type-product","3":"status-publish","4":"has-post-thumbnail","6":"product_cat-speciality-courses-pt-pt","8":"first","9":"instock","10":"taxable","11":"shipping-taxable","12":"purchasable","13":"product-type-simple"},"acf":[],"yoast_head":"<!-- This site is optimized with the Yoast SEO plugin v26.1.1 - https:\/\/yoast.com\/wordpress\/plugins\/seo\/ -->\n<title>Mergulho profundo - Qmann Diving- dive centers in the Azores<\/title>\n<meta name=\"robots\" content=\"index, follow, max-snippet:-1, max-image-preview:large, max-video-preview:-1\" \/>\n<link rel=\"canonical\" href=\"https:\/\/qmanndiving.com\/pt-pt\/product\/deep-diving-2\/\" \/>\n<meta property=\"og:locale\" content=\"pt_PT\" \/>\n<meta property=\"og:type\" content=\"article\" \/>\n<meta property=\"og:title\" content=\"Mergulho profundo - Qmann Diving- dive centers in the Azores\" \/>\n<meta property=\"og:description\" content=\"O SSI Deep Diving Specialidade \u00e9 o melhor curso relacionado a profundidade no mergulho recreativo. O curso DEEP DIVING da&hellip;\" \/>\n<meta property=\"og:url\" content=\"https:\/\/qmanndiving.com\/pt-pt\/product\/deep-diving-2\/\" \/>\n<meta property=\"og:site_name\" content=\"Qmann Diving- dive centers in the Azores\" \/>\n<meta property=\"article:publisher\" content=\"https:\/\/www.facebook.com\/pages\/category\/Scuba-Diving-Center\/Qmann-Diving-dive-center-Azores-276319169682383\/\" \/>\n<meta property=\"article:modified_time\" content=\"2019-06-07T11:56:19+00:00\" \/>\n<meta property=\"og:image\" content=\"https:\/\/qmanndiving.com\/wp-content\/uploads\/2019\/02\/IMG_0011.jpg\" \/>\n\t<meta property=\"og:image:width\" content=\"400\" \/>\n\t<meta property=\"og:image:height\" content=\"254\" \/>\n\t<meta property=\"og:image:type\" content=\"image\/jpeg\" \/>\n<meta name=\"twitter:card\" content=\"summary_large_image\" \/>\n<script type=\"application\/ld+json\" class=\"yoast-schema-graph\">{\"@context\":\"https:\/\/schema.org\",\"@graph\":[{\"@type\":\"WebPage\",\"@id\":\"https:\/\/qmanndiving.com\/pt-pt\/product\/deep-diving-2\/\",\"url\":\"https:\/\/qmanndiving.com\/pt-pt\/product\/deep-diving-2\/\",\"name\":\"Mergulho profundo - Qmann Diving- dive centers in the Azores\",\"isPartOf\":{\"@id\":\"https:\/\/qmanndiving.com\/#website\"},\"primaryImageOfPage\":{\"@id\":\"https:\/\/qmanndiving.com\/pt-pt\/product\/deep-diving-2\/#primaryimage\"},\"image\":{\"@id\":\"https:\/\/qmanndiving.com\/pt-pt\/product\/deep-diving-2\/#primaryimage\"},\"thumbnailUrl\":\"https:\/\/qmanndiving.com\/wp-content\/uploads\/2019\/02\/IMG_0011.jpg\",\"datePublished\":\"2019-04-11T12:30:26+00:00\",\"dateModified\":\"2019-06-07T11:56:19+00:00\",\"breadcrumb\":{\"@id\":\"https:\/\/qmanndiving.com\/pt-pt\/product\/deep-diving-2\/#breadcrumb\"},\"inLanguage\":\"pt-PT\",\"potentialAction\":[{\"@type\":\"ReadAction\",\"target\":[\"https:\/\/qmanndiving.com\/pt-pt\/product\/deep-diving-2\/\"]}]},{\"@type\":\"ImageObject\",\"inLanguage\":\"pt-PT\",\"@id\":\"https:\/\/qmanndiving.com\/pt-pt\/product\/deep-diving-2\/#primaryimage\",\"url\":\"https:\/\/qmanndiving.com\/wp-content\/uploads\/2019\/02\/IMG_0011.jpg\",\"contentUrl\":\"https:\/\/qmanndiving.com\/wp-content\/uploads\/2019\/02\/IMG_0011.jpg\",\"width\":400,\"height\":254},{\"@type\":\"BreadcrumbList\",\"@id\":\"https:\/\/qmanndiving.com\/pt-pt\/product\/deep-diving-2\/#breadcrumb\",\"itemListElement\":[{\"@type\":\"ListItem\",\"position\":1,\"name\":\"In\u00edcio\",\"item\":\"https:\/\/qmanndiving.com\/pt-pt\/\"},{\"@type\":\"ListItem\",\"position\":2,\"name\":\"Products\",\"item\":\"https:\/\/qmanndiving.com\/shop\/\"},{\"@type\":\"ListItem\",\"position\":3,\"name\":\"Mergulho profundo\"}]},{\"@type\":\"WebSite\",\"@id\":\"https:\/\/qmanndiving.com\/#website\",\"url\":\"https:\/\/qmanndiving.com\/\",\"name\":\"Qmann Diving - centro de mergulho nos A\u00e7ores\",\"description\":\"Qmann Diving is a fully SSI certified dive centre operating at Terceira island, one of the finest island in the Azores, offering you private or small groups (max. 4) diving and courses, our goal is Quality.\",\"publisher\":{\"@id\":\"https:\/\/qmanndiving.com\/#organization\"},\"potentialAction\":[{\"@type\":\"SearchAction\",\"target\":{\"@type\":\"EntryPoint\",\"urlTemplate\":\"https:\/\/qmanndiving.com\/?s={search_term_string}\"},\"query-input\":{\"@type\":\"PropertyValueSpecification\",\"valueRequired\":true,\"valueName\":\"search_term_string\"}}],\"inLanguage\":\"pt-PT\"},{\"@type\":\"Organization\",\"@id\":\"https:\/\/qmanndiving.com\/#organization\",\"name\":\"Qmann Diving\",\"url\":\"https:\/\/qmanndiving.com\/\",\"logo\":{\"@type\":\"ImageObject\",\"inLanguage\":\"pt-PT\",\"@id\":\"https:\/\/qmanndiving.com\/#\/schema\/logo\/image\/\",\"url\":\"https:\/\/qmanndiving.com\/wp-content\/uploads\/logo_qman_diving_1.png\",\"contentUrl\":\"https:\/\/qmanndiving.com\/wp-content\/uploads\/logo_qman_diving_1.png\",\"width\":650,\"height\":350,\"caption\":\"Qmann Diving\"},\"image\":{\"@id\":\"https:\/\/qmanndiving.com\/#\/schema\/logo\/image\/\"},\"sameAs\":[\"https:\/\/www.facebook.com\/pages\/category\/Scuba-Diving-Center\/Qmann-Diving-dive-center-Azores-276319169682383\/\"]}]}<\/script>\n<!-- \/ Yoast SEO plugin. -->","yoast_head_json":{"title":"Mergulho profundo - Qmann Diving- dive centers in the Azores","robots":{"index":"index","follow":"follow","max-snippet":"max-snippet:-1","max-image-preview":"max-image-preview:large","max-video-preview":"max-video-preview:-1"},"canonical":"https:\/\/qmanndiving.com\/pt-pt\/product\/deep-diving-2\/","og_locale":"pt_PT","og_type":"article","og_title":"Mergulho profundo - Qmann Diving- dive centers in the Azores","og_description":"O SSI Deep Diving Specialidade \u00e9 o melhor curso relacionado a profundidade no mergulho recreativo. O curso DEEP DIVING da&hellip;","og_url":"https:\/\/qmanndiving.com\/pt-pt\/product\/deep-diving-2\/","og_site_name":"Qmann Diving- dive centers in the Azores","article_publisher":"https:\/\/www.facebook.com\/pages\/category\/Scuba-Diving-Center\/Qmann-Diving-dive-center-Azores-276319169682383\/","article_modified_time":"2019-06-07T11:56:19+00:00","og_image":[{"width":400,"height":254,"url":"https:\/\/qmanndiving.com\/wp-content\/uploads\/2019\/02\/IMG_0011.jpg","type":"image\/jpeg"}],"twitter_card":"summary_large_image","schema":{"@context":"https:\/\/schema.org","@graph":[{"@type":"WebPage","@id":"https:\/\/qmanndiving.com\/pt-pt\/product\/deep-diving-2\/","url":"https:\/\/qmanndiving.com\/pt-pt\/product\/deep-diving-2\/","name":"Mergulho profundo - Qmann Diving- dive centers in the Azores","isPartOf":{"@id":"https:\/\/qmanndiving.com\/#website"},"primaryImageOfPage":{"@id":"https:\/\/qmanndiving.com\/pt-pt\/product\/deep-diving-2\/#primaryimage"},"image":{"@id":"https:\/\/qmanndiving.com\/pt-pt\/product\/deep-diving-2\/#primaryimage"},"thumbnailUrl":"https:\/\/qmanndiving.com\/wp-content\/uploads\/2019\/02\/IMG_0011.jpg","datePublished":"2019-04-11T12:30:26+00:00","dateModified":"2019-06-07T11:56:19+00:00","breadcrumb":{"@id":"https:\/\/qmanndiving.com\/pt-pt\/product\/deep-diving-2\/#breadcrumb"},"inLanguage":"pt-PT","potentialAction":[{"@type":"ReadAction","target":["https:\/\/qmanndiving.com\/pt-pt\/product\/deep-diving-2\/"]}]},{"@type":"ImageObject","inLanguage":"pt-PT","@id":"https:\/\/qmanndiving.com\/pt-pt\/product\/deep-diving-2\/#primaryimage","url":"https:\/\/qmanndiving.com\/wp-content\/uploads\/2019\/02\/IMG_0011.jpg","contentUrl":"https:\/\/qmanndiving.com\/wp-content\/uploads\/2019\/02\/IMG_0011.jpg","width":400,"height":254},{"@type":"BreadcrumbList","@id":"https:\/\/qmanndiving.com\/pt-pt\/product\/deep-diving-2\/#breadcrumb","itemListElement":[{"@type":"ListItem","position":1,"name":"In\u00edcio","item":"https:\/\/qmanndiving.com\/pt-pt\/"},{"@type":"ListItem","position":2,"name":"Products","item":"https:\/\/qmanndiving.com\/shop\/"},{"@type":"ListItem","position":3,"name":"Mergulho profundo"}]},{"@type":"WebSite","@id":"https:\/\/qmanndiving.com\/#website","url":"https:\/\/qmanndiving.com\/","name":"Qmann Diving - centro de mergulho nos A\u00e7ores","description":"Qmann Diving is a fully SSI certified dive centre operating at Terceira island, one of the finest island in the Azores, offering you private or small groups (max. 4) diving and courses, our goal is Quality.","publisher":{"@id":"https:\/\/qmanndiving.com\/#organization"},"potentialAction":[{"@type":"SearchAction","target":{"@type":"EntryPoint","urlTemplate":"https:\/\/qmanndiving.com\/?s={search_term_string}"},"query-input":{"@type":"PropertyValueSpecification","valueRequired":true,"valueName":"search_term_string"}}],"inLanguage":"pt-PT"},{"@type":"Organization","@id":"https:\/\/qmanndiving.com\/#organization","name":"Qmann Diving","url":"https:\/\/qmanndiving.com\/","logo":{"@type":"ImageObject","inLanguage":"pt-PT","@id":"https:\/\/qmanndiving.com\/#\/schema\/logo\/image\/","url":"https:\/\/qmanndiving.com\/wp-content\/uploads\/logo_qman_diving_1.png","contentUrl":"https:\/\/qmanndiving.com\/wp-content\/uploads\/logo_qman_diving_1.png","width":650,"height":350,"caption":"Qmann Diving"},"image":{"@id":"https:\/\/qmanndiving.com\/#\/schema\/logo\/image\/"},"sameAs":["https:\/\/www.facebook.com\/pages\/category\/Scuba-Diving-Center\/Qmann-Diving-dive-center-Azores-276319169682383\/"]}]}},"_links":{"self":[{"href":"https:\/\/qmanndiving.com\/pt-pt\/wp-json\/wp\/v2\/product\/1691","targetHints":{"allow":["GET"]}}],"collection":[{"href":"https:\/\/qmanndiving.com\/pt-pt\/wp-json\/wp\/v2\/product"}],"about":[{"href":"https:\/\/qmanndiving.com\/pt-pt\/wp-json\/wp\/v2\/types\/product"}],"wp:featuredmedia":[{"embeddable":true,"href":"https:\/\/qmanndiving.com\/pt-pt\/wp-json\/wp\/v2\/media\/1260"}],"wp:attachment":[{"href":"https:\/\/qmanndiving.com\/pt-pt\/wp-json\/wp\/v2\/media?parent=1691"}],"wp:term":[{"taxonomy":"product_brand","embeddable":true,"href":"https:\/\/qmanndiving.com\/pt-pt\/wp-json\/wp\/v2\/product_brand?post=1691"},{"taxonomy":"product_cat","embeddable":true,"href":"https:\/\/qmanndiving.com\/pt-pt\/wp-json\/wp\/v2\/product_cat?post=1691"},{"taxonomy":"product_tag","embeddable":true,"href":"https:\/\/qmanndiving.com\/pt-pt\/wp-json\/wp\/v2\/product_tag?post=1691"}],"curies":[{"name":"wp","href":"https:\/\/api.w.org\/{rel}","templated":true}]}}