{"id":949,"date":"2018-08-22T09:59:25","date_gmt":"2018-08-22T09:59:25","guid":{"rendered":"http:\/\/qmanndiving.com\/pt-pt\/terms-and-conditions\/"},"modified":"2019-02-26T12:34:39","modified_gmt":"2019-02-26T12:34:39","slug":"terms-and-conditions","status":"publish","type":"page","link":"https:\/\/qmanndiving.com\/pt-pt\/terms-and-conditions\/","title":{"rendered":"Termos e Condi\u00e7\u00f5es"},"content":{"rendered":"<p>[vc_row][vc_column][vc_column_text]<\/p>\n<p><strong>Termos e Condi\u00e7\u00f5es DE USO<\/strong><\/p>\n<p><strong>-Isso \u00e9 importante e afeta seus direitos legais, portanto, leia-os e nossos outros termos mencionados neste documento cuidadosamente.<\/strong><\/p>\n<p><strong>-Os seguintes termos e condi\u00e7\u00f5es estabelecem a base sobre a qual todos os treinamentos, cursos, reservas de mergulho, venda de mercadorias e servi\u00e7os s\u00e3o vendidos e \/ ou feitos por Dimitri Lionel Baeten &#8220;Qmann Diving&#8221;, (&#8220;N\u00f3s&#8221;, &#8220;N\u00f3s&#8221;, &#8220;Nossos \u201d,\u201c A Empresa \u201d), para e \/ ou com o comprador, (\u201c Voc\u00ea \u201d,\u201c Seu \u201d), em Nossos sites (\u201c o Site \u201d), por Telefone ou pessoalmente no Centro de Mergulho.<\/strong><\/p>\n<p><strong>-Estes termos e condi\u00e7\u00f5es, juntamente com a nossa Pol\u00edtica de Privacidade e qualquer forma de pedido ou instru\u00e7\u00f5es de pagamento compreendem todo o acordo entre Voc\u00ea e N\u00f3s em rela\u00e7\u00e3o a cada venda, por exemplo, curso ou reserva de mergulho ou aluguel de equipamentos de mergulho.<\/strong><\/p>\n<p><strong>&#8211; Ao fazer uma reserva atrav\u00e9s do site, por telefone, e-mail ou pessoalmente, voc\u00ea concorda em ficar vinculado a estes termos e condi\u00e7\u00f5es.<\/strong><\/p>\n<p><strong>&#8211; Ao fazer uma reserva, voc\u00ea reconhece que n\u00e3o se baseou em nenhuma declara\u00e7\u00e3o, garantia ou representa\u00e7\u00e3o al\u00e9m daquelas feitas nestes termos e condi\u00e7\u00f5es, nossa Pol\u00edtica de Privacidade, qualquer formul\u00e1rio de pedido, formul\u00e1rio de dados, formul\u00e1rio de declara\u00e7\u00e3o m\u00e9dica, formul\u00e1rio de isen\u00e7\u00e3o de responsabilidade, formul\u00e1rio de contrato de loca\u00e7\u00e3o ou quaisquer instru\u00e7\u00f5es de pagamento.<\/strong><\/p>\n<p><strong>Reservas de cursos<\/strong><\/p>\n<p><strong>-Todos os mergulhadores listados na reserva do Curso ser\u00e3o inclu\u00eddos na reserva e as taxas ser\u00e3o aplicadas a todos os espa\u00e7os reservados.<\/strong><\/p>\n<p><strong>-Um dep\u00f3sito ou valor total ser\u00e1 cobrado no momento da reserva para confirmar a reserva.<\/strong><\/p>\n<p><strong>&#8211; Os candidatos que utilizarem o equipamento de Dimitri Lionel Baeten &#8220;Qmann Diving&#8221; para qualquer curso ou mergulho s\u00e3o respons\u00e1veis \u200b\u200bpor esse equipamento e ser\u00e3o cobrados integralmente por qualquer perda ou dano causado.<\/strong><\/p>\n<p><strong>Os candidatos n\u00e3o podem participar de atividades de mergulho sem uma declara\u00e7\u00e3o m\u00e9dica satisfat\u00f3ria e declara\u00e7\u00e3o de entendimento e assun\u00e7\u00e3o de risco e forma de isen\u00e7\u00e3o de responsabilidade. Quaisquer atrasos causados \u200b\u200bao curso pelo n\u00e3o preenchimento desses requisitos administrativos e m\u00e9dicos ser\u00e3o cobrados com a taxa de sess\u00e3o perdida atual.<\/strong><\/p>\n<p><strong>-Qualquer n\u00e3o comparecimento de sess\u00f5es agendadas ser\u00e1 cobrado na taxa de sess\u00e3o perdida atual.<\/strong><\/p>\n<p><strong>-Se os clientes n\u00e3o cumprirem os requisitos de desempenho em qualquer sess\u00e3o de desenvolvimento de mergulho ou conhecimento, a crit\u00e9rio exclusivo do instrutor, Dimitri Lionel Baeten &#8220;Qmann Diving&#8221; reserva-se o direito de cobrar por repetir aquele mergulho ou sess\u00e3o, a taxa para isto ser\u00e1 com base na atual taxa de sess\u00e3o perdida e depende da natureza do mergulho ou da sess\u00e3o perdida.<\/strong><\/p>\n<p><strong>Nem Dimitri Lionel Baeten &#8220;Qmann Diving&#8221; seus funcion\u00e1rios ou contratados podem ser responsabilizados por danos ou perda de qualquer equipamento pessoal causado antes, durante ou ap\u00f3s quaisquer atividades ou cursos de mergulho.<\/strong><\/p>\n<p>&nbsp;<\/p>\n<p><strong>Pagamentos<\/strong><\/p>\n<p><strong>O pagamento \u00e9 feito no momento da reserva caso em que \u00e9 necess\u00e1rio enviar o respectivo e-mail para info@qmanndiving.com.<\/strong><\/p>\n<p><strong>No momento da sua inscri\u00e7\u00e3o \/ reserva, o Cliente assume alguns compromissos com a Dimitri Lionel Baeten &#8220;Qmann Diving&#8221;:<\/strong><\/p>\n<p><strong>Ter tomado conhecimento e aceitar estes Termos e Condi\u00e7\u00f5es de participa\u00e7\u00e3o, bem como a atividade em que o Cliente subscreve, o que constitui as condi\u00e7\u00f5es particulares de participa\u00e7\u00e3o na atividade.<\/strong><\/p>\n<p>&nbsp;<\/p>\n<p><strong>Cancelamentos de cursos feitos por voc\u00ea: <\/strong><\/p>\n<p><strong>Voc\u00ea tem o direito de cancelar seu curso a qualquer momento. Todos os cancelamentos podem ser feitos pelos seguintes m\u00e9todos, enviando um email para info@qmanndiving.com. O cancelamento entrar\u00e1 em vigor a partir do dia em que este aviso for recebido e o recebimento ser\u00e1 confirmado por escrito via mensagem de texto ou e-mail. <\/strong><\/p>\n<p><strong>As taxas de cancelamento ser\u00e3o cobradas como uma porcentagem do pre\u00e7o do dep\u00f3sito, dependendo do n\u00famero de dias antes do curso no qual o aviso de cancelamento foi recebido.<\/strong><\/p>\n<p><strong>Os seguintes encargos de cancelamento ser\u00e3o aplicados:<\/strong><\/p>\n<p><strong>-Mais de 30 dias: 25%<\/strong><\/p>\n<p><strong>-entre 14 e 29 dias: 50% <\/strong><\/p>\n<p><strong>-entre 0 e 13 dias: 100%<\/strong><\/p>\n<p><strong>\u00a0<\/strong><\/p>\n<p><strong>Altera\u00e7\u00f5es feitas por n\u00f3s:<\/strong><\/p>\n<p><strong>&#8211; \u00c9 improv\u00e1vel que tenhamos que fazer qualquer altera\u00e7\u00e3o nos seus planos de curso. Ocasionalmente, podemos ter que fazer altera\u00e7\u00f5es (por exemplo, uma mudan\u00e7a de instrutor pode ser necess\u00e1ria ou um site de mergulho para treinamento) e nos reservamos o direito de faz\u00ea-lo a qualquer momento.<\/strong><\/p>\n<p><strong>-N\u00f3s tamb\u00e9m nos reservamos o direito de cancelar o seu curso. Por exemplo, se todos os instrutores n\u00e3o puderem mergulhar ou o tempo estiver ruim para permitir o mergulho, talvez tenhamos que cancel\u00e1-lo. No entanto, nesse caso, Dimitri Lionel Baeten &#8220;Qmann Diving&#8221; pode reprogramar seu curso reservado para outro curso planejado no futuro, se dispon\u00edvel.<\/strong><\/p>\n<p><strong>OBSERVA\u00c7\u00c3O IMPORTANTE: Reembolsos ou pagamentos de compensa\u00e7\u00e3o n\u00e3o se aplicam se tivermos que reprogramar seu curso ou para circunst\u00e2ncias fora de nosso controle (for\u00e7a maior). Podemos cancelar seu curso nas seguintes circunst\u00e2ncias: guerra, amea\u00e7a de guerra, dist\u00farbios, conflitos civis ou atividades terroristas, disputas industriais, desastres naturais ou nucleares, inc\u00eandios, problemas t\u00e9cnicos com transporte, problemas t\u00e9cnicos em geral, fechamento de aeroportos, condi\u00e7\u00f5es clim\u00e1ticas adversas e eventos similares al\u00e9m do nosso controle.<\/strong><\/p>\n<p><strong>-Quaisquer despesas incorridas durante o curso resultar\u00e3o na suspens\u00e3o do treinamento e na reten\u00e7\u00e3o da certifica\u00e7\u00e3o at\u00e9 o pagamento integral. O Dimitri Lionel Baeten &#8220;Qmann Diving&#8221; reserva-se o direito de cobrar taxas pendentes no cart\u00e3o de cr\u00e9dito \/ d\u00e9bito do cliente.<\/strong><strong>\u00a0<\/strong><\/p>\n<p><strong>-Dimitri Lionel Baeten &#8220;Qmann Diving&#8221; se reserva o direito de cobrar uma taxa de administra\u00e7\u00e3o para quaisquer altera\u00e7\u00f5es \u00e0s sess\u00f5es programadas em um curso reservado que s\u00e3o solicitadas pelo cliente. Esta taxa pode ser cobrada em adi\u00e7\u00e3o a uma taxa de sess\u00e3o perdida, a crit\u00e9rio de Dimitri Lionel Baeten &#8220;Qmann Diving&#8221;.<\/strong><\/p>\n<p><strong>-Todos os cursos devem ser iniciados dentro de 6 meses da reserva, a menos que por acordo pr\u00e9vio de Dimitri Lionel Baeten &#8220;Qmann Diving&#8221;, cursos n\u00e3o iniciados dentro de 6 meses da reserva ser\u00e1 perder todas as taxas pagas.<\/strong><\/p>\n<p><strong>Os candidatos concordam em cumprir as regras e decis\u00f5es de Dimitri Lionel Baeten &#8220;Qmann Diving&#8221;, seus funcion\u00e1rios e subcontratados em todas as quest\u00f5es de treinamento de mergulhadores.<\/strong><\/p>\n<p><strong>Nenhum reembolso ap\u00f3s o curso ter come\u00e7ado!<\/strong><\/p>\n<p><strong>\u00a0<\/strong><\/p>\n<p><strong>Reservas de viagem de mergulho:<\/strong><\/p>\n<p><strong>&#8211; Todos os mergulhadores listados numa reserva de mergulho em terra ser\u00e3o inclu\u00eddos na reserva e as taxas ser\u00e3o aplicadas a todos os espa\u00e7os reservados.<\/strong><\/p>\n<p><strong>&#8211; Um dep\u00f3sito ou valor total ser\u00e1 cobrado no momento da reserva para confirmar a reserva.<\/strong><\/p>\n<p><strong>-O Centro de Mergulho se reserva o direito de mudar de local sem aviso pr\u00e9vio, devido ao clima, adequa\u00e7\u00e3o de seguran\u00e7a ou qualquer outro motivo.<\/strong><\/p>\n<p>&nbsp;<\/p>\n<p><strong>Pagamentos<\/strong><\/p>\n<p><strong>O pagamento \u00e9 efectuado no momento da reserva, podendo ser feito por transfer\u00eancia banc\u00e1ria, caso em que \u00e9 necess\u00e1rio enviar o respectivo e-mail para info @ qmanndiving.com<\/strong><\/p>\n<p><strong>No momento da sua inscri\u00e7\u00e3o \/ reserva, o Cliente assume alguns compromissos com a Dimitri Lionel Baeten &#8220;Qmann Diving&#8221;:<\/strong><\/p>\n<p><strong>Ter tomado conhecimento e aceitar estes Termos e Condi\u00e7\u00f5es de participa\u00e7\u00e3o, bem como a atividade em que o Cliente subscreve, o que constitui as condi\u00e7\u00f5es particulares de participa\u00e7\u00e3o na atividade.<\/strong><\/p>\n<p><strong>Que est\u00e1 em condi\u00e7\u00f5es de sa\u00fade adequadas para a atividade em que a natureza da atividade \u00e9 inscrita e aceita, nomeadamente os riscos decorrentes da impossibilidade de acesso imediato a cuidados m\u00e9dicos.<\/strong><\/p>\n<p><strong>Quem est\u00e1 ciente do tipo de demandas f\u00edsicas e psicol\u00f3gicas que a atividade envolve e que podem levar a situa\u00e7\u00f5es imprevistas.<\/strong><\/p>\n<p><strong>\u00a0<\/strong><\/p>\n<p><strong>Cancelamentos feitos por voc\u00ea:<\/strong><\/p>\n<p><strong>\u00a0Voc\u00ea tem o direito de cancelar sua viagem de mergulho a qualquer momento. Todos os cancelamentos podem ser feitos pelo seguinte m\u00e9todo, enviando um email para info@qmanndiving.com. O cancelamento entrar\u00e1 em vigor a partir do dia em que este aviso for recebido e o recebimento ser\u00e1 confirmado por escrito por e-mail.<\/strong><\/p>\n<p><strong>As taxas de cancelamento ser\u00e3o cobradas como uma porcentagem do pre\u00e7o do dep\u00f3sito, dependendo do n\u00famero de dias antes do curso no qual o aviso de cancelamento foi recebido. <\/strong><\/p>\n<p><strong>\u00a0<\/strong><\/p>\n<p><strong>Os seguintes encargos de cancelamento ser\u00e3o aplicados:<\/strong><\/p>\n<p><strong>\u00a0<\/strong><\/p>\n<p><strong>-Mais de 30 dias: 25% <\/strong><\/p>\n<p><strong>-entre 14 e 29 dias: 50% <\/strong><\/p>\n<p><strong>-entre 0 e 13 dias: 100%<\/strong><\/p>\n<p>&nbsp;<\/p>\n<p><strong>Altera\u00e7\u00f5es feitas por n\u00f3s:<\/strong><\/p>\n<p><strong>&#8211; \u00c9 improv\u00e1vel que tenhamos que fazer qualquer altera\u00e7\u00e3o nos seus planos de viagem de mergulho. Ocasionalmente, podemos ter que fazer altera\u00e7\u00f5es (por exemplo, a altera\u00e7\u00e3o do site de mergulho pode ser necess\u00e1ria) e nos reservamos o direito de faz\u00ea-lo a qualquer momento.<\/strong><\/p>\n<p><strong>\u00a0<\/strong><\/p>\n<p><strong>&#8211; NOTA IMPORTANTE: Reembolsos ou pagamentos de compensa\u00e7\u00e3o n\u00e3o se aplicam a circunst\u00e2ncias fora do nosso controle (for\u00e7a maior). Podemos cancelar sua viagem de mergulho nas seguintes circunst\u00e2ncias: guerra, amea\u00e7a de guerra, dist\u00farbios, conflitos civis ou atividades terroristas, disputas industriais, desastres naturais ou nucleares, inc\u00eandios, problemas t\u00e9cnicos com transporte, fechamento de aeroportos, condi\u00e7\u00f5es clim\u00e1ticas adversas e eventos similares nosso controle.<\/strong><strong>\u00a0<\/strong><\/p>\n<p><strong>-Dimitri Lionel Baeten &#8220;Qmann Diving&#8221; reserva-se o direito de recusar mergulhadores a mergulhar se, na opini\u00e3o do Centro de Mergulho, o mergulhador n\u00e3o for adequado para o mergulho escolhido por qualquer motivo. Neste caso, o mergulhador ser\u00e1 respons\u00e1vel pela carga total do mergulho.<\/strong><\/p>\n<p><strong>\u00a0<\/strong><\/p>\n<p><strong>-Em todos os assuntos relacionados com a reserva de viagem de mergulho; A decis\u00e3o do Centro de Mergulho \u00e9 final.<\/strong><\/p>\n<p><strong>\u00a0<\/strong><\/p>\n<p><strong>-Todos os mergulhadores concordam em cumprir as Pr\u00e1ticas de Mergulho do Centro de Mergulho em todos os momentos, uma c\u00f3pia do que est\u00e1 dispon\u00edvel mediante pedido, a decis\u00e3o do centro sobre qualquer assunto de mergulho \u00e9 final.<\/strong><\/p>\n<p><strong>-Os mergulhadores que utilizam equipamento de Dimitri Lionel Baeten &#8220;Qmann Diving&#8221; para quaisquer atividades ou cursos de mergulho s\u00e3o respons\u00e1veis \u200b\u200bpor esse equipamento e ser\u00e3o cobrados integralmente por qualquer perda ou dano causado.<\/strong><\/p>\n<p><strong>\u00a0<\/strong><\/p>\n<p><strong>De outros<\/strong><\/p>\n<p><strong>-Dimitri Lionel Baeten &#8220;Qmann Diving&#8221; n\u00e3o aceita NENHUMA RESPONSABILIDADE por perdas ou danos a propriedades pessoais, incluindo equipamento de mergulho, e qualquer equipamento deixado no local de mergulho ou no centro de mergulho.<\/strong><\/p>\n<p>[\/vc_column_text][\/vc_column][\/vc_row]<\/p>\n","protected":false},"excerpt":{"rendered":"<p>[vc_row][vc_column][vc_column_text] Termos e Condi\u00e7\u00f5es DE USO -Isso \u00e9 importante e afeta seus direitos legais, portanto, leia-os e nossos outros termos&hellip;<\/p>\n","protected":false},"author":1,"featured_media":0,"parent":0,"menu_order":0,"comment_status":"closed","ping_status":"closed","template":"","meta":{"_acf_changed":false,"footnotes":""},"class_list":["post-949","page","type-page","status-publish","hentry"],"acf":[],"yoast_head":"<!-- This site is optimized with the Yoast SEO plugin v26.1.1 - https:\/\/yoast.com\/wordpress\/plugins\/seo\/ -->\n<title>Termos e Condi\u00e7\u00f5es - Qmann Diving- dive centers in the Azores<\/title>\n<meta name=\"robots\" content=\"index, follow, max-snippet:-1, max-image-preview:large, max-video-preview:-1\" \/>\n<link rel=\"canonical\" href=\"https:\/\/qmanndiving.com\/pt-pt\/terms-and-conditions\/\" \/>\n<meta property=\"og:locale\" content=\"pt_PT\" \/>\n<meta property=\"og:type\" content=\"article\" \/>\n<meta property=\"og:title\" content=\"Termos e Condi\u00e7\u00f5es - Qmann Diving- dive centers in the Azores\" \/>\n<meta property=\"og:description\" content=\"[vc_row][vc_column][vc_column_text] Termos e Condi\u00e7\u00f5es DE USO -Isso \u00e9 importante e afeta seus direitos legais, portanto, leia-os e nossos outros termos&hellip;\" \/>\n<meta property=\"og:url\" content=\"https:\/\/qmanndiving.com\/pt-pt\/terms-and-conditions\/\" \/>\n<meta property=\"og:site_name\" content=\"Qmann Diving- dive centers in the Azores\" \/>\n<meta property=\"article:publisher\" content=\"https:\/\/www.facebook.com\/pages\/category\/Scuba-Diving-Center\/Qmann-Diving-dive-center-Azores-276319169682383\/\" \/>\n<meta property=\"article:modified_time\" content=\"2019-02-26T12:34:39+00:00\" \/>\n<meta name=\"twitter:card\" content=\"summary_large_image\" \/>\n<meta name=\"twitter:label1\" content=\"Tempo estimado de leitura\" \/>\n\t<meta name=\"twitter:data1\" content=\"9 minutos\" \/>\n<script type=\"application\/ld+json\" class=\"yoast-schema-graph\">{\"@context\":\"https:\/\/schema.org\",\"@graph\":[{\"@type\":\"WebPage\",\"@id\":\"https:\/\/qmanndiving.com\/pt-pt\/terms-and-conditions\/\",\"url\":\"https:\/\/qmanndiving.com\/pt-pt\/terms-and-conditions\/\",\"name\":\"Termos e Condi\u00e7\u00f5es - Qmann Diving- dive centers in the Azores\",\"isPartOf\":{\"@id\":\"https:\/\/qmanndiving.com\/#website\"},\"datePublished\":\"2018-08-22T09:59:25+00:00\",\"dateModified\":\"2019-02-26T12:34:39+00:00\",\"breadcrumb\":{\"@id\":\"https:\/\/qmanndiving.com\/pt-pt\/terms-and-conditions\/#breadcrumb\"},\"inLanguage\":\"pt-PT\",\"potentialAction\":[{\"@type\":\"ReadAction\",\"target\":[\"https:\/\/qmanndiving.com\/pt-pt\/terms-and-conditions\/\"]}]},{\"@type\":\"BreadcrumbList\",\"@id\":\"https:\/\/qmanndiving.com\/pt-pt\/terms-and-conditions\/#breadcrumb\",\"itemListElement\":[{\"@type\":\"ListItem\",\"position\":1,\"name\":\"In\u00edcio\",\"item\":\"https:\/\/qmanndiving.com\/pt-pt\/\"},{\"@type\":\"ListItem\",\"position\":2,\"name\":\"Termos e Condi\u00e7\u00f5es\"}]},{\"@type\":\"WebSite\",\"@id\":\"https:\/\/qmanndiving.com\/#website\",\"url\":\"https:\/\/qmanndiving.com\/\",\"name\":\"Qmann Diving - centro de mergulho nos A\u00e7ores\",\"description\":\"Qmann Diving is a fully SSI certified dive centre operating at Terceira island, one of the finest island in the Azores, offering you private or small groups (max. 4) diving and courses, our goal is Quality.\",\"publisher\":{\"@id\":\"https:\/\/qmanndiving.com\/#organization\"},\"potentialAction\":[{\"@type\":\"SearchAction\",\"target\":{\"@type\":\"EntryPoint\",\"urlTemplate\":\"https:\/\/qmanndiving.com\/?s={search_term_string}\"},\"query-input\":{\"@type\":\"PropertyValueSpecification\",\"valueRequired\":true,\"valueName\":\"search_term_string\"}}],\"inLanguage\":\"pt-PT\"},{\"@type\":\"Organization\",\"@id\":\"https:\/\/qmanndiving.com\/#organization\",\"name\":\"Qmann Diving\",\"url\":\"https:\/\/qmanndiving.com\/\",\"logo\":{\"@type\":\"ImageObject\",\"inLanguage\":\"pt-PT\",\"@id\":\"https:\/\/qmanndiving.com\/#\/schema\/logo\/image\/\",\"url\":\"https:\/\/qmanndiving.com\/wp-content\/uploads\/logo_qman_diving_1.png\",\"contentUrl\":\"https:\/\/qmanndiving.com\/wp-content\/uploads\/logo_qman_diving_1.png\",\"width\":650,\"height\":350,\"caption\":\"Qmann Diving\"},\"image\":{\"@id\":\"https:\/\/qmanndiving.com\/#\/schema\/logo\/image\/\"},\"sameAs\":[\"https:\/\/www.facebook.com\/pages\/category\/Scuba-Diving-Center\/Qmann-Diving-dive-center-Azores-276319169682383\/\"]}]}<\/script>\n<!-- \/ Yoast SEO plugin. -->","yoast_head_json":{"title":"Termos e Condi\u00e7\u00f5es - Qmann Diving- dive centers in the Azores","robots":{"index":"index","follow":"follow","max-snippet":"max-snippet:-1","max-image-preview":"max-image-preview:large","max-video-preview":"max-video-preview:-1"},"canonical":"https:\/\/qmanndiving.com\/pt-pt\/terms-and-conditions\/","og_locale":"pt_PT","og_type":"article","og_title":"Termos e Condi\u00e7\u00f5es - Qmann Diving- dive centers in the Azores","og_description":"[vc_row][vc_column][vc_column_text] Termos e Condi\u00e7\u00f5es DE USO -Isso \u00e9 importante e afeta seus direitos legais, portanto, leia-os e nossos outros termos&hellip;","og_url":"https:\/\/qmanndiving.com\/pt-pt\/terms-and-conditions\/","og_site_name":"Qmann Diving- dive centers in the Azores","article_publisher":"https:\/\/www.facebook.com\/pages\/category\/Scuba-Diving-Center\/Qmann-Diving-dive-center-Azores-276319169682383\/","article_modified_time":"2019-02-26T12:34:39+00:00","twitter_card":"summary_large_image","twitter_misc":{"Tempo estimado de leitura":"9 minutos"},"schema":{"@context":"https:\/\/schema.org","@graph":[{"@type":"WebPage","@id":"https:\/\/qmanndiving.com\/pt-pt\/terms-and-conditions\/","url":"https:\/\/qmanndiving.com\/pt-pt\/terms-and-conditions\/","name":"Termos e Condi\u00e7\u00f5es - Qmann Diving- dive centers in the Azores","isPartOf":{"@id":"https:\/\/qmanndiving.com\/#website"},"datePublished":"2018-08-22T09:59:25+00:00","dateModified":"2019-02-26T12:34:39+00:00","breadcrumb":{"@id":"https:\/\/qmanndiving.com\/pt-pt\/terms-and-conditions\/#breadcrumb"},"inLanguage":"pt-PT","potentialAction":[{"@type":"ReadAction","target":["https:\/\/qmanndiving.com\/pt-pt\/terms-and-conditions\/"]}]},{"@type":"BreadcrumbList","@id":"https:\/\/qmanndiving.com\/pt-pt\/terms-and-conditions\/#breadcrumb","itemListElement":[{"@type":"ListItem","position":1,"name":"In\u00edcio","item":"https:\/\/qmanndiving.com\/pt-pt\/"},{"@type":"ListItem","position":2,"name":"Termos e Condi\u00e7\u00f5es"}]},{"@type":"WebSite","@id":"https:\/\/qmanndiving.com\/#website","url":"https:\/\/qmanndiving.com\/","name":"Qmann Diving - centro de mergulho nos A\u00e7ores","description":"Qmann Diving is a fully SSI certified dive centre operating at Terceira island, one of the finest island in the Azores, offering you private or small groups (max. 4) diving and courses, our goal is Quality.","publisher":{"@id":"https:\/\/qmanndiving.com\/#organization"},"potentialAction":[{"@type":"SearchAction","target":{"@type":"EntryPoint","urlTemplate":"https:\/\/qmanndiving.com\/?s={search_term_string}"},"query-input":{"@type":"PropertyValueSpecification","valueRequired":true,"valueName":"search_term_string"}}],"inLanguage":"pt-PT"},{"@type":"Organization","@id":"https:\/\/qmanndiving.com\/#organization","name":"Qmann Diving","url":"https:\/\/qmanndiving.com\/","logo":{"@type":"ImageObject","inLanguage":"pt-PT","@id":"https:\/\/qmanndiving.com\/#\/schema\/logo\/image\/","url":"https:\/\/qmanndiving.com\/wp-content\/uploads\/logo_qman_diving_1.png","contentUrl":"https:\/\/qmanndiving.com\/wp-content\/uploads\/logo_qman_diving_1.png","width":650,"height":350,"caption":"Qmann Diving"},"image":{"@id":"https:\/\/qmanndiving.com\/#\/schema\/logo\/image\/"},"sameAs":["https:\/\/www.facebook.com\/pages\/category\/Scuba-Diving-Center\/Qmann-Diving-dive-center-Azores-276319169682383\/"]}]}},"_links":{"self":[{"href":"https:\/\/qmanndiving.com\/pt-pt\/wp-json\/wp\/v2\/pages\/949","targetHints":{"allow":["GET"]}}],"collection":[{"href":"https:\/\/qmanndiving.com\/pt-pt\/wp-json\/wp\/v2\/pages"}],"about":[{"href":"https:\/\/qmanndiving.com\/pt-pt\/wp-json\/wp\/v2\/types\/page"}],"author":[{"embeddable":true,"href":"https:\/\/qmanndiving.com\/pt-pt\/wp-json\/wp\/v2\/users\/1"}],"replies":[{"embeddable":true,"href":"https:\/\/qmanndiving.com\/pt-pt\/wp-json\/wp\/v2\/comments?post=949"}],"version-history":[{"count":13,"href":"https:\/\/qmanndiving.com\/pt-pt\/wp-json\/wp\/v2\/pages\/949\/revisions"}],"predecessor-version":[{"id":1239,"href":"https:\/\/qmanndiving.com\/pt-pt\/wp-json\/wp\/v2\/pages\/949\/revisions\/1239"}],"wp:attachment":[{"href":"https:\/\/qmanndiving.com\/pt-pt\/wp-json\/wp\/v2\/media?parent=949"}],"curies":[{"name":"wp","href":"https:\/\/api.w.org\/{rel}","templated":true}]}}