{"id":927,"date":"2016-10-11T08:28:05","date_gmt":"2016-10-11T08:28:05","guid":{"rendered":"http:\/\/qmanndiving.com\/pt-pt\/home\/"},"modified":"2019-08-27T22:11:12","modified_gmt":"2019-08-27T22:11:12","slug":"home","status":"publish","type":"page","link":"https:\/\/qmanndiving.com\/pt-pt\/","title":{"rendered":"Centro de Mergulho"},"content":{"rendered":"<p>[vc_row full_width=&#8221;stretch_row_content_no_spaces&#8221;][vc_column][rev_slider_vc alias=&#8221;home-pt&#8221;][\/vc_column][\/vc_row][vc_row full_width=&#8221;stretch_row_content_no_spaces&#8221; css=&#8221;.vc_custom_1534164235091{padding-right: 0px !important;padding-left: 0px !important;}&#8221;][vc_column width=&#8221;1\/3&#8243;][vc_single_image image=&#8221;2074&#8243; img_size=&#8221;full&#8221; alignment=&#8221;center&#8221;][vc_single_image image=&#8221;2079&#8243; img_size=&#8221;full&#8221; alignment=&#8221;center&#8221;][\/vc_column][vc_column width=&#8221;2\/3&#8243;][vc_raw_html]JTNDaWZyYW1lJTIwc3JjJTNEJTIyaHR0cHMlM0ElMkYlMkZ3d3cuZ29vZ2xlLmNvbSUyRm1hcHMlMkZlbWJlZCUzRnBiJTNEJTIxMW0xOCUyMTFtMTIlMjExbTMlMjExZDMxMDkuOTgzNzA2NDkyMjM5NCUyMTJkLTI3LjMxODQ5MDI4NDY1MjkxNyUyMTNkMzguNzg3MDA3ODc5NTg3ODc1JTIxMm0zJTIxMWYwJTIxMmYwJTIxM2YwJTIxM20yJTIxMWkxMDI0JTIxMmk3NjglMjE0ZjEzLjElMjEzbTMlMjExbTIlMjExczB4YjQ2NzE4ZmFhMWY3ODFmJTI1M0EweGM0YTcxZDViZjM4MGJhM2QlMjEyc1FtYW5uJTJCRGl2aW5nJTJCZGl2ZSUyQmNlbnRlciUyQkF6b3JlcyUyMTVlMCUyMTNtMiUyMTFzZW4lMjEyc3B0JTIxNHYxNTM5NzcwMzE3MzE5JTIyJTIwd2lkdGglM0QlMjIxMDAlMjUlMjIlMjBoZWlnaHQlM0QlMjI0NTAlMjIlMjBmcmFtZWJvcmRlciUzRCUyMjAlMjIlMjBzdHlsZSUzRCUyMmJvcmRlciUzQTAlMjIlMjBhbGxvd2Z1bGxzY3JlZW4lM0UlM0MlMkZpZnJhbWUlM0U=[\/vc_raw_html][\/vc_column][\/vc_row][vc_row][vc_column css=&#8221;.vc_custom_1560350755030{margin-right: 10px !important;margin-left: 10px !important;}&#8221;][vc_empty_space alter_height=&#8221;small&#8221; hide_on_mobile=&#8221;&#8221;]<div id=\"sc_title_619440812\"\n\t\tclass=\"sc_title sc_title_default cor\"><h3 class=\"sc_item_title sc_title_title sc_align_center sc_item_title_style_title-medium-size-style\">Anda e mergulha conosco<\/h3><\/div><!-- \/.sc_title -->[vc_column_text css=&#8221;.vc_custom_1566943860258{margin-top: 2em !important;margin-bottom: 2em !important;}&#8221;]<\/p>\n<p style=\"text-align: center;\"><strong>O centro de mergulho Qmann Diving \u00e9 totalmente certificado pela <a href=\"https:\/\/www.divessi.com\/pt-IC\/home\/\">SSI<\/a> e est\u00e1 localizado na ilha Terceira, uma das melhores ilhas dos A\u00e7ores. Temos v\u00e1rios tipos de cursos de mergulho.<\/strong><\/p>\n<p style=\"text-align: center;\"><strong>Cursos :<\/strong><\/p>\n<p>[\/vc_column_text][vc_row_inner css=&#8221;.vc_custom_1560351968614{margin-top: 1em !important;margin-bottom: 1em !important;}&#8221;][vc_column_inner width=&#8221;1\/2&#8243;][vc_column_text css=&#8221;.vc_custom_1560354304008{margin-top: 1em !important;margin-bottom: 1em !important;}&#8221;]<\/p>\n<p style=\"text-align: center;\"><strong>Curso de \u00c1gua Aberta<\/strong><\/p>\n<p style=\"text-align: center;\"><strong>Curso de Navega\u00e7\u00e3o<\/strong><\/p>\n<p style=\"text-align: center;\"><strong>Curso de Pesquisa e Recupera\u00e7\u00e3o<\/strong><\/p>\n<p style=\"text-align: center;\"><strong>Curso de Flutuabilidade Perfeita<\/strong><\/p>\n<p style=\"text-align: center;\"><strong>Montagem Lateral Recreativa<\/strong><\/p>\n<p style=\"text-align: center;\"><strong>Curso de Mergulho Profundo<\/strong><\/p>\n<p style=\"text-align: center;\"><strong>Curso de Noite e Visibilidade Limitada<\/strong><\/p>\n<p>[\/vc_column_text][\/vc_column_inner][vc_column_inner width=&#8221;1\/2&#8243;][vc_column_text css=&#8221;.vc_custom_1560354311552{margin-top: 1em !important;margin-bottom: 1em !important;}&#8221;]<\/p>\n<p style=\"text-align: center;\"><strong>Curso de Mergulho Independente<\/strong><\/p>\n<p style=\"text-align: center;\"><strong>Curso de For\u00e7a e Resgate de Mergulhador<\/strong><\/p>\n<p style=\"text-align: center;\"><strong>Reaja direito curso<\/strong><\/p>\n<p style=\"text-align: center;\"><strong>Curso de Ar Nitrox Enriquecido<\/strong><\/p>\n<p style=\"text-align: center;\"><strong>Curso de Ci\u00eancia do Mergulho<\/strong><\/p>\n<p style=\"text-align: center;\"><strong>Curso de mergulho Drysuit<\/strong><\/p>\n<p>[\/vc_column_text][\/vc_column_inner][\/vc_row_inner]<div class=\"sc_item_button sc_button_wrap sc_align_center\"><a href=\"http:\/\/qmanndiving.com\/pt-pt\/courses\/\"\n\t id=\"sc_button_543104002\" \n\tclass=\"sc_button sc_button_default sc_button_size_normal sc_button_icon_left\"\n\t\t><span class=\"sc_button_text\"><span class=\"sc_button_title\">LER MAIS<\/span><\/span><!-- \/.sc_button_text --><\/a><!-- \/.sc_button --><\/div><!-- \/.sc_item_button -->[vc_empty_space hide_on_mobile=&#8221;&#8221;][\/vc_column][\/vc_row][vc_row][vc_column css=&#8221;.vc_custom_1560350755030{margin-right: 10px !important;margin-left: 10px !important;}&#8221;][vc_empty_space alter_height=&#8221;small&#8221; hide_on_mobile=&#8221;&#8221;]<div id=\"sc_title_1520132419\"\n\t\tclass=\"sc_title sc_title_default cor\"><h3 class=\"sc_item_title sc_title_title sc_align_center sc_item_title_style_title-medium-size-style\">SOBRE N\u00d3S<\/h3><\/div><!-- \/.sc_title -->[vc_column_text css=&#8221;.vc_custom_1566943798629{margin-top: 2em !important;margin-bottom: 2em !important;}&#8221;]<\/p>\n<p style=\"text-align: center;\"><strong>Quando come\u00e7amos a mergulhar h\u00e1 40 anos, tivemos um treinamento de mergulho que estava longe do que conhecemos agora e o que queremos passar para os novos mergulhadores como voc\u00ea e muitos outros \u00e9 um conhecimento aprimorado.<\/strong><br \/><strong>Lembre-se da primeira vez na \u00e1gua e ser curioso sobre o que estaria l\u00e1, sendo surpreendido com todas as pequenas coisas, a vida marinha &#8230; Ent\u00e3o, sim, todos n\u00f3s queremos descobrir mais sobre o que est\u00e1 abaixo. Apenas v\u00e1 em frente,\u2026 MERGULHE!<\/strong><br \/><strong>Oferecendo-lhe o melhor equipamento e qualidade, Mares \u00e9 o nosso fornecedor maina e ir\u00e1 fornecer em todas as suas necessidades.<\/strong><br \/><strong>Usamos um compressor de ar de fabrica\u00e7\u00e3o alem\u00e3, primeiro a qualidade apenas para garantir que voc\u00ea esteja seguro.<\/strong><br \/><strong>Mergulho-s\u00e1bio n\u00f3s oferecemos principalmente mergulhos da costa, um em um ou grupos pequenos M\u00e1ximo 4. do b\u00e1sico at\u00e9 o que voc\u00ea pensa \u00e9 confort\u00e1vel. Estamos aqui para ajud\u00e1-lo, ajud\u00e1-lo a encontrar o seu caminho.<br \/><a href=\"https:\/\/qmanndiving.com\">Cursos de mergulho<\/a><br \/><\/strong><\/p>\n<p>[\/vc_column_text][vc_empty_space hide_on_mobile=&#8221;&#8221;][\/vc_column][\/vc_row][vc_row][vc_column css=&#8221;.vc_custom_1560350755030{margin-right: 10px !important;margin-left: 10px !important;}&#8221;][vc_empty_space alter_height=&#8221;small&#8221; hide_on_mobile=&#8221;&#8221;]<div id=\"sc_title_246298744\"\n\t\tclass=\"sc_title sc_title_default cor\"><h3 class=\"sc_item_title sc_title_title sc_align_center sc_item_title_style_title-medium-size-style\">MERGULHO<\/h3><\/div><!-- \/.sc_title -->[vc_row_inner css=&#8221;.vc_custom_1560352051694{margin-top: 1em !important;margin-bottom: 1em !important;}&#8221;][vc_column_inner][vc_column_text css=&#8221;.vc_custom_1560354403679{margin-top: 1em !important;margin-bottom: 1em !important;}&#8221;]<\/p>\n<p style=\"text-align: center;\"><strong>Snorkelling<\/strong><\/p>\n<p style=\"text-align: center;\"><strong>Tente mergulhar<\/strong><\/p>\n<p style=\"text-align: center;\"><strong>Atualizar<\/strong><\/p>\n<p style=\"text-align: center;\"><strong>Tanque \u00fanico de mergulho<\/strong><\/p>\n<p style=\"text-align: center;\"><strong>Lado montar mergulho<\/strong><\/p>\n<p style=\"text-align: center;\"><strong>Conjunto Twin Mergulho<\/strong><\/p>\n<p>[\/vc_column_text][\/vc_column_inner][\/vc_row_inner]<div class=\"sc_item_button sc_button_wrap sc_align_center\"><a href=\"http:\/\/qmanndiving.com\/pt-pt\/diving\/\"\n\t id=\"sc_button_1108956397\" \n\tclass=\"sc_button sc_button_default sc_button_size_normal sc_button_icon_left\"\n\t\t><span class=\"sc_button_text\"><span class=\"sc_button_title\">LER MAIS<\/span><\/span><!-- \/.sc_button_text --><\/a><!-- \/.sc_button --><\/div><!-- \/.sc_item_button -->[vc_empty_space hide_on_mobile=&#8221;&#8221;][vc_column_text css=&#8221;.vc_custom_1560354456503{margin-top: 2em !important;margin-bottom: 2em !important;}&#8221;]<\/p>\n<p style=\"text-align: center;\"><strong>Para aqueles que est\u00e3o interessados em mergulho t\u00e9cnico, entre em contato conosco por e-mail para discutir detalhes.<\/strong><br \/><strong>N\u00f3s misturamos nitrox customizado em at\u00e9 40% e H\u00e9lio \u00e0 sua escolha, e tamb\u00e9m fazemos 100% de transbordamento de O2.<\/strong><\/p>\n<p>[\/vc_column_text]<div class=\"sc_item_button sc_button_wrap sc_align_center\"><a href=\"http:\/\/qmanndiving.com\/pt-pt\/contacts\/\"\n\t id=\"sc_button_1873720907\" \n\tclass=\"sc_button sc_button_default sc_button_size_normal sc_button_icon_left\"\n\t\t><span class=\"sc_button_text\"><span class=\"sc_button_title\">CONTATO<\/span><\/span><!-- \/.sc_button_text --><\/a><!-- \/.sc_button --><\/div><!-- \/.sc_item_button -->[vc_empty_space hide_on_mobile=&#8221;&#8221;][\/vc_column][\/vc_row]<\/p>\n","protected":false},"excerpt":{"rendered":"<p>[vc_row full_width=&#8221;stretch_row_content_no_spaces&#8221;][vc_column][rev_slider_vc alias=&#8221;home-pt&#8221;][\/vc_column][\/vc_row][vc_row full_width=&#8221;stretch_row_content_no_spaces&#8221; css=&#8221;.vc_custom_1534164235091{padding-right: 0px !important;padding-left: 0px !important;}&#8221;][vc_column width=&#8221;1\/3&#8243;][vc_single_image image=&#8221;2074&#8243; img_size=&#8221;full&#8221; alignment=&#8221;center&#8221;][vc_single_image image=&#8221;2079&#8243; img_size=&#8221;full&#8221; alignment=&#8221;center&#8221;][\/vc_column][vc_column width=&#8221;2\/3&#8243;][vc_raw_html]JTNDaWZyYW1lJTIwc3JjJTNEJTIyaHR0cHMlM0ElMkYlMkZ3d3cuZ29vZ2xlLmNvbSUyRm1hcHMlMkZlbWJlZCUzRnBiJTNEJTIxMW0xOCUyMTFtMTIlMjExbTMlMjExZDMxMDkuOTgzNzA2NDkyMjM5NCUyMTJkLTI3LjMxODQ5MDI4NDY1MjkxNyUyMTNkMzguNzg3MDA3ODc5NTg3ODc1JTIxMm0zJTIxMWYwJTIxMmYwJTIxM2YwJTIxM20yJTIxMWkxMDI0JTIxMmk3NjglMjE0ZjEzLjElMjEzbTMlMjExbTIlMjExczB4YjQ2NzE4ZmFhMWY3ODFmJTI1M0EweGM0YTcxZDViZjM4MGJhM2QlMjEyc1FtYW5uJTJCRGl2aW5nJTJCZGl2ZSUyQmNlbnRlciUyQkF6b3JlcyUyMTVlMCUyMTNtMiUyMTFzZW4lMjEyc3B0JTIxNHYxNTM5NzcwMzE3MzE5JTIyJTIwd2lkdGglM0QlMjIxMDAlMjUlMjIlMjBoZWlnaHQlM0QlMjI0NTAlMjIlMjBmcmFtZWJvcmRlciUzRCUyMjAlMjIlMjBzdHlsZSUzRCUyMmJvcmRlciUzQTAlMjIlMjBhbGxvd2Z1bGxzY3JlZW4lM0UlM0MlMkZpZnJhbWUlM0U=[\/vc_raw_html][\/vc_column][\/vc_row][vc_row][vc_column css=&#8221;.vc_custom_1560350755030{margin-right: 10px !important;margin-left:&hellip;<\/p>\n","protected":false},"author":1,"featured_media":0,"parent":0,"menu_order":0,"comment_status":"closed","ping_status":"closed","template":"","meta":{"_acf_changed":false,"footnotes":""},"class_list":["post-927","page","type-page","status-publish","hentry"],"acf":[],"yoast_head":"<!-- This site is optimized with the Yoast SEO plugin v26.1.1 - https:\/\/yoast.com\/wordpress\/plugins\/seo\/ -->\n<title>Cursos de mergulho - Qmann Diving- dive centers in the Azores<\/title>\n<meta name=\"description\" content=\"O Qmann Diving \u00e9 um centro de mergulho totalmente certificado pela SSI, cursos de mergulho, que opera na ilha Terceira, uma das melhores ilhas dos A\u00e7ores.\" \/>\n<meta name=\"robots\" content=\"index, follow, max-snippet:-1, max-image-preview:large, max-video-preview:-1\" \/>\n<link rel=\"canonical\" href=\"https:\/\/qmanndiving.com\/pt-pt\/\" \/>\n<meta property=\"og:locale\" content=\"pt_PT\" \/>\n<meta property=\"og:type\" content=\"article\" \/>\n<meta property=\"og:title\" content=\"Cursos de mergulho - Qmann Diving- dive centers in the Azores\" \/>\n<meta property=\"og:description\" content=\"O Qmann Diving \u00e9 um centro de mergulho totalmente certificado pela SSI, cursos de mergulho, que opera na ilha Terceira, uma das melhores ilhas dos A\u00e7ores.\" \/>\n<meta property=\"og:url\" content=\"https:\/\/qmanndiving.com\/pt-pt\/\" \/>\n<meta property=\"og:site_name\" content=\"Qmann Diving- dive centers in the Azores\" \/>\n<meta property=\"article:publisher\" content=\"https:\/\/www.facebook.com\/pages\/category\/Scuba-Diving-Center\/Qmann-Diving-dive-center-Azores-276319169682383\/\" \/>\n<meta property=\"article:modified_time\" content=\"2019-08-27T22:11:12+00:00\" \/>\n<meta name=\"twitter:card\" content=\"summary_large_image\" \/>\n<meta name=\"twitter:label1\" content=\"Tempo estimado de leitura\" \/>\n\t<meta name=\"twitter:data1\" content=\"4 minutos\" \/>\n<script type=\"application\/ld+json\" class=\"yoast-schema-graph\">{\"@context\":\"https:\/\/schema.org\",\"@graph\":[{\"@type\":\"WebPage\",\"@id\":\"https:\/\/qmanndiving.com\/pt-pt\/\",\"url\":\"https:\/\/qmanndiving.com\/pt-pt\/\",\"name\":\"Cursos de mergulho - Qmann Diving- dive centers in the Azores\",\"isPartOf\":{\"@id\":\"https:\/\/qmanndiving.com\/#website\"},\"datePublished\":\"2016-10-11T08:28:05+00:00\",\"dateModified\":\"2019-08-27T22:11:12+00:00\",\"description\":\"O Qmann Diving \u00e9 um centro de mergulho totalmente certificado pela SSI, cursos de mergulho, que opera na ilha Terceira, uma das melhores ilhas dos A\u00e7ores.\",\"breadcrumb\":{\"@id\":\"https:\/\/qmanndiving.com\/pt-pt\/#breadcrumb\"},\"inLanguage\":\"pt-PT\",\"potentialAction\":[{\"@type\":\"ReadAction\",\"target\":[\"https:\/\/qmanndiving.com\/pt-pt\/\"]}]},{\"@type\":\"BreadcrumbList\",\"@id\":\"https:\/\/qmanndiving.com\/pt-pt\/#breadcrumb\",\"itemListElement\":[{\"@type\":\"ListItem\",\"position\":1,\"name\":\"In\u00edcio\",\"item\":\"https:\/\/qmanndiving.com\/pt-pt\/\"},{\"@type\":\"ListItem\",\"position\":2,\"name\":\"Centro de Mergulho\"}]},{\"@type\":\"WebSite\",\"@id\":\"https:\/\/qmanndiving.com\/#website\",\"url\":\"https:\/\/qmanndiving.com\/\",\"name\":\"Qmann Diving - centro de mergulho nos A\u00e7ores\",\"description\":\"Qmann Diving is a fully SSI certified dive centre operating at Terceira island, one of the finest island in the Azores, offering you private or small groups (max. 4) diving and courses, our goal is Quality.\",\"publisher\":{\"@id\":\"https:\/\/qmanndiving.com\/#organization\"},\"potentialAction\":[{\"@type\":\"SearchAction\",\"target\":{\"@type\":\"EntryPoint\",\"urlTemplate\":\"https:\/\/qmanndiving.com\/?s={search_term_string}\"},\"query-input\":{\"@type\":\"PropertyValueSpecification\",\"valueRequired\":true,\"valueName\":\"search_term_string\"}}],\"inLanguage\":\"pt-PT\"},{\"@type\":\"Organization\",\"@id\":\"https:\/\/qmanndiving.com\/#organization\",\"name\":\"Qmann Diving\",\"url\":\"https:\/\/qmanndiving.com\/\",\"logo\":{\"@type\":\"ImageObject\",\"inLanguage\":\"pt-PT\",\"@id\":\"https:\/\/qmanndiving.com\/#\/schema\/logo\/image\/\",\"url\":\"https:\/\/qmanndiving.com\/wp-content\/uploads\/logo_qman_diving_1.png\",\"contentUrl\":\"https:\/\/qmanndiving.com\/wp-content\/uploads\/logo_qman_diving_1.png\",\"width\":650,\"height\":350,\"caption\":\"Qmann Diving\"},\"image\":{\"@id\":\"https:\/\/qmanndiving.com\/#\/schema\/logo\/image\/\"},\"sameAs\":[\"https:\/\/www.facebook.com\/pages\/category\/Scuba-Diving-Center\/Qmann-Diving-dive-center-Azores-276319169682383\/\"]}]}<\/script>\n<!-- \/ Yoast SEO plugin. -->","yoast_head_json":{"title":"Cursos de mergulho - Qmann Diving- dive centers in the Azores","description":"O Qmann Diving \u00e9 um centro de mergulho totalmente certificado pela SSI, cursos de mergulho, que opera na ilha Terceira, uma das melhores ilhas dos A\u00e7ores.","robots":{"index":"index","follow":"follow","max-snippet":"max-snippet:-1","max-image-preview":"max-image-preview:large","max-video-preview":"max-video-preview:-1"},"canonical":"https:\/\/qmanndiving.com\/pt-pt\/","og_locale":"pt_PT","og_type":"article","og_title":"Cursos de mergulho - Qmann Diving- dive centers in the Azores","og_description":"O Qmann Diving \u00e9 um centro de mergulho totalmente certificado pela SSI, cursos de mergulho, que opera na ilha Terceira, uma das melhores ilhas dos A\u00e7ores.","og_url":"https:\/\/qmanndiving.com\/pt-pt\/","og_site_name":"Qmann Diving- dive centers in the Azores","article_publisher":"https:\/\/www.facebook.com\/pages\/category\/Scuba-Diving-Center\/Qmann-Diving-dive-center-Azores-276319169682383\/","article_modified_time":"2019-08-27T22:11:12+00:00","twitter_card":"summary_large_image","twitter_misc":{"Tempo estimado de leitura":"4 minutos"},"schema":{"@context":"https:\/\/schema.org","@graph":[{"@type":"WebPage","@id":"https:\/\/qmanndiving.com\/pt-pt\/","url":"https:\/\/qmanndiving.com\/pt-pt\/","name":"Cursos de mergulho - Qmann Diving- dive centers in the Azores","isPartOf":{"@id":"https:\/\/qmanndiving.com\/#website"},"datePublished":"2016-10-11T08:28:05+00:00","dateModified":"2019-08-27T22:11:12+00:00","description":"O Qmann Diving \u00e9 um centro de mergulho totalmente certificado pela SSI, cursos de mergulho, que opera na ilha Terceira, uma das melhores ilhas dos A\u00e7ores.","breadcrumb":{"@id":"https:\/\/qmanndiving.com\/pt-pt\/#breadcrumb"},"inLanguage":"pt-PT","potentialAction":[{"@type":"ReadAction","target":["https:\/\/qmanndiving.com\/pt-pt\/"]}]},{"@type":"BreadcrumbList","@id":"https:\/\/qmanndiving.com\/pt-pt\/#breadcrumb","itemListElement":[{"@type":"ListItem","position":1,"name":"In\u00edcio","item":"https:\/\/qmanndiving.com\/pt-pt\/"},{"@type":"ListItem","position":2,"name":"Centro de Mergulho"}]},{"@type":"WebSite","@id":"https:\/\/qmanndiving.com\/#website","url":"https:\/\/qmanndiving.com\/","name":"Qmann Diving - centro de mergulho nos A\u00e7ores","description":"Qmann Diving is a fully SSI certified dive centre operating at Terceira island, one of the finest island in the Azores, offering you private or small groups (max. 4) diving and courses, our goal is Quality.","publisher":{"@id":"https:\/\/qmanndiving.com\/#organization"},"potentialAction":[{"@type":"SearchAction","target":{"@type":"EntryPoint","urlTemplate":"https:\/\/qmanndiving.com\/?s={search_term_string}"},"query-input":{"@type":"PropertyValueSpecification","valueRequired":true,"valueName":"search_term_string"}}],"inLanguage":"pt-PT"},{"@type":"Organization","@id":"https:\/\/qmanndiving.com\/#organization","name":"Qmann Diving","url":"https:\/\/qmanndiving.com\/","logo":{"@type":"ImageObject","inLanguage":"pt-PT","@id":"https:\/\/qmanndiving.com\/#\/schema\/logo\/image\/","url":"https:\/\/qmanndiving.com\/wp-content\/uploads\/logo_qman_diving_1.png","contentUrl":"https:\/\/qmanndiving.com\/wp-content\/uploads\/logo_qman_diving_1.png","width":650,"height":350,"caption":"Qmann Diving"},"image":{"@id":"https:\/\/qmanndiving.com\/#\/schema\/logo\/image\/"},"sameAs":["https:\/\/www.facebook.com\/pages\/category\/Scuba-Diving-Center\/Qmann-Diving-dive-center-Azores-276319169682383\/"]}]}},"_links":{"self":[{"href":"https:\/\/qmanndiving.com\/pt-pt\/wp-json\/wp\/v2\/pages\/927","targetHints":{"allow":["GET"]}}],"collection":[{"href":"https:\/\/qmanndiving.com\/pt-pt\/wp-json\/wp\/v2\/pages"}],"about":[{"href":"https:\/\/qmanndiving.com\/pt-pt\/wp-json\/wp\/v2\/types\/page"}],"author":[{"embeddable":true,"href":"https:\/\/qmanndiving.com\/pt-pt\/wp-json\/wp\/v2\/users\/1"}],"replies":[{"embeddable":true,"href":"https:\/\/qmanndiving.com\/pt-pt\/wp-json\/wp\/v2\/comments?post=927"}],"version-history":[{"count":23,"href":"https:\/\/qmanndiving.com\/pt-pt\/wp-json\/wp\/v2\/pages\/927\/revisions"}],"predecessor-version":[{"id":2455,"href":"https:\/\/qmanndiving.com\/pt-pt\/wp-json\/wp\/v2\/pages\/927\/revisions\/2455"}],"wp:attachment":[{"href":"https:\/\/qmanndiving.com\/pt-pt\/wp-json\/wp\/v2\/media?parent=927"}],"curies":[{"name":"wp","href":"https:\/\/api.w.org\/{rel}","templated":true}]}}