{"id":919,"date":"2016-10-17T13:44:47","date_gmt":"2016-10-17T13:44:47","guid":{"rendered":"http:\/\/qmanndiving.com\/pt-pt\/about\/"},"modified":"2024-06-07T10:04:34","modified_gmt":"2024-06-07T10:04:34","slug":"about","status":"publish","type":"page","link":"https:\/\/qmanndiving.com\/pt-pt\/about\/","title":{"rendered":"S\u00edtios de mergulho\/Galeria"},"content":{"rendered":"<p>[vc_row full_width=&#8221;stretch_row&#8221; parallax=&#8221;content-moving&#8221; css=&#8221;.vc_custom_1534239394100{padding-top: 6.2em !important;padding-bottom: 7.2em !important;background-color: #eff0e8 !important;}&#8221;][vc_column]<div id=\"sc_title_1697318764\"\n\t\tclass=\"scheme_default sc_title sc_title_default\"><h3 class=\"sc_item_title sc_title_title sc_align_center sc_item_title_style_title-medium-size-style\">S\u00edtios de mergulho<\/h3><\/div><!-- \/.sc_title -->[vc_empty_space alter_height=&#8221;small&#8221; hide_on_mobile=&#8221;&#8221;][vc_single_image image=&#8221;2136&#8243; img_size=&#8221;large&#8221; alignment=&#8221;center&#8221;][\/vc_column][\/vc_row][vc_row full_width=&#8221;stretch_row&#8221; parallax=&#8221;content-moving&#8221; css=&#8221;.vc_custom_1534239394100{padding-top: 6.2em !important;padding-bottom: 7.2em !important;background-color: #eff0e8 !important;}&#8221;][vc_column]<div id=\"sc_title_1709222026\"\n\t\tclass=\"scheme_default sc_title sc_title_default\"><h3 class=\"sc_item_title sc_title_title sc_align_center sc_item_title_style_title-medium-size-style\">Galeria<\/h3><\/div><!-- \/.sc_title --><div class=\"cq-stackgallery\" data-width=\"600\" data-height=\"600\" data-easein=\"easeInBack\" data-easeout=\"easeOutBack\" data-containerheight=\"\" data-slideshow=\"off\" data-slideshowdelay=\"off\" data-notooltip=\"on\" style=\"background: url() \"><img loading=\"lazy\" decoding=\"async\" class=\"stackgallery-item\" style=\"border: px solid #FFF\" src=\"https:\/\/qmanndiving.com\/wp-content\/uploads\/thumbnail_image12.jpg\" width=\"600\" height=\"600\" title=\"\" alt=\"\" \/><img loading=\"lazy\" decoding=\"async\" class=\"stackgallery-item\" style=\"border: px solid #FFF\" src=\"https:\/\/qmanndiving.com\/wp-content\/uploads\/thumbnail_image11.jpg\" width=\"600\" height=\"600\" title=\"\" alt=\"\" \/><img loading=\"lazy\" decoding=\"async\" class=\"stackgallery-item\" style=\"border: px solid #FFF\" src=\"https:\/\/qmanndiving.com\/wp-content\/uploads\/thumbnail_image10.jpg\" width=\"600\" height=\"600\" title=\"\" alt=\"\" \/><img loading=\"lazy\" decoding=\"async\" class=\"stackgallery-item\" style=\"border: px solid #FFF\" src=\"https:\/\/qmanndiving.com\/wp-content\/uploads\/thumbnail_image9.jpg\" width=\"600\" height=\"600\" title=\"\" alt=\"\" \/><img loading=\"lazy\" decoding=\"async\" class=\"stackgallery-item\" style=\"border: px solid #FFF\" src=\"https:\/\/qmanndiving.com\/wp-content\/uploads\/thumbnail_image8.jpg\" width=\"600\" height=\"600\" title=\"\" alt=\"\" \/><img loading=\"lazy\" decoding=\"async\" class=\"stackgallery-item\" style=\"border: px solid #FFF\" src=\"https:\/\/qmanndiving.com\/wp-content\/uploads\/thumbnail_image7.jpg\" width=\"600\" height=\"600\" title=\"\" alt=\"\" \/><img loading=\"lazy\" decoding=\"async\" class=\"stackgallery-item\" style=\"border: px solid #FFF\" src=\"https:\/\/qmanndiving.com\/wp-content\/uploads\/thumbnail_image6.jpg\" width=\"600\" height=\"600\" title=\"\" alt=\"\" \/><img loading=\"lazy\" decoding=\"async\" class=\"stackgallery-item\" style=\"border: px solid #FFF\" src=\"https:\/\/qmanndiving.com\/wp-content\/uploads\/thumbnail_image4.jpg\" width=\"600\" height=\"600\" title=\"\" alt=\"\" \/><img loading=\"lazy\" decoding=\"async\" class=\"stackgallery-item\" style=\"border: px solid #FFF\" src=\"https:\/\/qmanndiving.com\/wp-content\/uploads\/thumbnail_image4-1.jpg\" width=\"600\" height=\"600\" title=\"\" alt=\"\" \/><img loading=\"lazy\" decoding=\"async\" class=\"stackgallery-item\" style=\"border: px solid #FFF\" src=\"https:\/\/qmanndiving.com\/wp-content\/uploads\/thumbnail_image3.jpg\" width=\"600\" height=\"600\" title=\"\" alt=\"\" \/><img loading=\"lazy\" decoding=\"async\" class=\"stackgallery-item\" style=\"border: px solid #FFF\" src=\"https:\/\/qmanndiving.com\/wp-content\/uploads\/thumbnail_image2.jpg\" width=\"600\" height=\"600\" title=\"\" alt=\"\" \/><img loading=\"lazy\" decoding=\"async\" class=\"stackgallery-item\" style=\"border: px solid #FFF\" src=\"https:\/\/qmanndiving.com\/wp-content\/uploads\/thumbnail_image1-1200x1200.jpg\" width=\"600\" height=\"600\" title=\"\" alt=\"\" \/><img loading=\"lazy\" decoding=\"async\" class=\"stackgallery-item\" style=\"border: px solid #FFF\" src=\"https:\/\/qmanndiving.com\/wp-content\/uploads\/thumbnail_image0-1200x1075.jpg\" width=\"600\" height=\"600\" title=\"\" alt=\"\" \/><img loading=\"lazy\" decoding=\"async\" class=\"stackgallery-item\" style=\"border: px solid #FFF\" src=\"https:\/\/qmanndiving.com\/wp-content\/uploads\/image0.jpeg\" width=\"600\" height=\"600\" title=\"\" alt=\"\" \/><img loading=\"lazy\" decoding=\"async\" class=\"stackgallery-item\" style=\"border: px solid #FFF\" src=\"https:\/\/qmanndiving.com\/wp-content\/uploads\/IMG_0125-1200x1200.jpg\" width=\"600\" height=\"600\" title=\"\" alt=\"\" \/><img loading=\"lazy\" decoding=\"async\" class=\"stackgallery-item\" style=\"border: px solid #FFF\" src=\"https:\/\/qmanndiving.com\/wp-content\/uploads\/IMG_0134-1200x1200.jpg\" width=\"600\" height=\"600\" title=\"\" alt=\"\" \/><img loading=\"lazy\" decoding=\"async\" class=\"stackgallery-item\" style=\"border: px solid #FFF\" src=\"https:\/\/qmanndiving.com\/wp-content\/uploads\/IMG_0140-1200x1200.jpg\" width=\"600\" height=\"600\" title=\"\" alt=\"\" \/><img loading=\"lazy\" decoding=\"async\" class=\"stackgallery-item\" style=\"border: px solid #FFF\" src=\"https:\/\/qmanndiving.com\/wp-content\/uploads\/IMG_0142-1200x1200.jpg\" width=\"600\" height=\"600\" title=\"\" alt=\"\" \/><img loading=\"lazy\" decoding=\"async\" class=\"stackgallery-item\" style=\"border: px solid #FFF\" src=\"https:\/\/qmanndiving.com\/wp-content\/uploads\/IMG_0153-1200x1200.jpg\" width=\"600\" height=\"600\" title=\"\" alt=\"\" \/><img loading=\"lazy\" decoding=\"async\" class=\"stackgallery-item\" style=\"border: px solid #FFF\" src=\"https:\/\/qmanndiving.com\/wp-content\/uploads\/IMG_0155-1200x1200.jpg\" width=\"600\" height=\"600\" title=\"\" alt=\"\" \/><img loading=\"lazy\" decoding=\"async\" class=\"stackgallery-item\" style=\"border: px solid #FFF\" src=\"https:\/\/qmanndiving.com\/wp-content\/uploads\/2019\/03\/20180906_170823-1200x1200.jpg\" width=\"600\" height=\"600\" title=\"Titulo 9\" alt=\"\" \/><img loading=\"lazy\" decoding=\"async\" class=\"stackgallery-item\" style=\"border: px solid #FFF\" src=\"https:\/\/qmanndiving.com\/wp-content\/uploads\/2019\/02\/fish-2.jpg\" width=\"600\" height=\"600\" title=\"Titulo 8\" alt=\"\" \/><img loading=\"lazy\" decoding=\"async\" class=\"stackgallery-item\" style=\"border: px solid #FFF\" src=\"https:\/\/qmanndiving.com\/wp-content\/uploads\/2018\/08\/P8210009-1200x1200.jpg\" width=\"600\" height=\"600\" title=\"Titulo 7\" alt=\"\" \/><img loading=\"lazy\" decoding=\"async\" class=\"stackgallery-item\" style=\"border: px solid #FFF\" src=\"https:\/\/qmanndiving.com\/wp-content\/uploads\/2018\/08\/P8210012-1200x1200.jpg\" width=\"600\" height=\"600\" title=\"Titulo 6\" alt=\"\" \/><img loading=\"lazy\" decoding=\"async\" class=\"stackgallery-item\" style=\"border: px solid #FFF\" src=\"https:\/\/qmanndiving.com\/wp-content\/uploads\/2019\/02\/20190215_101633-002-e1551194431383-1200x1200.jpg\" width=\"600\" height=\"600\" title=\"Titulo 5\" alt=\"\" \/><img loading=\"lazy\" decoding=\"async\" class=\"stackgallery-item\" style=\"border: px solid #FFF\" src=\"https:\/\/qmanndiving.com\/wp-content\/uploads\/2018\/08\/IMG_0061-1200x1200.jpg\" width=\"600\" height=\"600\" title=\"Titulo 4\" alt=\"\" \/><img loading=\"lazy\" decoding=\"async\" class=\"stackgallery-item\" style=\"border: px solid #FFF\" src=\"https:\/\/qmanndiving.com\/wp-content\/uploads\/2018\/09\/classroom-1200x1200.jpg\" width=\"600\" height=\"600\" title=\"Titulo 3\" alt=\"\" \/><img loading=\"lazy\" decoding=\"async\" class=\"stackgallery-item\" style=\"border: px solid #FFF\" src=\"https:\/\/qmanndiving.com\/wp-content\/uploads\/2192FB27-6DAB-47F4-AA5D-282461AAC004-1200x1075.jpeg\" width=\"600\" height=\"600\" title=\"\" alt=\"\" \/><img loading=\"lazy\" decoding=\"async\" class=\"stackgallery-item\" style=\"border: px solid #FFF\" src=\"https:\/\/qmanndiving.com\/wp-content\/uploads\/16FEFCD7-420D-4D6D-8E8A-9FCD4D7420D7-1200x1200.jpeg\" width=\"600\" height=\"600\" title=\"Titulo 1\" alt=\"\" \/><div><a href=\"#\"><span class=\" stackgallery-prev\"><\/span><\/a><\/div><div><a href=\"#\"><span class=\" stackgallery-next\"><\/span><\/a><\/div><\/div>[\/vc_column][\/vc_row]<\/p>\n","protected":false},"excerpt":{"rendered":"<p>[vc_row full_width=&#8221;stretch_row&#8221; parallax=&#8221;content-moving&#8221; css=&#8221;.vc_custom_1534239394100{padding-top: 6.2em !important;padding-bottom: 7.2em !important;background-color: #eff0e8 !important;}&#8221;][vc_column][vc_empty_space alter_height=&#8221;small&#8221; hide_on_mobile=&#8221;&#8221;][vc_single_image image=&#8221;2136&#8243; img_size=&#8221;large&#8221; alignment=&#8221;center&#8221;][\/vc_column][\/vc_row][vc_row full_width=&#8221;stretch_row&#8221; parallax=&#8221;content-moving&#8221; css=&#8221;.vc_custom_1534239394100{padding-top: 6.2em !important;padding-bottom:&hellip;<\/p>\n","protected":false},"author":1,"featured_media":0,"parent":0,"menu_order":0,"comment_status":"closed","ping_status":"closed","template":"","meta":{"_acf_changed":false,"footnotes":""},"class_list":["post-919","page","type-page","status-publish","hentry"],"acf":[],"yoast_head":"<!-- This site is optimized with the Yoast SEO plugin v26.1.1 - https:\/\/yoast.com\/wordpress\/plugins\/seo\/ -->\n<title>S\u00edtios de mergulho - Qmann Diving- dive centers in the Azores<\/title>\n<meta name=\"description\" content=\"S\u00edtios de mergulho localizados na ilha Terceira, A\u00e7ores. Biscoitos, Lidador, Silveira, Cinco Ribeiras, Calheda do Lagador,Mont Brasil.\" \/>\n<meta name=\"robots\" content=\"index, follow, max-snippet:-1, max-image-preview:large, max-video-preview:-1\" \/>\n<link rel=\"canonical\" href=\"https:\/\/qmanndiving.com\/pt-pt\/about\/\" \/>\n<meta property=\"og:locale\" content=\"pt_PT\" \/>\n<meta property=\"og:type\" content=\"article\" \/>\n<meta property=\"og:title\" content=\"S\u00edtios de mergulho - Qmann Diving- dive centers in the Azores\" \/>\n<meta property=\"og:description\" content=\"S\u00edtios de mergulho localizados na ilha Terceira, A\u00e7ores. Biscoitos, Lidador, Silveira, Cinco Ribeiras, Calheda do Lagador,Mont Brasil.\" \/>\n<meta property=\"og:url\" content=\"https:\/\/qmanndiving.com\/pt-pt\/about\/\" \/>\n<meta property=\"og:site_name\" content=\"Qmann Diving- dive centers in the Azores\" \/>\n<meta property=\"article:publisher\" content=\"https:\/\/www.facebook.com\/pages\/category\/Scuba-Diving-Center\/Qmann-Diving-dive-center-Azores-276319169682383\/\" \/>\n<meta property=\"article:modified_time\" content=\"2024-06-07T10:04:34+00:00\" \/>\n<meta name=\"twitter:card\" content=\"summary_large_image\" \/>\n<meta name=\"twitter:label1\" content=\"Tempo estimado de leitura\" \/>\n\t<meta name=\"twitter:data1\" content=\"1 minuto\" \/>\n<script type=\"application\/ld+json\" class=\"yoast-schema-graph\">{\"@context\":\"https:\/\/schema.org\",\"@graph\":[{\"@type\":\"WebPage\",\"@id\":\"https:\/\/qmanndiving.com\/pt-pt\/about\/\",\"url\":\"https:\/\/qmanndiving.com\/pt-pt\/about\/\",\"name\":\"S\u00edtios de mergulho - Qmann Diving- dive centers in the Azores\",\"isPartOf\":{\"@id\":\"https:\/\/qmanndiving.com\/#website\"},\"datePublished\":\"2016-10-17T13:44:47+00:00\",\"dateModified\":\"2024-06-07T10:04:34+00:00\",\"description\":\"S\u00edtios de mergulho localizados na ilha Terceira, A\u00e7ores. Biscoitos, Lidador, Silveira, Cinco Ribeiras, Calheda do Lagador,Mont Brasil.\",\"breadcrumb\":{\"@id\":\"https:\/\/qmanndiving.com\/pt-pt\/about\/#breadcrumb\"},\"inLanguage\":\"pt-PT\",\"potentialAction\":[{\"@type\":\"ReadAction\",\"target\":[\"https:\/\/qmanndiving.com\/pt-pt\/about\/\"]}]},{\"@type\":\"BreadcrumbList\",\"@id\":\"https:\/\/qmanndiving.com\/pt-pt\/about\/#breadcrumb\",\"itemListElement\":[{\"@type\":\"ListItem\",\"position\":1,\"name\":\"In\u00edcio\",\"item\":\"https:\/\/qmanndiving.com\/pt-pt\/\"},{\"@type\":\"ListItem\",\"position\":2,\"name\":\"S\u00edtios de mergulho\/Galeria\"}]},{\"@type\":\"WebSite\",\"@id\":\"https:\/\/qmanndiving.com\/#website\",\"url\":\"https:\/\/qmanndiving.com\/\",\"name\":\"Qmann Diving - centro de mergulho nos A\u00e7ores\",\"description\":\"Qmann Diving is a fully SSI certified dive centre operating at Terceira island, one of the finest island in the Azores, offering you private or small groups (max. 4) diving and courses, our goal is Quality.\",\"publisher\":{\"@id\":\"https:\/\/qmanndiving.com\/#organization\"},\"potentialAction\":[{\"@type\":\"SearchAction\",\"target\":{\"@type\":\"EntryPoint\",\"urlTemplate\":\"https:\/\/qmanndiving.com\/?s={search_term_string}\"},\"query-input\":{\"@type\":\"PropertyValueSpecification\",\"valueRequired\":true,\"valueName\":\"search_term_string\"}}],\"inLanguage\":\"pt-PT\"},{\"@type\":\"Organization\",\"@id\":\"https:\/\/qmanndiving.com\/#organization\",\"name\":\"Qmann Diving\",\"url\":\"https:\/\/qmanndiving.com\/\",\"logo\":{\"@type\":\"ImageObject\",\"inLanguage\":\"pt-PT\",\"@id\":\"https:\/\/qmanndiving.com\/#\/schema\/logo\/image\/\",\"url\":\"https:\/\/qmanndiving.com\/wp-content\/uploads\/logo_qman_diving_1.png\",\"contentUrl\":\"https:\/\/qmanndiving.com\/wp-content\/uploads\/logo_qman_diving_1.png\",\"width\":650,\"height\":350,\"caption\":\"Qmann Diving\"},\"image\":{\"@id\":\"https:\/\/qmanndiving.com\/#\/schema\/logo\/image\/\"},\"sameAs\":[\"https:\/\/www.facebook.com\/pages\/category\/Scuba-Diving-Center\/Qmann-Diving-dive-center-Azores-276319169682383\/\"]}]}<\/script>\n<!-- \/ Yoast SEO plugin. -->","yoast_head_json":{"title":"S\u00edtios de mergulho - Qmann Diving- dive centers in the Azores","description":"S\u00edtios de mergulho localizados na ilha Terceira, A\u00e7ores. Biscoitos, Lidador, Silveira, Cinco Ribeiras, Calheda do Lagador,Mont Brasil.","robots":{"index":"index","follow":"follow","max-snippet":"max-snippet:-1","max-image-preview":"max-image-preview:large","max-video-preview":"max-video-preview:-1"},"canonical":"https:\/\/qmanndiving.com\/pt-pt\/about\/","og_locale":"pt_PT","og_type":"article","og_title":"S\u00edtios de mergulho - Qmann Diving- dive centers in the Azores","og_description":"S\u00edtios de mergulho localizados na ilha Terceira, A\u00e7ores. Biscoitos, Lidador, Silveira, Cinco Ribeiras, Calheda do Lagador,Mont Brasil.","og_url":"https:\/\/qmanndiving.com\/pt-pt\/about\/","og_site_name":"Qmann Diving- dive centers in the Azores","article_publisher":"https:\/\/www.facebook.com\/pages\/category\/Scuba-Diving-Center\/Qmann-Diving-dive-center-Azores-276319169682383\/","article_modified_time":"2024-06-07T10:04:34+00:00","twitter_card":"summary_large_image","twitter_misc":{"Tempo estimado de leitura":"1 minuto"},"schema":{"@context":"https:\/\/schema.org","@graph":[{"@type":"WebPage","@id":"https:\/\/qmanndiving.com\/pt-pt\/about\/","url":"https:\/\/qmanndiving.com\/pt-pt\/about\/","name":"S\u00edtios de mergulho - Qmann Diving- dive centers in the Azores","isPartOf":{"@id":"https:\/\/qmanndiving.com\/#website"},"datePublished":"2016-10-17T13:44:47+00:00","dateModified":"2024-06-07T10:04:34+00:00","description":"S\u00edtios de mergulho localizados na ilha Terceira, A\u00e7ores. Biscoitos, Lidador, Silveira, Cinco Ribeiras, Calheda do Lagador,Mont Brasil.","breadcrumb":{"@id":"https:\/\/qmanndiving.com\/pt-pt\/about\/#breadcrumb"},"inLanguage":"pt-PT","potentialAction":[{"@type":"ReadAction","target":["https:\/\/qmanndiving.com\/pt-pt\/about\/"]}]},{"@type":"BreadcrumbList","@id":"https:\/\/qmanndiving.com\/pt-pt\/about\/#breadcrumb","itemListElement":[{"@type":"ListItem","position":1,"name":"In\u00edcio","item":"https:\/\/qmanndiving.com\/pt-pt\/"},{"@type":"ListItem","position":2,"name":"S\u00edtios de mergulho\/Galeria"}]},{"@type":"WebSite","@id":"https:\/\/qmanndiving.com\/#website","url":"https:\/\/qmanndiving.com\/","name":"Qmann Diving - centro de mergulho nos A\u00e7ores","description":"Qmann Diving is a fully SSI certified dive centre operating at Terceira island, one of the finest island in the Azores, offering you private or small groups (max. 4) diving and courses, our goal is Quality.","publisher":{"@id":"https:\/\/qmanndiving.com\/#organization"},"potentialAction":[{"@type":"SearchAction","target":{"@type":"EntryPoint","urlTemplate":"https:\/\/qmanndiving.com\/?s={search_term_string}"},"query-input":{"@type":"PropertyValueSpecification","valueRequired":true,"valueName":"search_term_string"}}],"inLanguage":"pt-PT"},{"@type":"Organization","@id":"https:\/\/qmanndiving.com\/#organization","name":"Qmann Diving","url":"https:\/\/qmanndiving.com\/","logo":{"@type":"ImageObject","inLanguage":"pt-PT","@id":"https:\/\/qmanndiving.com\/#\/schema\/logo\/image\/","url":"https:\/\/qmanndiving.com\/wp-content\/uploads\/logo_qman_diving_1.png","contentUrl":"https:\/\/qmanndiving.com\/wp-content\/uploads\/logo_qman_diving_1.png","width":650,"height":350,"caption":"Qmann Diving"},"image":{"@id":"https:\/\/qmanndiving.com\/#\/schema\/logo\/image\/"},"sameAs":["https:\/\/www.facebook.com\/pages\/category\/Scuba-Diving-Center\/Qmann-Diving-dive-center-Azores-276319169682383\/"]}]}},"_links":{"self":[{"href":"https:\/\/qmanndiving.com\/pt-pt\/wp-json\/wp\/v2\/pages\/919","targetHints":{"allow":["GET"]}}],"collection":[{"href":"https:\/\/qmanndiving.com\/pt-pt\/wp-json\/wp\/v2\/pages"}],"about":[{"href":"https:\/\/qmanndiving.com\/pt-pt\/wp-json\/wp\/v2\/types\/page"}],"author":[{"embeddable":true,"href":"https:\/\/qmanndiving.com\/pt-pt\/wp-json\/wp\/v2\/users\/1"}],"replies":[{"embeddable":true,"href":"https:\/\/qmanndiving.com\/pt-pt\/wp-json\/wp\/v2\/comments?post=919"}],"version-history":[{"count":28,"href":"https:\/\/qmanndiving.com\/pt-pt\/wp-json\/wp\/v2\/pages\/919\/revisions"}],"predecessor-version":[{"id":2725,"href":"https:\/\/qmanndiving.com\/pt-pt\/wp-json\/wp\/v2\/pages\/919\/revisions\/2725"}],"wp:attachment":[{"href":"https:\/\/qmanndiving.com\/pt-pt\/wp-json\/wp\/v2\/media?parent=919"}],"curies":[{"name":"wp","href":"https:\/\/api.w.org\/{rel}","templated":true}]}}