{"id":1574,"date":"2019-04-03T16:28:02","date_gmt":"2019-04-03T16:28:02","guid":{"rendered":"http:\/\/qmanndiving.com\/pt-pt\/courses\/"},"modified":"2019-08-28T18:20:23","modified_gmt":"2019-08-28T18:20:23","slug":"dive-courses","status":"publish","type":"page","link":"https:\/\/qmanndiving.com\/pt-pt\/dive-courses\/","title":{"rendered":"Dive Courses"},"content":{"rendered":"<p>[vc_row][vc_column]<div class=\"woocommerce columns-1 \"><ul class=\"products columns-1\">\n<li class=\"product type-product post-1559 status-publish first instock product_cat-ssi-open-water-course has-post-thumbnail taxable shipping-taxable purchasable product-type-variable\">\n\t\t\t<div class=\"post_item post_layout_thumbs\">\n\t\t\t<div class=\"post_featured hover_shop\">\n\t\t\t\t<a href=\"https:\/\/qmanndiving.com\/product\/ssi-open-water-course\/\">\n\t\t<img loading=\"lazy\" decoding=\"async\" width=\"200\" height=\"200\" src=\"https:\/\/qmanndiving.com\/wp-content\/uploads\/2016\/10\/IMG_0019.jpg\" class=\"attachment-woocommerce_thumbnail size-woocommerce_thumbnail\" alt=\"SSI Open Water Course\" srcset=\"https:\/\/qmanndiving.com\/wp-content\/uploads\/2016\/10\/IMG_0019.jpg 200w, https:\/\/qmanndiving.com\/wp-content\/uploads\/2016\/10\/IMG_0019-150x150.jpg 150w, https:\/\/qmanndiving.com\/wp-content\/uploads\/2016\/10\/IMG_0019-90x90.jpg 90w, https:\/\/qmanndiving.com\/wp-content\/uploads\/2016\/10\/IMG_0019-180x180.jpg 180w\" sizes=\"auto, (max-width: 200px) 100vw, 200px\" \/>\t\t\t\t<\/a>\n\t\t\t\t<div class=\"mask\"><\/div>\n\t\t\t\t\t\t\t<div class=\"icons\">\n\t\t\t\t<a href=\"https:\/\/qmanndiving.com\/product\/ssi-open-water-course\/\" aria-hidden=\"true\" class=\"shop_link icon-link\"><\/a>\n\t\t\t<\/div>\n\t\t\t\t\t\t<\/div><!-- \/.post_featured -->\n\t\t\t<div class=\"post_data\">\n\t\t\t\t<div class=\"post_header entry-header\">\n\t\t\t\t<h2 class=\"woocommerce-loop-product__title\"><a href=\"https:\/\/qmanndiving.com\/product\/ssi-open-water-course\/\">SSI Open Water Course<\/a><\/h2>\t\t\t<\/div><!-- \/.post_header -->\n\t\t\n\t<span class=\"price\"><span class=\"woocommerce-Price-amount amount\"><bdi>450<span class=\"decimals\">00<\/span>&nbsp;<span class=\"woocommerce-Price-currencySymbol\">&euro;<\/span><\/bdi><\/span><\/span>\n<a href=\"https:\/\/qmanndiving.com\/product\/ssi-open-water-course\/\" aria-describedby=\"woocommerce_loop_add_to_cart_link_describedby_1559\" data-quantity=\"1\" class=\"button product_type_variable add_to_cart_button\" data-product_id=\"1559\" data-product_sku=\"\" aria-label=\"Seleccione as op\u00e7\u00f5es para &ldquo;SSI Open Water Course&rdquo;\" rel=\"nofollow\">Adicionar <\/a>\t<span id=\"woocommerce_loop_add_to_cart_link_describedby_1559\" class=\"screen-reader-text\">\n\t\tThis product has multiple variants. The options may be chosen on the product page\t<\/span>\n\t\t\t<\/div><!-- \/.post_data -->\n\t\t<\/div><!-- \/.post_item -->\n\t\t<\/li>\n<\/ul>\n<\/div>[\/vc_column][\/vc_row]<\/p>\n","protected":false},"excerpt":{"rendered":"<p>[vc_row][vc_column][\/vc_column][\/vc_row]<\/p>\n","protected":false},"author":1,"featured_media":0,"parent":0,"menu_order":0,"comment_status":"closed","ping_status":"closed","template":"","meta":{"_acf_changed":false,"footnotes":""},"class_list":["post-1574","page","type-page","status-publish","hentry"],"acf":[],"yoast_head":"<!-- This site is optimized with the Yoast SEO plugin v26.1.1 - https:\/\/yoast.com\/wordpress\/plugins\/seo\/ -->\n<title>Curso de mergulho - Qmann Diving- dive centers in the Azores<\/title>\n<meta name=\"description\" content=\"Curso de mergulho, A\u00e7ores. Terceira. CURSO DE \u00c1GUA ABERTA, Curso SSI Open Water, Pesquisa e Recupera\u00e7\u00e3o, Navega\u00e7\u00e3o, Mergulho Independente, etc.\" \/>\n<meta name=\"robots\" content=\"index, follow, max-snippet:-1, max-image-preview:large, max-video-preview:-1\" \/>\n<link rel=\"canonical\" href=\"https:\/\/qmanndiving.com\/pt-pt\/dive-courses\/\" \/>\n<meta property=\"og:locale\" content=\"pt_PT\" \/>\n<meta property=\"og:type\" content=\"article\" \/>\n<meta property=\"og:title\" content=\"Curso de mergulho - Qmann Diving- dive centers in the Azores\" \/>\n<meta property=\"og:description\" content=\"Curso de mergulho, A\u00e7ores. Terceira. CURSO DE \u00c1GUA ABERTA, Curso SSI Open Water, Pesquisa e Recupera\u00e7\u00e3o, Navega\u00e7\u00e3o, Mergulho Independente, etc.\" \/>\n<meta property=\"og:url\" content=\"https:\/\/qmanndiving.com\/pt-pt\/dive-courses\/\" \/>\n<meta property=\"og:site_name\" content=\"Qmann Diving- dive centers in the Azores\" \/>\n<meta property=\"article:publisher\" content=\"https:\/\/www.facebook.com\/pages\/category\/Scuba-Diving-Center\/Qmann-Diving-dive-center-Azores-276319169682383\/\" \/>\n<meta property=\"article:modified_time\" content=\"2019-08-28T18:20:23+00:00\" \/>\n<meta name=\"twitter:card\" content=\"summary_large_image\" \/>\n<script type=\"application\/ld+json\" class=\"yoast-schema-graph\">{\"@context\":\"https:\/\/schema.org\",\"@graph\":[{\"@type\":\"WebPage\",\"@id\":\"https:\/\/qmanndiving.com\/pt-pt\/dive-courses\/\",\"url\":\"https:\/\/qmanndiving.com\/pt-pt\/dive-courses\/\",\"name\":\"Curso de mergulho - Qmann Diving- dive centers in the Azores\",\"isPartOf\":{\"@id\":\"https:\/\/qmanndiving.com\/#website\"},\"datePublished\":\"2019-04-03T16:28:02+00:00\",\"dateModified\":\"2019-08-28T18:20:23+00:00\",\"description\":\"Curso de mergulho, A\u00e7ores. Terceira. CURSO DE \u00c1GUA ABERTA, Curso SSI Open Water, Pesquisa e Recupera\u00e7\u00e3o, Navega\u00e7\u00e3o, Mergulho Independente, etc.\",\"breadcrumb\":{\"@id\":\"https:\/\/qmanndiving.com\/pt-pt\/dive-courses\/#breadcrumb\"},\"inLanguage\":\"pt-PT\",\"potentialAction\":[{\"@type\":\"ReadAction\",\"target\":[\"https:\/\/qmanndiving.com\/pt-pt\/dive-courses\/\"]}]},{\"@type\":\"BreadcrumbList\",\"@id\":\"https:\/\/qmanndiving.com\/pt-pt\/dive-courses\/#breadcrumb\",\"itemListElement\":[{\"@type\":\"ListItem\",\"position\":1,\"name\":\"In\u00edcio\",\"item\":\"https:\/\/qmanndiving.com\/pt-pt\/\"},{\"@type\":\"ListItem\",\"position\":2,\"name\":\"Dive Courses\"}]},{\"@type\":\"WebSite\",\"@id\":\"https:\/\/qmanndiving.com\/#website\",\"url\":\"https:\/\/qmanndiving.com\/\",\"name\":\"Qmann Diving - centro de mergulho nos A\u00e7ores\",\"description\":\"Qmann Diving is a fully SSI certified dive centre operating at Terceira island, one of the finest island in the Azores, offering you private or small groups (max. 4) diving and courses, our goal is Quality.\",\"publisher\":{\"@id\":\"https:\/\/qmanndiving.com\/#organization\"},\"potentialAction\":[{\"@type\":\"SearchAction\",\"target\":{\"@type\":\"EntryPoint\",\"urlTemplate\":\"https:\/\/qmanndiving.com\/?s={search_term_string}\"},\"query-input\":{\"@type\":\"PropertyValueSpecification\",\"valueRequired\":true,\"valueName\":\"search_term_string\"}}],\"inLanguage\":\"pt-PT\"},{\"@type\":\"Organization\",\"@id\":\"https:\/\/qmanndiving.com\/#organization\",\"name\":\"Qmann Diving\",\"url\":\"https:\/\/qmanndiving.com\/\",\"logo\":{\"@type\":\"ImageObject\",\"inLanguage\":\"pt-PT\",\"@id\":\"https:\/\/qmanndiving.com\/#\/schema\/logo\/image\/\",\"url\":\"https:\/\/qmanndiving.com\/wp-content\/uploads\/logo_qman_diving_1.png\",\"contentUrl\":\"https:\/\/qmanndiving.com\/wp-content\/uploads\/logo_qman_diving_1.png\",\"width\":650,\"height\":350,\"caption\":\"Qmann Diving\"},\"image\":{\"@id\":\"https:\/\/qmanndiving.com\/#\/schema\/logo\/image\/\"},\"sameAs\":[\"https:\/\/www.facebook.com\/pages\/category\/Scuba-Diving-Center\/Qmann-Diving-dive-center-Azores-276319169682383\/\"]}]}<\/script>\n<!-- \/ Yoast SEO plugin. -->","yoast_head_json":{"title":"Curso de mergulho - Qmann Diving- dive centers in the Azores","description":"Curso de mergulho, A\u00e7ores. Terceira. CURSO DE \u00c1GUA ABERTA, Curso SSI Open Water, Pesquisa e Recupera\u00e7\u00e3o, Navega\u00e7\u00e3o, Mergulho Independente, etc.","robots":{"index":"index","follow":"follow","max-snippet":"max-snippet:-1","max-image-preview":"max-image-preview:large","max-video-preview":"max-video-preview:-1"},"canonical":"https:\/\/qmanndiving.com\/pt-pt\/dive-courses\/","og_locale":"pt_PT","og_type":"article","og_title":"Curso de mergulho - Qmann Diving- dive centers in the Azores","og_description":"Curso de mergulho, A\u00e7ores. Terceira. CURSO DE \u00c1GUA ABERTA, Curso SSI Open Water, Pesquisa e Recupera\u00e7\u00e3o, Navega\u00e7\u00e3o, Mergulho Independente, etc.","og_url":"https:\/\/qmanndiving.com\/pt-pt\/dive-courses\/","og_site_name":"Qmann Diving- dive centers in the Azores","article_publisher":"https:\/\/www.facebook.com\/pages\/category\/Scuba-Diving-Center\/Qmann-Diving-dive-center-Azores-276319169682383\/","article_modified_time":"2019-08-28T18:20:23+00:00","twitter_card":"summary_large_image","schema":{"@context":"https:\/\/schema.org","@graph":[{"@type":"WebPage","@id":"https:\/\/qmanndiving.com\/pt-pt\/dive-courses\/","url":"https:\/\/qmanndiving.com\/pt-pt\/dive-courses\/","name":"Curso de mergulho - Qmann Diving- dive centers in the Azores","isPartOf":{"@id":"https:\/\/qmanndiving.com\/#website"},"datePublished":"2019-04-03T16:28:02+00:00","dateModified":"2019-08-28T18:20:23+00:00","description":"Curso de mergulho, A\u00e7ores. Terceira. CURSO DE \u00c1GUA ABERTA, Curso SSI Open Water, Pesquisa e Recupera\u00e7\u00e3o, Navega\u00e7\u00e3o, Mergulho Independente, etc.","breadcrumb":{"@id":"https:\/\/qmanndiving.com\/pt-pt\/dive-courses\/#breadcrumb"},"inLanguage":"pt-PT","potentialAction":[{"@type":"ReadAction","target":["https:\/\/qmanndiving.com\/pt-pt\/dive-courses\/"]}]},{"@type":"BreadcrumbList","@id":"https:\/\/qmanndiving.com\/pt-pt\/dive-courses\/#breadcrumb","itemListElement":[{"@type":"ListItem","position":1,"name":"In\u00edcio","item":"https:\/\/qmanndiving.com\/pt-pt\/"},{"@type":"ListItem","position":2,"name":"Dive Courses"}]},{"@type":"WebSite","@id":"https:\/\/qmanndiving.com\/#website","url":"https:\/\/qmanndiving.com\/","name":"Qmann Diving - centro de mergulho nos A\u00e7ores","description":"Qmann Diving is a fully SSI certified dive centre operating at Terceira island, one of the finest island in the Azores, offering you private or small groups (max. 4) diving and courses, our goal is Quality.","publisher":{"@id":"https:\/\/qmanndiving.com\/#organization"},"potentialAction":[{"@type":"SearchAction","target":{"@type":"EntryPoint","urlTemplate":"https:\/\/qmanndiving.com\/?s={search_term_string}"},"query-input":{"@type":"PropertyValueSpecification","valueRequired":true,"valueName":"search_term_string"}}],"inLanguage":"pt-PT"},{"@type":"Organization","@id":"https:\/\/qmanndiving.com\/#organization","name":"Qmann Diving","url":"https:\/\/qmanndiving.com\/","logo":{"@type":"ImageObject","inLanguage":"pt-PT","@id":"https:\/\/qmanndiving.com\/#\/schema\/logo\/image\/","url":"https:\/\/qmanndiving.com\/wp-content\/uploads\/logo_qman_diving_1.png","contentUrl":"https:\/\/qmanndiving.com\/wp-content\/uploads\/logo_qman_diving_1.png","width":650,"height":350,"caption":"Qmann Diving"},"image":{"@id":"https:\/\/qmanndiving.com\/#\/schema\/logo\/image\/"},"sameAs":["https:\/\/www.facebook.com\/pages\/category\/Scuba-Diving-Center\/Qmann-Diving-dive-center-Azores-276319169682383\/"]}]}},"_links":{"self":[{"href":"https:\/\/qmanndiving.com\/pt-pt\/wp-json\/wp\/v2\/pages\/1574","targetHints":{"allow":["GET"]}}],"collection":[{"href":"https:\/\/qmanndiving.com\/pt-pt\/wp-json\/wp\/v2\/pages"}],"about":[{"href":"https:\/\/qmanndiving.com\/pt-pt\/wp-json\/wp\/v2\/types\/page"}],"author":[{"embeddable":true,"href":"https:\/\/qmanndiving.com\/pt-pt\/wp-json\/wp\/v2\/users\/1"}],"replies":[{"embeddable":true,"href":"https:\/\/qmanndiving.com\/pt-pt\/wp-json\/wp\/v2\/comments?post=1574"}],"version-history":[{"count":9,"href":"https:\/\/qmanndiving.com\/pt-pt\/wp-json\/wp\/v2\/pages\/1574\/revisions"}],"predecessor-version":[{"id":2462,"href":"https:\/\/qmanndiving.com\/pt-pt\/wp-json\/wp\/v2\/pages\/1574\/revisions\/2462"}],"wp:attachment":[{"href":"https:\/\/qmanndiving.com\/pt-pt\/wp-json\/wp\/v2\/media?parent=1574"}],"curies":[{"name":"wp","href":"https:\/\/api.w.org\/{rel}","templated":true}]}}