{"id":2360,"date":"2019-04-03T16:16:35","date_gmt":"2019-04-03T16:16:35","guid":{"rendered":"http:\/\/qmanndiving.com\/fr\/product\/ssi-open-water-course\/"},"modified":"2023-05-24T11:08:49","modified_gmt":"2023-05-24T11:08:49","slug":"ssi-open-water-course","status":"publish","type":"product","link":"https:\/\/qmanndiving.com\/fr\/product\/ssi-open-water-course\/","title":{"rendered":"SSI Open Water Course"},"content":{"rendered":"<p><strong>O nosso curso Open Water consiste num curso de mergulho SSI de 3 dias e inclui 6 mergulhos em alguns dos melhores locais de mergulho que a ilha Terceira tem para oferecer \u2026<br \/><\/strong><strong>Toda a sua teoria pode ser feita em seu dispositivo pessoal antes ou durante o seu tempo com nosso centro no aplicativo Dive SSI, que pode ser baixado de sua\u00a0 APP, e \u00e9 totalmente gratuito, uma vez registado.<br \/><\/strong><strong>Os primeiros dias de seu curso ser\u00e3o passados em uma de nossas muitas piscinas naturais (\u00e1guas confinadas), aprendendo todas as habilidades pr\u00e1ticas de mergulho e teoria na sala de aula de nossas instala\u00e7\u00f5es. Os pr\u00f3ximos 2 dias ser\u00e3o utilizados aproveitando o mar aberto e colocando em pr\u00e1tica as habilidades que voc\u00ea aprendeu na piscina. Seus primeiros 6 mergulhos completar\u00e3o sua certifica\u00e7\u00e3o em \u00e1guas abertas e, em seguida, como mergulhador certificado, voc\u00ea poder\u00e1 realizar mais mergulhos recreativos ou divertidos, ou at\u00e9 mesmo fazer algum curso de especialidade adicional. Estes mergulhos extras s\u00e3o adicionais ao seu curso e tornar\u00e3o a sua experi\u00eancia de mergulho nos A\u00e7ores inesquec\u00edvel.<\/strong><\/p>\n<p><strong>Lembre-se de n\u00e3o mergulhar 24 horas antes do seu voo de volta.<\/strong><\/p>\n<p><strong>Idiomas do curso<\/strong><\/p>\n<p><strong>*PORTUGU\u00caS<br \/><\/strong><strong>*INGL\u00caS<br \/><\/strong><strong>*FRANC\u00caS<br \/><\/strong><strong>*ALEM\u00c2O<br \/><\/strong><strong>*ESPANHOL<\/strong><\/p>\n<p><strong>Inclu\u00eddo no seu curso<\/strong><\/p>\n<div id=\"gt-res-c\" class=\"g-unit\">\n<div id=\"gt-res-p\">\n<div id=\"gt-res-data\">\n<div id=\"gt-res-wrap\">\n<div id=\"gt-res-content\">\n<div class=\"trans-verified-button-small\" dir=\"ltr\">\n<ul>\n<li><strong> 6 mergulhos<\/strong><\/li>\n<li><strong> Certifica\u00e7\u00e3o SSI Open Water<\/strong><\/li>\n<li><strong> Registo de Mergulho Digital da SSI<\/strong><\/li>\n<li><strong> Todo equipamento de mergulho<\/strong><\/li>\n<li><strong> Seguro de Mergulho (v\u00e1lido durante o curso)<\/strong><\/li>\n<li><strong> Transfer ida e volta de seu hotel<\/strong><\/li>\n<\/ul>\n<p><strong>Declara\u00e7\u00e3o M\u00e9dica de Mergulhador Estudantil e, se necess\u00e1rio, obter um certificado m\u00e9dico\u00a0 antes de iniciar o seu treino.Qualquer custo associado a esse processo \u00e9 pago diretamente ao m\u00e9dico.<\/strong><\/p>\n<p><strong>Exig\u00eancia f\u00edsica antes do Open Water Course: ser capaz de nadar 200 metros e remar por 10 minutos.<\/strong><\/p>\n<\/div>\n<\/div>\n<\/div>\n<\/div>\n<\/div>\n<\/div>\n","protected":false},"excerpt":{"rendered":"<p>O nosso curso Open Water consiste num curso de mergulho SSI de 3 dias e inclui 6 mergulhos em alguns&hellip;<\/p>\n","protected":false},"featured_media":2361,"template":"","meta":{"_acf_changed":false},"product_brand":[],"product_cat":[92],"product_tag":[],"class_list":{"0":"post-2360","1":"product","2":"type-product","3":"status-publish","4":"has-post-thumbnail","6":"product_cat-ssi-open-water-course-fr","8":"first","9":"instock","10":"taxable","11":"shipping-taxable","12":"purchasable","13":"product-type-variable"},"acf":[],"yoast_head":"<!-- This site is optimized with the Yoast SEO plugin v26.1.1 - https:\/\/yoast.com\/wordpress\/plugins\/seo\/ -->\n<title>SSI Open Water Course - Qmann Diving- dive centers in the Azores<\/title>\n<meta name=\"robots\" content=\"index, follow, max-snippet:-1, max-image-preview:large, max-video-preview:-1\" \/>\n<link rel=\"canonical\" href=\"https:\/\/qmanndiving.com\/fr\/product\/ssi-open-water-course\/\" \/>\n<meta property=\"og:locale\" content=\"fr_FR\" \/>\n<meta property=\"og:type\" content=\"article\" \/>\n<meta property=\"og:title\" content=\"SSI Open Water Course - Qmann Diving- dive centers in the Azores\" \/>\n<meta property=\"og:description\" content=\"O nosso curso Open Water consiste num curso de mergulho SSI de 3 dias e inclui 6 mergulhos em alguns&hellip;\" \/>\n<meta property=\"og:url\" content=\"https:\/\/qmanndiving.com\/fr\/product\/ssi-open-water-course\/\" \/>\n<meta property=\"og:site_name\" content=\"Qmann Diving- dive centers in the Azores\" \/>\n<meta property=\"article:publisher\" content=\"https:\/\/www.facebook.com\/pages\/category\/Scuba-Diving-Center\/Qmann-Diving-dive-center-Azores-276319169682383\/\" \/>\n<meta property=\"article:modified_time\" content=\"2023-05-24T11:08:49+00:00\" \/>\n<meta property=\"og:image\" content=\"https:\/\/qmanndiving.com\/wp-content\/uploads\/2016\/10\/IMG_0019.jpg\" \/>\n\t<meta property=\"og:image:width\" content=\"200\" \/>\n\t<meta property=\"og:image:height\" content=\"200\" \/>\n\t<meta property=\"og:image:type\" content=\"image\/jpeg\" \/>\n<meta name=\"twitter:card\" content=\"summary_large_image\" \/>\n<meta name=\"twitter:label1\" content=\"Dur\u00e9e de lecture estim\u00e9e\" \/>\n\t<meta name=\"twitter:data1\" content=\"1 minute\" \/>\n<script type=\"application\/ld+json\" class=\"yoast-schema-graph\">{\"@context\":\"https:\/\/schema.org\",\"@graph\":[{\"@type\":\"WebPage\",\"@id\":\"https:\/\/qmanndiving.com\/fr\/product\/ssi-open-water-course\/\",\"url\":\"https:\/\/qmanndiving.com\/fr\/product\/ssi-open-water-course\/\",\"name\":\"SSI Open Water Course - Qmann Diving- dive centers in the Azores\",\"isPartOf\":{\"@id\":\"https:\/\/qmanndiving.com\/#website\"},\"primaryImageOfPage\":{\"@id\":\"https:\/\/qmanndiving.com\/fr\/product\/ssi-open-water-course\/#primaryimage\"},\"image\":{\"@id\":\"https:\/\/qmanndiving.com\/fr\/product\/ssi-open-water-course\/#primaryimage\"},\"thumbnailUrl\":\"https:\/\/qmanndiving.com\/wp-content\/uploads\/2016\/10\/IMG_0019.jpg\",\"datePublished\":\"2019-04-03T16:16:35+00:00\",\"dateModified\":\"2023-05-24T11:08:49+00:00\",\"breadcrumb\":{\"@id\":\"https:\/\/qmanndiving.com\/fr\/product\/ssi-open-water-course\/#breadcrumb\"},\"inLanguage\":\"fr-FR\",\"potentialAction\":[{\"@type\":\"ReadAction\",\"target\":[\"https:\/\/qmanndiving.com\/fr\/product\/ssi-open-water-course\/\"]}]},{\"@type\":\"ImageObject\",\"inLanguage\":\"fr-FR\",\"@id\":\"https:\/\/qmanndiving.com\/fr\/product\/ssi-open-water-course\/#primaryimage\",\"url\":\"https:\/\/qmanndiving.com\/wp-content\/uploads\/2016\/10\/IMG_0019.jpg\",\"contentUrl\":\"https:\/\/qmanndiving.com\/wp-content\/uploads\/2016\/10\/IMG_0019.jpg\",\"width\":200,\"height\":200},{\"@type\":\"BreadcrumbList\",\"@id\":\"https:\/\/qmanndiving.com\/fr\/product\/ssi-open-water-course\/#breadcrumb\",\"itemListElement\":[{\"@type\":\"ListItem\",\"position\":1,\"name\":\"In\u00edcio\",\"item\":\"https:\/\/qmanndiving.com\/fr\/\"},{\"@type\":\"ListItem\",\"position\":2,\"name\":\"Products\",\"item\":\"https:\/\/qmanndiving.com\/shop\/\"},{\"@type\":\"ListItem\",\"position\":3,\"name\":\"SSI Open Water Course\"}]},{\"@type\":\"WebSite\",\"@id\":\"https:\/\/qmanndiving.com\/#website\",\"url\":\"https:\/\/qmanndiving.com\/\",\"name\":\"Qmann Diving - centro de mergulho nos A\u00e7ores\",\"description\":\"Qmann Diving is a fully SSI certified dive centre operating at Terceira island, one of the finest island in the Azores, offering you private or small groups (max. 4) diving and courses, our goal is Quality.\",\"publisher\":{\"@id\":\"https:\/\/qmanndiving.com\/#organization\"},\"potentialAction\":[{\"@type\":\"SearchAction\",\"target\":{\"@type\":\"EntryPoint\",\"urlTemplate\":\"https:\/\/qmanndiving.com\/?s={search_term_string}\"},\"query-input\":{\"@type\":\"PropertyValueSpecification\",\"valueRequired\":true,\"valueName\":\"search_term_string\"}}],\"inLanguage\":\"fr-FR\"},{\"@type\":\"Organization\",\"@id\":\"https:\/\/qmanndiving.com\/#organization\",\"name\":\"Qmann Diving\",\"url\":\"https:\/\/qmanndiving.com\/\",\"logo\":{\"@type\":\"ImageObject\",\"inLanguage\":\"fr-FR\",\"@id\":\"https:\/\/qmanndiving.com\/#\/schema\/logo\/image\/\",\"url\":\"https:\/\/qmanndiving.com\/wp-content\/uploads\/logo_qman_diving_1.png\",\"contentUrl\":\"https:\/\/qmanndiving.com\/wp-content\/uploads\/logo_qman_diving_1.png\",\"width\":650,\"height\":350,\"caption\":\"Qmann Diving\"},\"image\":{\"@id\":\"https:\/\/qmanndiving.com\/#\/schema\/logo\/image\/\"},\"sameAs\":[\"https:\/\/www.facebook.com\/pages\/category\/Scuba-Diving-Center\/Qmann-Diving-dive-center-Azores-276319169682383\/\"]}]}<\/script>\n<!-- \/ Yoast SEO plugin. -->","yoast_head_json":{"title":"SSI Open Water Course - Qmann Diving- dive centers in the Azores","robots":{"index":"index","follow":"follow","max-snippet":"max-snippet:-1","max-image-preview":"max-image-preview:large","max-video-preview":"max-video-preview:-1"},"canonical":"https:\/\/qmanndiving.com\/fr\/product\/ssi-open-water-course\/","og_locale":"fr_FR","og_type":"article","og_title":"SSI Open Water Course - Qmann Diving- dive centers in the Azores","og_description":"O nosso curso Open Water consiste num curso de mergulho SSI de 3 dias e inclui 6 mergulhos em alguns&hellip;","og_url":"https:\/\/qmanndiving.com\/fr\/product\/ssi-open-water-course\/","og_site_name":"Qmann Diving- dive centers in the Azores","article_publisher":"https:\/\/www.facebook.com\/pages\/category\/Scuba-Diving-Center\/Qmann-Diving-dive-center-Azores-276319169682383\/","article_modified_time":"2023-05-24T11:08:49+00:00","og_image":[{"width":200,"height":200,"url":"https:\/\/qmanndiving.com\/wp-content\/uploads\/2016\/10\/IMG_0019.jpg","type":"image\/jpeg"}],"twitter_card":"summary_large_image","twitter_misc":{"Dur\u00e9e de lecture estim\u00e9e":"1 minute"},"schema":{"@context":"https:\/\/schema.org","@graph":[{"@type":"WebPage","@id":"https:\/\/qmanndiving.com\/fr\/product\/ssi-open-water-course\/","url":"https:\/\/qmanndiving.com\/fr\/product\/ssi-open-water-course\/","name":"SSI Open Water Course - Qmann Diving- dive centers in the Azores","isPartOf":{"@id":"https:\/\/qmanndiving.com\/#website"},"primaryImageOfPage":{"@id":"https:\/\/qmanndiving.com\/fr\/product\/ssi-open-water-course\/#primaryimage"},"image":{"@id":"https:\/\/qmanndiving.com\/fr\/product\/ssi-open-water-course\/#primaryimage"},"thumbnailUrl":"https:\/\/qmanndiving.com\/wp-content\/uploads\/2016\/10\/IMG_0019.jpg","datePublished":"2019-04-03T16:16:35+00:00","dateModified":"2023-05-24T11:08:49+00:00","breadcrumb":{"@id":"https:\/\/qmanndiving.com\/fr\/product\/ssi-open-water-course\/#breadcrumb"},"inLanguage":"fr-FR","potentialAction":[{"@type":"ReadAction","target":["https:\/\/qmanndiving.com\/fr\/product\/ssi-open-water-course\/"]}]},{"@type":"ImageObject","inLanguage":"fr-FR","@id":"https:\/\/qmanndiving.com\/fr\/product\/ssi-open-water-course\/#primaryimage","url":"https:\/\/qmanndiving.com\/wp-content\/uploads\/2016\/10\/IMG_0019.jpg","contentUrl":"https:\/\/qmanndiving.com\/wp-content\/uploads\/2016\/10\/IMG_0019.jpg","width":200,"height":200},{"@type":"BreadcrumbList","@id":"https:\/\/qmanndiving.com\/fr\/product\/ssi-open-water-course\/#breadcrumb","itemListElement":[{"@type":"ListItem","position":1,"name":"In\u00edcio","item":"https:\/\/qmanndiving.com\/fr\/"},{"@type":"ListItem","position":2,"name":"Products","item":"https:\/\/qmanndiving.com\/shop\/"},{"@type":"ListItem","position":3,"name":"SSI Open Water Course"}]},{"@type":"WebSite","@id":"https:\/\/qmanndiving.com\/#website","url":"https:\/\/qmanndiving.com\/","name":"Qmann Diving - centro de mergulho nos A\u00e7ores","description":"Qmann Diving is a fully SSI certified dive centre operating at Terceira island, one of the finest island in the Azores, offering you private or small groups (max. 4) diving and courses, our goal is Quality.","publisher":{"@id":"https:\/\/qmanndiving.com\/#organization"},"potentialAction":[{"@type":"SearchAction","target":{"@type":"EntryPoint","urlTemplate":"https:\/\/qmanndiving.com\/?s={search_term_string}"},"query-input":{"@type":"PropertyValueSpecification","valueRequired":true,"valueName":"search_term_string"}}],"inLanguage":"fr-FR"},{"@type":"Organization","@id":"https:\/\/qmanndiving.com\/#organization","name":"Qmann Diving","url":"https:\/\/qmanndiving.com\/","logo":{"@type":"ImageObject","inLanguage":"fr-FR","@id":"https:\/\/qmanndiving.com\/#\/schema\/logo\/image\/","url":"https:\/\/qmanndiving.com\/wp-content\/uploads\/logo_qman_diving_1.png","contentUrl":"https:\/\/qmanndiving.com\/wp-content\/uploads\/logo_qman_diving_1.png","width":650,"height":350,"caption":"Qmann Diving"},"image":{"@id":"https:\/\/qmanndiving.com\/#\/schema\/logo\/image\/"},"sameAs":["https:\/\/www.facebook.com\/pages\/category\/Scuba-Diving-Center\/Qmann-Diving-dive-center-Azores-276319169682383\/"]}]}},"_links":{"self":[{"href":"https:\/\/qmanndiving.com\/fr\/wp-json\/wp\/v2\/product\/2360","targetHints":{"allow":["GET"]}}],"collection":[{"href":"https:\/\/qmanndiving.com\/fr\/wp-json\/wp\/v2\/product"}],"about":[{"href":"https:\/\/qmanndiving.com\/fr\/wp-json\/wp\/v2\/types\/product"}],"wp:featuredmedia":[{"embeddable":true,"href":"https:\/\/qmanndiving.com\/fr\/wp-json\/wp\/v2\/media\/2361"}],"wp:attachment":[{"href":"https:\/\/qmanndiving.com\/fr\/wp-json\/wp\/v2\/media?parent=2360"}],"wp:term":[{"taxonomy":"product_brand","embeddable":true,"href":"https:\/\/qmanndiving.com\/fr\/wp-json\/wp\/v2\/product_brand?post=2360"},{"taxonomy":"product_cat","embeddable":true,"href":"https:\/\/qmanndiving.com\/fr\/wp-json\/wp\/v2\/product_cat?post=2360"},{"taxonomy":"product_tag","embeddable":true,"href":"https:\/\/qmanndiving.com\/fr\/wp-json\/wp\/v2\/product_tag?post=2360"}],"curies":[{"name":"wp","href":"https:\/\/api.w.org\/{rel}","templated":true}]}}