{"id":1762,"date":"2019-04-11T14:34:57","date_gmt":"2019-04-11T14:34:57","guid":{"rendered":"http:\/\/qmanndiving.com\/fr\/product\/independent-diving\/"},"modified":"2025-07-10T17:09:33","modified_gmt":"2025-07-10T17:09:33","slug":"independent-diving","status":"publish","type":"product","link":"https:\/\/qmanndiving.com\/fr\/product\/independent-diving\/","title":{"rendered":"Plong\u00e9e Ind\u00e9pendante"},"content":{"rendered":"<p><strong>La plong\u00e9e ind\u00e9pendante ne doit pas vous motiver pour la plong\u00e9e en solo en g\u00e9n\u00e9ral, elle ajoute simplement une couche de s\u00e9curit\u00e9 suppl\u00e9mentaire \u00e0 vos aventures de plong\u00e9e au cas o\u00f9 vous seriez s\u00e9par\u00e9 de votre ami. Apprenez des techniques d\u2019auto-sauvetage efficaces, y compris l\u2019\u00e9quipement n\u00e9cessaire pour avoir une s\u00e9curit\u00e9 appropri\u00e9e au cas o\u00f9 vous en auriez besoin.<br \/>\n<\/strong><strong>C\u2019est un cours d\u2019une journ\u00e9e et comprend deux plong\u00e9es.<\/strong><\/p>\n<p><strong>Pr\u00e9requis minimum:<\/strong><\/p>\n<ul>\n<li><strong>\u00catre certifi\u00e9 en Advanced Adventurer ou \u00e9quivalent.<\/strong><\/li>\n<li><strong>\u00catre certifi\u00e9 en Diver Stress and Rescue ou \u00e9quivalent.<\/strong><\/li>\n<li><strong>\u00catre certifi\u00e9 ou fournir une preuve d\u2019exp\u00e9rience en mati\u00e8re de visibilit\u00e9 de nuit et de visibilit\u00e9 limit\u00e9e, de plong\u00e9e profonde et de navigation.<\/strong><\/li>\n<li><strong>Avoir enregistr\u00e9 au moins 75 plong\u00e9es en eau libre totalisant 50 heures ou plus.<\/strong><\/li>\n<\/ul>\n<p><strong>Et est parfait pour combiner avec le cours de montage lat\u00e9ral ou Nitrox. <\/strong><\/p>\n","protected":false},"excerpt":{"rendered":"<p>La plong\u00e9e ind\u00e9pendante ne doit pas vous motiver pour la plong\u00e9e en solo en g\u00e9n\u00e9ral, elle ajoute simplement une couche&hellip;<\/p>\n","protected":false},"featured_media":868,"template":"","meta":{"_acf_changed":false},"product_brand":[],"product_cat":[90],"product_tag":[],"class_list":{"0":"post-1762","1":"product","2":"type-product","3":"status-publish","4":"has-post-thumbnail","6":"product_cat-speciality-courses-fr","8":"first","9":"instock","10":"taxable","11":"shipping-taxable","12":"purchasable","13":"product-type-simple"},"acf":[],"yoast_head":"<!-- This site is optimized with the Yoast SEO plugin v26.1.1 - https:\/\/yoast.com\/wordpress\/plugins\/seo\/ -->\n<title>Plong\u00e9e Ind\u00e9pendante - Qmann Diving- dive centers in the Azores<\/title>\n<meta name=\"robots\" content=\"index, follow, max-snippet:-1, max-image-preview:large, max-video-preview:-1\" \/>\n<link rel=\"canonical\" href=\"https:\/\/qmanndiving.com\/fr\/product\/independent-diving\/\" \/>\n<meta property=\"og:locale\" content=\"fr_FR\" \/>\n<meta property=\"og:type\" content=\"article\" \/>\n<meta property=\"og:title\" content=\"Plong\u00e9e Ind\u00e9pendante - Qmann Diving- dive centers in the Azores\" \/>\n<meta property=\"og:description\" content=\"La plong\u00e9e ind\u00e9pendante ne doit pas vous motiver pour la plong\u00e9e en solo en g\u00e9n\u00e9ral, elle ajoute simplement une couche&hellip;\" \/>\n<meta property=\"og:url\" content=\"https:\/\/qmanndiving.com\/fr\/product\/independent-diving\/\" \/>\n<meta property=\"og:site_name\" content=\"Qmann Diving- dive centers in the Azores\" \/>\n<meta property=\"article:publisher\" content=\"https:\/\/www.facebook.com\/pages\/category\/Scuba-Diving-Center\/Qmann-Diving-dive-center-Azores-276319169682383\/\" \/>\n<meta property=\"article:modified_time\" content=\"2025-07-10T17:09:33+00:00\" \/>\n<meta property=\"og:image\" content=\"https:\/\/qmanndiving.com\/wp-content\/uploads\/2016\/10\/29A225BB-74DA-417B-BE5D-F1A9AD4B1A0C.jpeg\" \/>\n\t<meta property=\"og:image:width\" content=\"1000\" \/>\n\t<meta property=\"og:image:height\" content=\"635\" \/>\n\t<meta property=\"og:image:type\" content=\"image\/jpeg\" \/>\n<meta name=\"twitter:card\" content=\"summary_large_image\" \/>\n<meta name=\"twitter:label1\" content=\"Dur\u00e9e de lecture estim\u00e9e\" \/>\n\t<meta name=\"twitter:data1\" content=\"1 minute\" \/>\n<script type=\"application\/ld+json\" class=\"yoast-schema-graph\">{\"@context\":\"https:\/\/schema.org\",\"@graph\":[{\"@type\":\"WebPage\",\"@id\":\"https:\/\/qmanndiving.com\/fr\/product\/independent-diving\/\",\"url\":\"https:\/\/qmanndiving.com\/fr\/product\/independent-diving\/\",\"name\":\"Plong\u00e9e Ind\u00e9pendante - Qmann Diving- dive centers in the Azores\",\"isPartOf\":{\"@id\":\"https:\/\/qmanndiving.com\/#website\"},\"primaryImageOfPage\":{\"@id\":\"https:\/\/qmanndiving.com\/fr\/product\/independent-diving\/#primaryimage\"},\"image\":{\"@id\":\"https:\/\/qmanndiving.com\/fr\/product\/independent-diving\/#primaryimage\"},\"thumbnailUrl\":\"https:\/\/qmanndiving.com\/wp-content\/uploads\/2016\/10\/29A225BB-74DA-417B-BE5D-F1A9AD4B1A0C.jpeg\",\"datePublished\":\"2019-04-11T14:34:57+00:00\",\"dateModified\":\"2025-07-10T17:09:33+00:00\",\"breadcrumb\":{\"@id\":\"https:\/\/qmanndiving.com\/fr\/product\/independent-diving\/#breadcrumb\"},\"inLanguage\":\"fr-FR\",\"potentialAction\":[{\"@type\":\"ReadAction\",\"target\":[\"https:\/\/qmanndiving.com\/fr\/product\/independent-diving\/\"]}]},{\"@type\":\"ImageObject\",\"inLanguage\":\"fr-FR\",\"@id\":\"https:\/\/qmanndiving.com\/fr\/product\/independent-diving\/#primaryimage\",\"url\":\"https:\/\/qmanndiving.com\/wp-content\/uploads\/2016\/10\/29A225BB-74DA-417B-BE5D-F1A9AD4B1A0C.jpeg\",\"contentUrl\":\"https:\/\/qmanndiving.com\/wp-content\/uploads\/2016\/10\/29A225BB-74DA-417B-BE5D-F1A9AD4B1A0C.jpeg\",\"width\":1000,\"height\":635},{\"@type\":\"BreadcrumbList\",\"@id\":\"https:\/\/qmanndiving.com\/fr\/product\/independent-diving\/#breadcrumb\",\"itemListElement\":[{\"@type\":\"ListItem\",\"position\":1,\"name\":\"In\u00edcio\",\"item\":\"https:\/\/qmanndiving.com\/fr\/\"},{\"@type\":\"ListItem\",\"position\":2,\"name\":\"Products\",\"item\":\"https:\/\/qmanndiving.com\/shop\/\"},{\"@type\":\"ListItem\",\"position\":3,\"name\":\"Plong\u00e9e Ind\u00e9pendante\"}]},{\"@type\":\"WebSite\",\"@id\":\"https:\/\/qmanndiving.com\/#website\",\"url\":\"https:\/\/qmanndiving.com\/\",\"name\":\"Qmann Diving - centro de mergulho nos A\u00e7ores\",\"description\":\"Qmann Diving is a fully SSI certified dive centre operating at Terceira island, one of the finest island in the Azores, offering you private or small groups (max. 4) diving and courses, our goal is Quality.\",\"publisher\":{\"@id\":\"https:\/\/qmanndiving.com\/#organization\"},\"potentialAction\":[{\"@type\":\"SearchAction\",\"target\":{\"@type\":\"EntryPoint\",\"urlTemplate\":\"https:\/\/qmanndiving.com\/?s={search_term_string}\"},\"query-input\":{\"@type\":\"PropertyValueSpecification\",\"valueRequired\":true,\"valueName\":\"search_term_string\"}}],\"inLanguage\":\"fr-FR\"},{\"@type\":\"Organization\",\"@id\":\"https:\/\/qmanndiving.com\/#organization\",\"name\":\"Qmann Diving\",\"url\":\"https:\/\/qmanndiving.com\/\",\"logo\":{\"@type\":\"ImageObject\",\"inLanguage\":\"fr-FR\",\"@id\":\"https:\/\/qmanndiving.com\/#\/schema\/logo\/image\/\",\"url\":\"https:\/\/qmanndiving.com\/wp-content\/uploads\/logo_qman_diving_1.png\",\"contentUrl\":\"https:\/\/qmanndiving.com\/wp-content\/uploads\/logo_qman_diving_1.png\",\"width\":650,\"height\":350,\"caption\":\"Qmann Diving\"},\"image\":{\"@id\":\"https:\/\/qmanndiving.com\/#\/schema\/logo\/image\/\"},\"sameAs\":[\"https:\/\/www.facebook.com\/pages\/category\/Scuba-Diving-Center\/Qmann-Diving-dive-center-Azores-276319169682383\/\"]}]}<\/script>\n<!-- \/ Yoast SEO plugin. -->","yoast_head_json":{"title":"Plong\u00e9e Ind\u00e9pendante - Qmann Diving- dive centers in the Azores","robots":{"index":"index","follow":"follow","max-snippet":"max-snippet:-1","max-image-preview":"max-image-preview:large","max-video-preview":"max-video-preview:-1"},"canonical":"https:\/\/qmanndiving.com\/fr\/product\/independent-diving\/","og_locale":"fr_FR","og_type":"article","og_title":"Plong\u00e9e Ind\u00e9pendante - Qmann Diving- dive centers in the Azores","og_description":"La plong\u00e9e ind\u00e9pendante ne doit pas vous motiver pour la plong\u00e9e en solo en g\u00e9n\u00e9ral, elle ajoute simplement une couche&hellip;","og_url":"https:\/\/qmanndiving.com\/fr\/product\/independent-diving\/","og_site_name":"Qmann Diving- dive centers in the Azores","article_publisher":"https:\/\/www.facebook.com\/pages\/category\/Scuba-Diving-Center\/Qmann-Diving-dive-center-Azores-276319169682383\/","article_modified_time":"2025-07-10T17:09:33+00:00","og_image":[{"width":1000,"height":635,"url":"https:\/\/qmanndiving.com\/wp-content\/uploads\/2016\/10\/29A225BB-74DA-417B-BE5D-F1A9AD4B1A0C.jpeg","type":"image\/jpeg"}],"twitter_card":"summary_large_image","twitter_misc":{"Dur\u00e9e de lecture estim\u00e9e":"1 minute"},"schema":{"@context":"https:\/\/schema.org","@graph":[{"@type":"WebPage","@id":"https:\/\/qmanndiving.com\/fr\/product\/independent-diving\/","url":"https:\/\/qmanndiving.com\/fr\/product\/independent-diving\/","name":"Plong\u00e9e Ind\u00e9pendante - Qmann Diving- dive centers in the Azores","isPartOf":{"@id":"https:\/\/qmanndiving.com\/#website"},"primaryImageOfPage":{"@id":"https:\/\/qmanndiving.com\/fr\/product\/independent-diving\/#primaryimage"},"image":{"@id":"https:\/\/qmanndiving.com\/fr\/product\/independent-diving\/#primaryimage"},"thumbnailUrl":"https:\/\/qmanndiving.com\/wp-content\/uploads\/2016\/10\/29A225BB-74DA-417B-BE5D-F1A9AD4B1A0C.jpeg","datePublished":"2019-04-11T14:34:57+00:00","dateModified":"2025-07-10T17:09:33+00:00","breadcrumb":{"@id":"https:\/\/qmanndiving.com\/fr\/product\/independent-diving\/#breadcrumb"},"inLanguage":"fr-FR","potentialAction":[{"@type":"ReadAction","target":["https:\/\/qmanndiving.com\/fr\/product\/independent-diving\/"]}]},{"@type":"ImageObject","inLanguage":"fr-FR","@id":"https:\/\/qmanndiving.com\/fr\/product\/independent-diving\/#primaryimage","url":"https:\/\/qmanndiving.com\/wp-content\/uploads\/2016\/10\/29A225BB-74DA-417B-BE5D-F1A9AD4B1A0C.jpeg","contentUrl":"https:\/\/qmanndiving.com\/wp-content\/uploads\/2016\/10\/29A225BB-74DA-417B-BE5D-F1A9AD4B1A0C.jpeg","width":1000,"height":635},{"@type":"BreadcrumbList","@id":"https:\/\/qmanndiving.com\/fr\/product\/independent-diving\/#breadcrumb","itemListElement":[{"@type":"ListItem","position":1,"name":"In\u00edcio","item":"https:\/\/qmanndiving.com\/fr\/"},{"@type":"ListItem","position":2,"name":"Products","item":"https:\/\/qmanndiving.com\/shop\/"},{"@type":"ListItem","position":3,"name":"Plong\u00e9e Ind\u00e9pendante"}]},{"@type":"WebSite","@id":"https:\/\/qmanndiving.com\/#website","url":"https:\/\/qmanndiving.com\/","name":"Qmann Diving - centro de mergulho nos A\u00e7ores","description":"Qmann Diving is a fully SSI certified dive centre operating at Terceira island, one of the finest island in the Azores, offering you private or small groups (max. 4) diving and courses, our goal is Quality.","publisher":{"@id":"https:\/\/qmanndiving.com\/#organization"},"potentialAction":[{"@type":"SearchAction","target":{"@type":"EntryPoint","urlTemplate":"https:\/\/qmanndiving.com\/?s={search_term_string}"},"query-input":{"@type":"PropertyValueSpecification","valueRequired":true,"valueName":"search_term_string"}}],"inLanguage":"fr-FR"},{"@type":"Organization","@id":"https:\/\/qmanndiving.com\/#organization","name":"Qmann Diving","url":"https:\/\/qmanndiving.com\/","logo":{"@type":"ImageObject","inLanguage":"fr-FR","@id":"https:\/\/qmanndiving.com\/#\/schema\/logo\/image\/","url":"https:\/\/qmanndiving.com\/wp-content\/uploads\/logo_qman_diving_1.png","contentUrl":"https:\/\/qmanndiving.com\/wp-content\/uploads\/logo_qman_diving_1.png","width":650,"height":350,"caption":"Qmann Diving"},"image":{"@id":"https:\/\/qmanndiving.com\/#\/schema\/logo\/image\/"},"sameAs":["https:\/\/www.facebook.com\/pages\/category\/Scuba-Diving-Center\/Qmann-Diving-dive-center-Azores-276319169682383\/"]}]}},"_links":{"self":[{"href":"https:\/\/qmanndiving.com\/fr\/wp-json\/wp\/v2\/product\/1762","targetHints":{"allow":["GET"]}}],"collection":[{"href":"https:\/\/qmanndiving.com\/fr\/wp-json\/wp\/v2\/product"}],"about":[{"href":"https:\/\/qmanndiving.com\/fr\/wp-json\/wp\/v2\/types\/product"}],"wp:featuredmedia":[{"embeddable":true,"href":"https:\/\/qmanndiving.com\/fr\/wp-json\/wp\/v2\/media\/868"}],"wp:attachment":[{"href":"https:\/\/qmanndiving.com\/fr\/wp-json\/wp\/v2\/media?parent=1762"}],"wp:term":[{"taxonomy":"product_brand","embeddable":true,"href":"https:\/\/qmanndiving.com\/fr\/wp-json\/wp\/v2\/product_brand?post=1762"},{"taxonomy":"product_cat","embeddable":true,"href":"https:\/\/qmanndiving.com\/fr\/wp-json\/wp\/v2\/product_cat?post=1762"},{"taxonomy":"product_tag","embeddable":true,"href":"https:\/\/qmanndiving.com\/fr\/wp-json\/wp\/v2\/product_tag?post=1762"}],"curies":[{"name":"wp","href":"https:\/\/api.w.org\/{rel}","templated":true}]}}