{"id":1744,"date":"2019-04-11T14:21:17","date_gmt":"2019-04-11T14:21:17","guid":{"rendered":"http:\/\/qmanndiving.com\/fr\/product\/diver-stress-and-rescue\/"},"modified":"2025-07-10T16:51:00","modified_gmt":"2025-07-10T16:51:00","slug":"diver-stress-and-rescue","status":"publish","type":"product","link":"https:\/\/qmanndiving.com\/fr\/product\/diver-stress-and-rescue\/","title":{"rendered":"Plongeur Stress et Sauvetage"},"content":{"rendered":"<p><strong>Le stress contribue largement aux situations de sauvetage et aux accidents de plong\u00e9e. <\/strong><strong>Gr\u00e2ce \u00e0 ce cours, vous apprendrez \u00e0 pr\u00e9venir les accidents et \u00e0 g\u00e9rer les situations probl\u00e9matiques. Bien s\u00fbr, Il s\u2019agit d\u2019\u00e9viter, de reconna\u00eetre et de r\u00e9soudre les probl\u00e8mes en surface et sous l\u2019eau.<br \/>\n<\/strong><strong>Le cours dure deux jours pendant lesquels vous participerez \u00e0 des sessions acad\u00e9miques et en eau libre. En tant que condition pr\u00e9alable \u00e0 la certification, vous devez disposer d\u2019un certificat CPR React Right valide.<\/strong><\/p>\n","protected":false},"excerpt":{"rendered":"<p>Le stress contribue largement aux situations de sauvetage et aux accidents de plong\u00e9e. Gr\u00e2ce \u00e0 ce cours, vous apprendrez \u00e0&hellip;<\/p>\n","protected":false},"featured_media":864,"template":"","meta":{"_acf_changed":false},"product_brand":[],"product_cat":[90],"product_tag":[],"class_list":{"0":"post-1744","1":"product","2":"type-product","3":"status-publish","4":"has-post-thumbnail","6":"product_cat-speciality-courses-fr","8":"first","9":"instock","10":"taxable","11":"shipping-taxable","12":"purchasable","13":"product-type-simple"},"acf":[],"yoast_head":"<!-- This site is optimized with the Yoast SEO plugin v26.1.1 - https:\/\/yoast.com\/wordpress\/plugins\/seo\/ -->\n<title>Plongeur Stress et Sauvetage - Qmann Diving- dive centers in the Azores<\/title>\n<meta name=\"robots\" content=\"index, follow, max-snippet:-1, max-image-preview:large, max-video-preview:-1\" \/>\n<link rel=\"canonical\" href=\"https:\/\/qmanndiving.com\/fr\/product\/diver-stress-and-rescue\/\" \/>\n<meta property=\"og:locale\" content=\"fr_FR\" \/>\n<meta property=\"og:type\" content=\"article\" \/>\n<meta property=\"og:title\" content=\"Plongeur Stress et Sauvetage - Qmann Diving- dive centers in the Azores\" \/>\n<meta property=\"og:description\" content=\"Le stress contribue largement aux situations de sauvetage et aux accidents de plong\u00e9e. Gr\u00e2ce \u00e0 ce cours, vous apprendrez \u00e0&hellip;\" \/>\n<meta property=\"og:url\" content=\"https:\/\/qmanndiving.com\/fr\/product\/diver-stress-and-rescue\/\" \/>\n<meta property=\"og:site_name\" content=\"Qmann Diving- dive centers in the Azores\" \/>\n<meta property=\"article:publisher\" content=\"https:\/\/www.facebook.com\/pages\/category\/Scuba-Diving-Center\/Qmann-Diving-dive-center-Azores-276319169682383\/\" \/>\n<meta property=\"article:modified_time\" content=\"2025-07-10T16:51:00+00:00\" \/>\n<meta property=\"og:image\" content=\"https:\/\/qmanndiving.com\/wp-content\/uploads\/2016\/10\/IMG_0011.jpg\" \/>\n\t<meta property=\"og:image:width\" content=\"400\" \/>\n\t<meta property=\"og:image:height\" content=\"254\" \/>\n\t<meta property=\"og:image:type\" content=\"image\/jpeg\" \/>\n<meta name=\"twitter:card\" content=\"summary_large_image\" \/>\n<script type=\"application\/ld+json\" class=\"yoast-schema-graph\">{\"@context\":\"https:\/\/schema.org\",\"@graph\":[{\"@type\":\"WebPage\",\"@id\":\"https:\/\/qmanndiving.com\/fr\/product\/diver-stress-and-rescue\/\",\"url\":\"https:\/\/qmanndiving.com\/fr\/product\/diver-stress-and-rescue\/\",\"name\":\"Plongeur Stress et Sauvetage - Qmann Diving- dive centers in the Azores\",\"isPartOf\":{\"@id\":\"https:\/\/qmanndiving.com\/#website\"},\"primaryImageOfPage\":{\"@id\":\"https:\/\/qmanndiving.com\/fr\/product\/diver-stress-and-rescue\/#primaryimage\"},\"image\":{\"@id\":\"https:\/\/qmanndiving.com\/fr\/product\/diver-stress-and-rescue\/#primaryimage\"},\"thumbnailUrl\":\"https:\/\/qmanndiving.com\/wp-content\/uploads\/2016\/10\/IMG_0011.jpg\",\"datePublished\":\"2019-04-11T14:21:17+00:00\",\"dateModified\":\"2025-07-10T16:51:00+00:00\",\"breadcrumb\":{\"@id\":\"https:\/\/qmanndiving.com\/fr\/product\/diver-stress-and-rescue\/#breadcrumb\"},\"inLanguage\":\"fr-FR\",\"potentialAction\":[{\"@type\":\"ReadAction\",\"target\":[\"https:\/\/qmanndiving.com\/fr\/product\/diver-stress-and-rescue\/\"]}]},{\"@type\":\"ImageObject\",\"inLanguage\":\"fr-FR\",\"@id\":\"https:\/\/qmanndiving.com\/fr\/product\/diver-stress-and-rescue\/#primaryimage\",\"url\":\"https:\/\/qmanndiving.com\/wp-content\/uploads\/2016\/10\/IMG_0011.jpg\",\"contentUrl\":\"https:\/\/qmanndiving.com\/wp-content\/uploads\/2016\/10\/IMG_0011.jpg\",\"width\":400,\"height\":254},{\"@type\":\"BreadcrumbList\",\"@id\":\"https:\/\/qmanndiving.com\/fr\/product\/diver-stress-and-rescue\/#breadcrumb\",\"itemListElement\":[{\"@type\":\"ListItem\",\"position\":1,\"name\":\"In\u00edcio\",\"item\":\"https:\/\/qmanndiving.com\/fr\/\"},{\"@type\":\"ListItem\",\"position\":2,\"name\":\"Products\",\"item\":\"https:\/\/qmanndiving.com\/shop\/\"},{\"@type\":\"ListItem\",\"position\":3,\"name\":\"Plongeur Stress et Sauvetage\"}]},{\"@type\":\"WebSite\",\"@id\":\"https:\/\/qmanndiving.com\/#website\",\"url\":\"https:\/\/qmanndiving.com\/\",\"name\":\"Qmann Diving - centro de mergulho nos A\u00e7ores\",\"description\":\"Qmann Diving is a fully SSI certified dive centre operating at Terceira island, one of the finest island in the Azores, offering you private or small groups (max. 4) diving and courses, our goal is Quality.\",\"publisher\":{\"@id\":\"https:\/\/qmanndiving.com\/#organization\"},\"potentialAction\":[{\"@type\":\"SearchAction\",\"target\":{\"@type\":\"EntryPoint\",\"urlTemplate\":\"https:\/\/qmanndiving.com\/?s={search_term_string}\"},\"query-input\":{\"@type\":\"PropertyValueSpecification\",\"valueRequired\":true,\"valueName\":\"search_term_string\"}}],\"inLanguage\":\"fr-FR\"},{\"@type\":\"Organization\",\"@id\":\"https:\/\/qmanndiving.com\/#organization\",\"name\":\"Qmann Diving\",\"url\":\"https:\/\/qmanndiving.com\/\",\"logo\":{\"@type\":\"ImageObject\",\"inLanguage\":\"fr-FR\",\"@id\":\"https:\/\/qmanndiving.com\/#\/schema\/logo\/image\/\",\"url\":\"https:\/\/qmanndiving.com\/wp-content\/uploads\/logo_qman_diving_1.png\",\"contentUrl\":\"https:\/\/qmanndiving.com\/wp-content\/uploads\/logo_qman_diving_1.png\",\"width\":650,\"height\":350,\"caption\":\"Qmann Diving\"},\"image\":{\"@id\":\"https:\/\/qmanndiving.com\/#\/schema\/logo\/image\/\"},\"sameAs\":[\"https:\/\/www.facebook.com\/pages\/category\/Scuba-Diving-Center\/Qmann-Diving-dive-center-Azores-276319169682383\/\"]}]}<\/script>\n<!-- \/ Yoast SEO plugin. -->","yoast_head_json":{"title":"Plongeur Stress et Sauvetage - Qmann Diving- dive centers in the Azores","robots":{"index":"index","follow":"follow","max-snippet":"max-snippet:-1","max-image-preview":"max-image-preview:large","max-video-preview":"max-video-preview:-1"},"canonical":"https:\/\/qmanndiving.com\/fr\/product\/diver-stress-and-rescue\/","og_locale":"fr_FR","og_type":"article","og_title":"Plongeur Stress et Sauvetage - Qmann Diving- dive centers in the Azores","og_description":"Le stress contribue largement aux situations de sauvetage et aux accidents de plong\u00e9e. Gr\u00e2ce \u00e0 ce cours, vous apprendrez \u00e0&hellip;","og_url":"https:\/\/qmanndiving.com\/fr\/product\/diver-stress-and-rescue\/","og_site_name":"Qmann Diving- dive centers in the Azores","article_publisher":"https:\/\/www.facebook.com\/pages\/category\/Scuba-Diving-Center\/Qmann-Diving-dive-center-Azores-276319169682383\/","article_modified_time":"2025-07-10T16:51:00+00:00","og_image":[{"width":400,"height":254,"url":"https:\/\/qmanndiving.com\/wp-content\/uploads\/2016\/10\/IMG_0011.jpg","type":"image\/jpeg"}],"twitter_card":"summary_large_image","schema":{"@context":"https:\/\/schema.org","@graph":[{"@type":"WebPage","@id":"https:\/\/qmanndiving.com\/fr\/product\/diver-stress-and-rescue\/","url":"https:\/\/qmanndiving.com\/fr\/product\/diver-stress-and-rescue\/","name":"Plongeur Stress et Sauvetage - Qmann Diving- dive centers in the Azores","isPartOf":{"@id":"https:\/\/qmanndiving.com\/#website"},"primaryImageOfPage":{"@id":"https:\/\/qmanndiving.com\/fr\/product\/diver-stress-and-rescue\/#primaryimage"},"image":{"@id":"https:\/\/qmanndiving.com\/fr\/product\/diver-stress-and-rescue\/#primaryimage"},"thumbnailUrl":"https:\/\/qmanndiving.com\/wp-content\/uploads\/2016\/10\/IMG_0011.jpg","datePublished":"2019-04-11T14:21:17+00:00","dateModified":"2025-07-10T16:51:00+00:00","breadcrumb":{"@id":"https:\/\/qmanndiving.com\/fr\/product\/diver-stress-and-rescue\/#breadcrumb"},"inLanguage":"fr-FR","potentialAction":[{"@type":"ReadAction","target":["https:\/\/qmanndiving.com\/fr\/product\/diver-stress-and-rescue\/"]}]},{"@type":"ImageObject","inLanguage":"fr-FR","@id":"https:\/\/qmanndiving.com\/fr\/product\/diver-stress-and-rescue\/#primaryimage","url":"https:\/\/qmanndiving.com\/wp-content\/uploads\/2016\/10\/IMG_0011.jpg","contentUrl":"https:\/\/qmanndiving.com\/wp-content\/uploads\/2016\/10\/IMG_0011.jpg","width":400,"height":254},{"@type":"BreadcrumbList","@id":"https:\/\/qmanndiving.com\/fr\/product\/diver-stress-and-rescue\/#breadcrumb","itemListElement":[{"@type":"ListItem","position":1,"name":"In\u00edcio","item":"https:\/\/qmanndiving.com\/fr\/"},{"@type":"ListItem","position":2,"name":"Products","item":"https:\/\/qmanndiving.com\/shop\/"},{"@type":"ListItem","position":3,"name":"Plongeur Stress et Sauvetage"}]},{"@type":"WebSite","@id":"https:\/\/qmanndiving.com\/#website","url":"https:\/\/qmanndiving.com\/","name":"Qmann Diving - centro de mergulho nos A\u00e7ores","description":"Qmann Diving is a fully SSI certified dive centre operating at Terceira island, one of the finest island in the Azores, offering you private or small groups (max. 4) diving and courses, our goal is Quality.","publisher":{"@id":"https:\/\/qmanndiving.com\/#organization"},"potentialAction":[{"@type":"SearchAction","target":{"@type":"EntryPoint","urlTemplate":"https:\/\/qmanndiving.com\/?s={search_term_string}"},"query-input":{"@type":"PropertyValueSpecification","valueRequired":true,"valueName":"search_term_string"}}],"inLanguage":"fr-FR"},{"@type":"Organization","@id":"https:\/\/qmanndiving.com\/#organization","name":"Qmann Diving","url":"https:\/\/qmanndiving.com\/","logo":{"@type":"ImageObject","inLanguage":"fr-FR","@id":"https:\/\/qmanndiving.com\/#\/schema\/logo\/image\/","url":"https:\/\/qmanndiving.com\/wp-content\/uploads\/logo_qman_diving_1.png","contentUrl":"https:\/\/qmanndiving.com\/wp-content\/uploads\/logo_qman_diving_1.png","width":650,"height":350,"caption":"Qmann Diving"},"image":{"@id":"https:\/\/qmanndiving.com\/#\/schema\/logo\/image\/"},"sameAs":["https:\/\/www.facebook.com\/pages\/category\/Scuba-Diving-Center\/Qmann-Diving-dive-center-Azores-276319169682383\/"]}]}},"_links":{"self":[{"href":"https:\/\/qmanndiving.com\/fr\/wp-json\/wp\/v2\/product\/1744","targetHints":{"allow":["GET"]}}],"collection":[{"href":"https:\/\/qmanndiving.com\/fr\/wp-json\/wp\/v2\/product"}],"about":[{"href":"https:\/\/qmanndiving.com\/fr\/wp-json\/wp\/v2\/types\/product"}],"wp:featuredmedia":[{"embeddable":true,"href":"https:\/\/qmanndiving.com\/fr\/wp-json\/wp\/v2\/media\/864"}],"wp:attachment":[{"href":"https:\/\/qmanndiving.com\/fr\/wp-json\/wp\/v2\/media?parent=1744"}],"wp:term":[{"taxonomy":"product_brand","embeddable":true,"href":"https:\/\/qmanndiving.com\/fr\/wp-json\/wp\/v2\/product_brand?post=1744"},{"taxonomy":"product_cat","embeddable":true,"href":"https:\/\/qmanndiving.com\/fr\/wp-json\/wp\/v2\/product_cat?post=1744"},{"taxonomy":"product_tag","embeddable":true,"href":"https:\/\/qmanndiving.com\/fr\/wp-json\/wp\/v2\/product_tag?post=1744"}],"curies":[{"name":"wp","href":"https:\/\/api.w.org\/{rel}","templated":true}]}}