{"id":948,"date":"2018-08-22T09:59:25","date_gmt":"2018-08-22T09:59:25","guid":{"rendered":"http:\/\/qmanndiving.com\/fr\/terms-and-conditions\/"},"modified":"2019-02-26T12:58:45","modified_gmt":"2019-02-26T12:58:45","slug":"terms-and-conditions","status":"publish","type":"page","link":"https:\/\/qmanndiving.com\/fr\/terms-and-conditions\/","title":{"rendered":"Termes et conditions"},"content":{"rendered":"<p><strong>Termes et conditions d\u2019utilisation.<\/strong><\/p>\n<p><strong>-Il est important et affecte vos droits l\u00e9gaux, alors s\u2019il vous pla\u00eet lisez-les et nos autres termes r\u00e9f\u00e9renc\u00e9s dans ce document attentivement<\/strong><\/p>\n<p><strong>-Les termes et conditions suivants d\u00e9finissent la base sur laquelle toutes les formations, les cours, les r\u00e9servations de plong\u00e9e, la vente de marchandises et de services sont vendus et \/ ou fabriqu\u00e9s par Dimitri Lionel Baeten \u00ab\u00a0Qmann Diving\u00a0\u00bb, (\u201cNous\u201d, \u201cNous\u201d, \u201cNotre\u201d, \u201c), \u00c0 et \/ ou \u00e0 l\u2019acheteur, (\u201d Vous \u201c,\u201d Votre \u201c), de Nos sites Web (\u201d le Site \u201c), par t\u00e9l\u00e9phone ou en personne au Centre.<\/strong><\/p>\n<p><strong>-Ces termes et conditions, ainsi que notre politique de confidentialit\u00e9 et tout formulaire de commande ou instructions de paiement constituent l\u2019int\u00e9gralit\u00e9 de l\u2019accord entre vous et nous en ce qui concerne chaque vente, par exemple la r\u00e9servation de cours ou de bateau que nous acceptons de votre part.<\/strong><\/p>\n<p><strong>-En effectuant une r\u00e9servation via le site, par t\u00e9l\u00e9phone, par e-mail ou en personne, vous acceptez d\u2019\u00eatre li\u00e9 par ces termes et conditions.<\/strong><\/p>\n<p><strong>-En effectuant une r\u00e9servation, vous reconnaissez que vous n\u2019avez invoqu\u00e9 aucune d\u00e9claration, garantie ou repr\u00e9sentation autre que celles figurant dans les pr\u00e9sentes conditions g\u00e9n\u00e9rales, notre politique de confidentialit\u00e9, tout formulaire de commande <\/strong><strong>formulaire de donn\u00e9es, formulaire de d\u00e9claration m\u00e9dicale, formulaire de d\u00e9charge de responsabilit\u00e9, formulaire de contrat de location<\/strong> <strong>ou toute instruction de paiement.<\/strong><\/p>\n<p>&nbsp;<\/p>\n<p><strong>R\u00e9servations de cours<\/strong><\/p>\n<p><strong>-Tous les plongeurs figurant sur une r\u00e9servation de cours seront inclus dans la r\u00e9servation et les frais seront appliqu\u00e9s \u00e0 tous les espaces r\u00e9serv\u00e9s.<\/strong><\/p>\n<p><strong>-Un acompte <\/strong><strong>ou montant total<\/strong> <strong>vous sera factur\u00e9 au moment de la r\u00e9servation pour confirmer la r\u00e9servation.<\/strong><\/p>\n<p><strong>Les candidats utilisant un \u00e9quipement de Dimitri Lionel Baeten ou de \u00ab\u00a0Qmann Diving\u00a0\u00bb pour n\u2019importe quel cours sont responsables de cet \u00e9quipement et seront factur\u00e9s pour toute perte ou dommage, quelle qu\u2019en soit la cause.<\/strong><\/p>\n<p><strong>Les candidats ne peuvent participer \u00e0 des activit\u00e9s de plong\u00e9e sans une d\u00e9claration m\u00e9dicale d\u00fbment remplie et une d\u00e9claration de compr\u00e9hension et de prise de risque. Tout retard occasionn\u00e9 par le non-respect de ces conditions administratives et m\u00e9dicales sera imputable au tarif actuel de la session manqu\u00e9e.<\/strong><\/p>\n<p><strong>-Toute non-participation aux sessions programm\u00e9es sera factur\u00e9e au tarif actuel de la session manqu\u00e9e.<\/strong><\/p>\n<p><strong>-Si les clients ne respectent pas les exigences de performance pour toute s\u00e9ance de plong\u00e9e ou de d\u00e9veloppement de connaissances, \u00e0 la seule discr\u00e9tion de l\u2019instructeur, Dimitri Lionel Baeten \u00ab\u00a0Qmann Diving\u00a0\u00bb se r\u00e9serve le droit de facturer la r\u00e9p\u00e9tition de cette plong\u00e9e ou de cette session. le taux de session \u00e0 ce moment-l\u00e0 et d\u00e9pend de la nature de la plong\u00e9e ou de la session manqu\u00e9e.<\/strong><\/p>\n<p><strong>Ni Dimitri Lionel Baeten \u00ab\u00a0Qmann Diving\u00a0\u00bb ses employ\u00e9s, ni ses sous-traitants ne peuvent \u00eatre tenus responsables des dommages ou de la perte de tout \u00e9quipement personnel caus\u00e9s avant, pendant ou apr\u00e8s toute activit\u00e9 de plong\u00e9e.<\/strong><\/p>\n<p>&nbsp;<\/p>\n<p><strong>Paiements<\/strong><\/p>\n<p><strong>Le paiement est effectu\u00e9 au moment de la r\u00e9servation et enregistr\u00e9 automatiquement.<\/strong><\/p>\n<p><strong>Au moment de votre inscription \/ r\u00e9servation, le client prend des engagements envers Dimitri Lionel Baeten \u00ab\u00a0Qmann Diving\u00a0\u00bb:<\/strong><\/p>\n<p><strong>Avoir pris connaissance et accepter les pr\u00e9sentes Conditions g\u00e9n\u00e9rales de participation, ainsi que l\u2019activit\u00e9 \u00e0 laquelle le Client souscrit, qui constitue les conditions particuli\u00e8res de participation \u00e0 l\u2019activit\u00e9.<\/strong><\/p>\n<p><strong>Annulations de cours effectu\u00e9es par vous:<\/strong><\/p>\n<p><strong>Vous avez le droit d\u2019annuler votre cours \u00e0 tout moment. Toutes les annulations peuvent \u00eatre effectu\u00e9es par les m\u00e9thodes suivantes, en envoyant un email \u00e0 info@qmanndiving.com. L\u2019annulation prendra effet \u00e0 compter de la date de r\u00e9ception de cet avis et sa r\u00e9ception sera confirm\u00e9e par \u00e9crit par SMS ou email. Les frais d\u2019annulation seront factur\u00e9s en pourcentage du prix du d\u00e9p\u00f4t, en fonction du nombre de jours pr\u00e9c\u00e9dant le cours sur lequel l\u2019avis d\u2019annulation a \u00e9t\u00e9 re\u00e7u. Les frais d\u2019annulation suivants s\u2019appliqueront:<\/strong><\/p>\n<p><strong>-Plus de 30 jours: 25% <\/strong><\/p>\n<p><strong>-Entre 14 et 29 jours: 50% <\/strong><\/p>\n<p><strong>-Entre 0 et 13 jours: 100%<\/strong><\/p>\n<p>&nbsp;<\/p>\n<p><strong>Changements apport\u00e9s par nous:\u00a0<\/strong><\/p>\n<p><strong>\u2013 Il est peu probable que nous devions apporter des modifications \u00e0 vos arrangements de cours. \u00c0 l\u2019occasion, nous pouvons \u00eatre amen\u00e9s \u00e0 apporter des modifications (par exemple, un changement d\u2019instructeur peut \u00eatre n\u00e9cessaire ou un site de plong\u00e9e pour la formation) et nous nous r\u00e9servons le droit de le faire \u00e0 tout moment.<\/strong><\/p>\n<p><strong>-Nous nous r\u00e9servons \u00e9galement le droit d\u2019annuler vos arrangements de cours. Par exemple, si tous les instructeurs sont incapables de plonger ou que le temps est trop mauvais pour permettre la plong\u00e9e, nous devrons peut-\u00eatre l\u2019annuler. Toutefois, dans ce cas, Dimitri Lionel Baeten \u00ab\u00a0Qmann Diving\u00a0\u00bb peut reprogrammer votre cours r\u00e9serv\u00e9 dans le futur si disponible.<\/strong><\/p>\n<p><strong>NOTE IMPORTANTE:\u00a0Les remboursements ou les paiements compensatoires ne s\u2019appliquent pas si nous devons reprogrammer votre cours ou des circonstances ind\u00e9pendantes de notre volont\u00e9 (force majeure). Nous pouvons annuler votre cours dans les circonstances suivantes: guerre, menace de guerre, \u00e9meutes, troubles civils ou activit\u00e9s terroristes, conflits industriels, catastrophes naturelles ou nucl\u00e9aires, incendie, probl\u00e8mes techniques de transport, probl\u00e8mes techniques en g\u00e9n\u00e9ral, fermetures d\u2019a\u00e9roports, mauvaises conditions m\u00e9t\u00e9orologiques. et des \u00e9v\u00e9nements similaires ind\u00e9pendants de notre volont\u00e9.<\/strong><\/p>\n<p><strong>-Tous les frais encourus pendant le cours entra\u00eeneront la suspension de la formation et la suspension de la certification jusqu\u2019\u00e0 leur paiement int\u00e9gral. Dimitri Lionel Baeten \u00ab\u00a0Qmann Diving\u00a0\u00bb se r\u00e9serve le droit de facturer des frais impay\u00e9s sur la carte de cr\u00e9dit \/ d\u00e9bit du client.<\/strong><\/p>\n<p><strong>-Dimitri Lionel Baeten \u00ab\u00a0Qmann Diving\u00a0\u00bb se r\u00e9serve le droit de facturer des frais d\u2019administration pour toute modification apport\u00e9e \u00e0 des sessions programm\u00e9es sur un cours r\u00e9serv\u00e9 et demand\u00e9e par le client. Ces frais peuvent \u00eatre factur\u00e9s en plus des frais de session manqu\u00e9s, \u00e0 la discr\u00e9tion de Dimitri Lionel Baeten \u00ab\u00a0Qmann Diving\u00a0\u00bb.<\/strong><\/p>\n<p><strong>-Tous les cours doivent \u00eatre commenc\u00e9s dans les 6 mois suivant la r\u00e9servation, sauf accord pr\u00e9alable de Qmann Diving, les cours non commenc\u00e9s dans les 6 mois de la r\u00e9servation perdront tous les frais pay\u00e9s.<\/strong><\/p>\n<p><strong>Les candidats acceptent de se conformer aux r\u00e8gles et d\u00e9cisions de Qmann Diving, de son personnel et de ses sous-traitants pour toutes les questions relatives \u00e0 la formation des plongeurs.<\/strong><\/p>\n<p><strong>Aucun remboursement apr\u00e8s le d\u00e9but du cours!<\/strong><\/p>\n<p>&nbsp;<\/p>\n<p><strong>R\u00e9servations de plong\u00e9e:<\/strong><strong>\u00a0<\/strong><\/p>\n<p><strong>-Tous les plongeurs figurant sur une r\u00e9servation de plong\u00e9e \u00e0 terre seront inclus dans la r\u00e9servation, et les frais seront appliqu\u00e9s \u00e0 tous les espaces r\u00e9serv\u00e9s.<\/strong><\/p>\n<p><strong>-Un acompte ou montant complete sera factur\u00e9 au moment de la r\u00e9servation pour confirmer la r\u00e9servation.<\/strong><strong>\u00a0<\/strong><\/p>\n<p><strong>-Le centre de plong\u00e9e se r\u00e9serve le droit de changer de site sans pr\u00e9avis, en raison de la m\u00e9t\u00e9o, des conditions de s\u00e9curit\u00e9 ou de toute autre raison.<\/strong><\/p>\n<p><strong>\u00a0<\/strong><\/p>\n<p><strong>Paiements<\/strong><strong>\u00a0<\/strong><\/p>\n<p><strong>Le paiement est effectu\u00e9 au moment de la r\u00e9servation et enregistr\u00e9 automatiquement.\u00a0<\/strong><\/p>\n<p><strong>Au moment de votre inscription \/ r\u00e9servation, le client s&rsquo;engage envers Dimitri Lionel Baeten \u00ab\u00a0Qmann Diving\u00a0\u00bb:<\/strong><\/p>\n<p><strong>Avoir pris connaissance et accept\u00e9 les pr\u00e9sentes conditions de participation, ainsi que l\u2019activit\u00e9 dans laquelle le Le client souscrit, qui constitue les conditions particuli\u00e8res de participation \u00e0 l&rsquo;activit\u00e9.<\/strong><\/p>\n<p><strong>Que ce soit dans des conditions sanitaires ad\u00e9quates pour l&rsquo;activit\u00e9 dans laquelle la nature de l&rsquo;activit\u00e9 est inscrite et accept\u00e9e, \u00e0 savoir les risques r\u00e9sultant de l&rsquo;impossibilit\u00e9 d&rsquo;acc\u00e9der imm\u00e9diatement \u00e0 des soins m\u00e9dicaux.<\/strong><\/p>\n<p><strong>Qui est conscient du type d&rsquo;exigences physiques et psychologiques que l&rsquo;activit\u00e9 implique et qui peut conduire \u00e0 des situations impr\u00e9vues.<\/strong><\/p>\n<p><strong>\u00a0<\/strong><\/p>\n<p><strong>Annulations de voyages de plong\u00e9e que vous avez effectu\u00e9es:<\/strong><\/p>\n<p><strong>Vous avez le droit d\u2019annuler votre voyage de plong\u00e9e \u00e0 tout moment. Toutes les annulations peuvent \u00eatre effectu\u00e9es selon la m\u00e9thode suivante, en envoyant un courrier \u00e9lectronique \u00e0 info@qmanndiving.com. L&rsquo;annulation prendra effet \u00e0 compter du jour o\u00f9 cet avis est re\u00e7u et son accus\u00e9 de r\u00e9ception sera confirm\u00e9 par \u00e9crit par courrier \u00e9lectronique.<\/strong><\/p>\n<p>&nbsp;<\/p>\n<p><strong>Les frais d&rsquo;annulation seront factur\u00e9s sous forme de pourcentage du montant de l&rsquo;acompte, en fonction du nombre de jours avant la date \u00e0 laquelle le pr\u00e9avis d&rsquo;annulation a \u00e9t\u00e9 re\u00e7u. Les frais d&rsquo;annulation suivants seront appliqu\u00e9s:<\/strong><\/p>\n<p><strong>\u00a0<\/strong><\/p>\n<p><strong>&#8211; Plus de 30 jours: 25% <\/strong><\/p>\n<p><strong>&#8211; Entre 14 et 29 jours: 50% <\/strong><\/p>\n<p><strong>&#8211; Entre 0 et 13 jours: 100%<\/strong><\/p>\n<p><strong>\u00a0<\/strong><\/p>\n<p><strong>Changements apport\u00e9s par nous:<\/strong><\/p>\n<p><strong>-Il est peu probable que nous devions apporter des modifications \u00e0 vos arrangements de plong\u00e9e. Parfois, nous pouvons \u00eatre amen\u00e9s \u00e0 effectuer des modifications (par exemple, un changement de site de plong\u00e9e peut \u00eatre n\u00e9cessaire) et nous nous r\u00e9servons le droit de le faire \u00e0 tout moment.<\/strong><\/p>\n<p><strong>\u00a0<\/strong><\/p>\n<p><strong>\u2013IMPORTANT NOTE: Les remboursements ou tout paiement d\u2019indemnit\u00e9 ne s\u2019appliquent pas \u00e0 des circonstances ind\u00e9pendantes de notre volont\u00e9 (force majeure). Nous pouvons annuler votre voyage de plong\u00e9e dans les cas suivants: guerre, menace de guerre, \u00e9meutes, troubles civils ou activit\u00e9s terroristes, conflits du travail, catastrophes naturelles ou nucl\u00e9aires, incendies, probl\u00e8mes techniques de transport, fermetures d\u2019a\u00e9roports, mauvaises conditions m\u00e9t\u00e9orologiques et \u00e9v\u00e9nements similaires au-del\u00e0 notre contr\u00f4le.<\/strong><\/p>\n<p><strong>\u00a0<\/strong><\/p>\n<p><strong>-Dimitri Lionel Baeten \u00ab\u00a0Qmann Diving\u00a0\u00bb se r\u00e9serve le droit de refuser la plong\u00e9e aux plongeurs si, de l&rsquo;avis du centre de plong\u00e9e, le plongeur ne convient pas pour la plong\u00e9e choisie pour quelque raison que ce soit. Dans ce cas, le plongeur sera responsable de la pleine charge de la plong\u00e9e.<\/strong><strong>\u00a0<\/strong><\/p>\n<p><strong>-En tout ce qui concerne la r\u00e9servation d&rsquo;un voyage de plong\u00e9e; La d\u00e9cision du centre de plong\u00e9e est d\u00e9finitive.<\/strong><\/p>\n<p><strong>-Tous les plongeurs acceptent de se conformer aux pratiques de plong\u00e9e du centre de plong\u00e9e, dont une copie est disponible sur demande. La d\u00e9cision du centre sur toutes les questions de plong\u00e9e est d\u00e9finitive.<\/strong><\/p>\n<p><strong>-Les plongeurs utilisant Dimitri Lionel Baeten ou son \u00e9quipement \u00ab\u00a0Qmann Diving\u00a0\u00bb pour des activit\u00e9s ou des cours de plong\u00e9e sous-marine sont responsables de cet \u00e9quipement et seront int\u00e9gralement factur\u00e9s pour toute perte ou tout dommage caus\u00e9.<\/strong><\/p>\n<p>&nbsp;<\/p>\n<p><strong>Autre<\/strong><\/p>\n<p><strong>-Dimitri Lionel Baeten \u00ab\u00a0Qmann Diving\u00a0\u00bb n\u2019accepte AUCUNE RESPONSABILIT\u00c9 pour la perte ou l\u2019endommagement de biens personnels, y compris l\u2019\u00e9quipement de plong\u00e9e, et tout \u00e9quipement laiss\u00e9 sur le site de plong\u00e9e ou dans le centre de plong\u00e9e pendant la nuit ou pendant le transport est aux risques du propri\u00e9taire.<\/strong><\/p>\n<p><strong>-Nous nous r\u00e9servons le droit de modifier ces termes et conditions \u00e0 tout moment.<\/strong><\/p>\n","protected":false},"excerpt":{"rendered":"<p>Termes et conditions d\u2019utilisation. -Il est important et affecte vos droits l\u00e9gaux, alors s\u2019il vous pla\u00eet lisez-les et nos autres&hellip;<\/p>\n","protected":false},"author":1,"featured_media":0,"parent":0,"menu_order":0,"comment_status":"closed","ping_status":"closed","template":"","meta":{"_acf_changed":false,"footnotes":""},"class_list":["post-948","page","type-page","status-publish","hentry"],"acf":[],"yoast_head":"<!-- This site is optimized with the Yoast SEO plugin v26.1.1 - https:\/\/yoast.com\/wordpress\/plugins\/seo\/ -->\n<title>Termes et conditions - Qmann Diving- dive centers in the Azores<\/title>\n<meta name=\"robots\" content=\"index, follow, max-snippet:-1, max-image-preview:large, max-video-preview:-1\" \/>\n<link rel=\"canonical\" href=\"https:\/\/qmanndiving.com\/fr\/terms-and-conditions\/\" \/>\n<meta property=\"og:locale\" content=\"fr_FR\" \/>\n<meta property=\"og:type\" content=\"article\" \/>\n<meta property=\"og:title\" content=\"Termes et conditions - Qmann Diving- dive centers in the Azores\" \/>\n<meta property=\"og:description\" content=\"Termes et conditions d\u2019utilisation. -Il est important et affecte vos droits l\u00e9gaux, alors s\u2019il vous pla\u00eet lisez-les et nos autres&hellip;\" \/>\n<meta property=\"og:url\" content=\"https:\/\/qmanndiving.com\/fr\/terms-and-conditions\/\" \/>\n<meta property=\"og:site_name\" content=\"Qmann Diving- dive centers in the Azores\" \/>\n<meta property=\"article:publisher\" content=\"https:\/\/www.facebook.com\/pages\/category\/Scuba-Diving-Center\/Qmann-Diving-dive-center-Azores-276319169682383\/\" \/>\n<meta property=\"article:modified_time\" content=\"2019-02-26T12:58:45+00:00\" \/>\n<meta name=\"twitter:card\" content=\"summary_large_image\" \/>\n<meta name=\"twitter:label1\" content=\"Dur\u00e9e de lecture estim\u00e9e\" \/>\n\t<meta name=\"twitter:data1\" content=\"9 minutes\" \/>\n<script type=\"application\/ld+json\" class=\"yoast-schema-graph\">{\"@context\":\"https:\/\/schema.org\",\"@graph\":[{\"@type\":\"WebPage\",\"@id\":\"https:\/\/qmanndiving.com\/fr\/terms-and-conditions\/\",\"url\":\"https:\/\/qmanndiving.com\/fr\/terms-and-conditions\/\",\"name\":\"Termes et conditions - Qmann Diving- dive centers in the Azores\",\"isPartOf\":{\"@id\":\"https:\/\/qmanndiving.com\/#website\"},\"datePublished\":\"2018-08-22T09:59:25+00:00\",\"dateModified\":\"2019-02-26T12:58:45+00:00\",\"breadcrumb\":{\"@id\":\"https:\/\/qmanndiving.com\/fr\/terms-and-conditions\/#breadcrumb\"},\"inLanguage\":\"fr-FR\",\"potentialAction\":[{\"@type\":\"ReadAction\",\"target\":[\"https:\/\/qmanndiving.com\/fr\/terms-and-conditions\/\"]}]},{\"@type\":\"BreadcrumbList\",\"@id\":\"https:\/\/qmanndiving.com\/fr\/terms-and-conditions\/#breadcrumb\",\"itemListElement\":[{\"@type\":\"ListItem\",\"position\":1,\"name\":\"In\u00edcio\",\"item\":\"https:\/\/qmanndiving.com\/fr\/\"},{\"@type\":\"ListItem\",\"position\":2,\"name\":\"Termes et conditions\"}]},{\"@type\":\"WebSite\",\"@id\":\"https:\/\/qmanndiving.com\/#website\",\"url\":\"https:\/\/qmanndiving.com\/\",\"name\":\"Qmann Diving - centro de mergulho nos A\u00e7ores\",\"description\":\"Qmann Diving is a fully SSI certified dive centre operating at Terceira island, one of the finest island in the Azores, offering you private or small groups (max. 4) diving and courses, our goal is Quality.\",\"publisher\":{\"@id\":\"https:\/\/qmanndiving.com\/#organization\"},\"potentialAction\":[{\"@type\":\"SearchAction\",\"target\":{\"@type\":\"EntryPoint\",\"urlTemplate\":\"https:\/\/qmanndiving.com\/?s={search_term_string}\"},\"query-input\":{\"@type\":\"PropertyValueSpecification\",\"valueRequired\":true,\"valueName\":\"search_term_string\"}}],\"inLanguage\":\"fr-FR\"},{\"@type\":\"Organization\",\"@id\":\"https:\/\/qmanndiving.com\/#organization\",\"name\":\"Qmann Diving\",\"url\":\"https:\/\/qmanndiving.com\/\",\"logo\":{\"@type\":\"ImageObject\",\"inLanguage\":\"fr-FR\",\"@id\":\"https:\/\/qmanndiving.com\/#\/schema\/logo\/image\/\",\"url\":\"https:\/\/qmanndiving.com\/wp-content\/uploads\/logo_qman_diving_1.png\",\"contentUrl\":\"https:\/\/qmanndiving.com\/wp-content\/uploads\/logo_qman_diving_1.png\",\"width\":650,\"height\":350,\"caption\":\"Qmann Diving\"},\"image\":{\"@id\":\"https:\/\/qmanndiving.com\/#\/schema\/logo\/image\/\"},\"sameAs\":[\"https:\/\/www.facebook.com\/pages\/category\/Scuba-Diving-Center\/Qmann-Diving-dive-center-Azores-276319169682383\/\"]}]}<\/script>\n<!-- \/ Yoast SEO plugin. -->","yoast_head_json":{"title":"Termes et conditions - Qmann Diving- dive centers in the Azores","robots":{"index":"index","follow":"follow","max-snippet":"max-snippet:-1","max-image-preview":"max-image-preview:large","max-video-preview":"max-video-preview:-1"},"canonical":"https:\/\/qmanndiving.com\/fr\/terms-and-conditions\/","og_locale":"fr_FR","og_type":"article","og_title":"Termes et conditions - Qmann Diving- dive centers in the Azores","og_description":"Termes et conditions d\u2019utilisation. -Il est important et affecte vos droits l\u00e9gaux, alors s\u2019il vous pla\u00eet lisez-les et nos autres&hellip;","og_url":"https:\/\/qmanndiving.com\/fr\/terms-and-conditions\/","og_site_name":"Qmann Diving- dive centers in the Azores","article_publisher":"https:\/\/www.facebook.com\/pages\/category\/Scuba-Diving-Center\/Qmann-Diving-dive-center-Azores-276319169682383\/","article_modified_time":"2019-02-26T12:58:45+00:00","twitter_card":"summary_large_image","twitter_misc":{"Dur\u00e9e de lecture estim\u00e9e":"9 minutes"},"schema":{"@context":"https:\/\/schema.org","@graph":[{"@type":"WebPage","@id":"https:\/\/qmanndiving.com\/fr\/terms-and-conditions\/","url":"https:\/\/qmanndiving.com\/fr\/terms-and-conditions\/","name":"Termes et conditions - Qmann Diving- dive centers in the Azores","isPartOf":{"@id":"https:\/\/qmanndiving.com\/#website"},"datePublished":"2018-08-22T09:59:25+00:00","dateModified":"2019-02-26T12:58:45+00:00","breadcrumb":{"@id":"https:\/\/qmanndiving.com\/fr\/terms-and-conditions\/#breadcrumb"},"inLanguage":"fr-FR","potentialAction":[{"@type":"ReadAction","target":["https:\/\/qmanndiving.com\/fr\/terms-and-conditions\/"]}]},{"@type":"BreadcrumbList","@id":"https:\/\/qmanndiving.com\/fr\/terms-and-conditions\/#breadcrumb","itemListElement":[{"@type":"ListItem","position":1,"name":"In\u00edcio","item":"https:\/\/qmanndiving.com\/fr\/"},{"@type":"ListItem","position":2,"name":"Termes et conditions"}]},{"@type":"WebSite","@id":"https:\/\/qmanndiving.com\/#website","url":"https:\/\/qmanndiving.com\/","name":"Qmann Diving - centro de mergulho nos A\u00e7ores","description":"Qmann Diving is a fully SSI certified dive centre operating at Terceira island, one of the finest island in the Azores, offering you private or small groups (max. 4) diving and courses, our goal is Quality.","publisher":{"@id":"https:\/\/qmanndiving.com\/#organization"},"potentialAction":[{"@type":"SearchAction","target":{"@type":"EntryPoint","urlTemplate":"https:\/\/qmanndiving.com\/?s={search_term_string}"},"query-input":{"@type":"PropertyValueSpecification","valueRequired":true,"valueName":"search_term_string"}}],"inLanguage":"fr-FR"},{"@type":"Organization","@id":"https:\/\/qmanndiving.com\/#organization","name":"Qmann Diving","url":"https:\/\/qmanndiving.com\/","logo":{"@type":"ImageObject","inLanguage":"fr-FR","@id":"https:\/\/qmanndiving.com\/#\/schema\/logo\/image\/","url":"https:\/\/qmanndiving.com\/wp-content\/uploads\/logo_qman_diving_1.png","contentUrl":"https:\/\/qmanndiving.com\/wp-content\/uploads\/logo_qman_diving_1.png","width":650,"height":350,"caption":"Qmann Diving"},"image":{"@id":"https:\/\/qmanndiving.com\/#\/schema\/logo\/image\/"},"sameAs":["https:\/\/www.facebook.com\/pages\/category\/Scuba-Diving-Center\/Qmann-Diving-dive-center-Azores-276319169682383\/"]}]}},"_links":{"self":[{"href":"https:\/\/qmanndiving.com\/fr\/wp-json\/wp\/v2\/pages\/948","targetHints":{"allow":["GET"]}}],"collection":[{"href":"https:\/\/qmanndiving.com\/fr\/wp-json\/wp\/v2\/pages"}],"about":[{"href":"https:\/\/qmanndiving.com\/fr\/wp-json\/wp\/v2\/types\/page"}],"author":[{"embeddable":true,"href":"https:\/\/qmanndiving.com\/fr\/wp-json\/wp\/v2\/users\/1"}],"replies":[{"embeddable":true,"href":"https:\/\/qmanndiving.com\/fr\/wp-json\/wp\/v2\/comments?post=948"}],"version-history":[{"count":7,"href":"https:\/\/qmanndiving.com\/fr\/wp-json\/wp\/v2\/pages\/948\/revisions"}],"predecessor-version":[{"id":1249,"href":"https:\/\/qmanndiving.com\/fr\/wp-json\/wp\/v2\/pages\/948\/revisions\/1249"}],"wp:attachment":[{"href":"https:\/\/qmanndiving.com\/fr\/wp-json\/wp\/v2\/media?parent=948"}],"curies":[{"name":"wp","href":"https:\/\/api.w.org\/{rel}","templated":true}]}}