{"id":931,"date":"2016-10-11T08:24:39","date_gmt":"2016-10-11T08:24:39","guid":{"rendered":"http:\/\/qmanndiving.com\/fr\/contacts\/"},"modified":"2023-05-24T12:22:58","modified_gmt":"2023-05-24T12:22:58","slug":"contacts","status":"publish","type":"page","link":"https:\/\/qmanndiving.com\/fr\/contacts\/","title":{"rendered":"Contacter"},"content":{"rendered":"<p>[vc_row css=\u00a0\u00bb.vc_custom_1476714760537{margin-top: 6.8em !important;margin-bottom: 7.3em !important;}\u00a0\u00bb][vc_column width=\u00a0\u00bb1\/3&Prime;][vc_column_text css=\u00a0\u00bb.vc_custom_1535121154690{padding-top: 2em !important;padding-bottom: 2em !important;background-color: #e2e2db !important;background-position: 0 0 !important;background-repeat: repeat !important;}\u00a0\u00bb]<\/p>\n<h5 class=\"trx_addons_no_margins\" style=\"text-align: center\">Addresse<\/h5>\n<p style=\"text-align: center\"><span style=\"color: #2d4059\">Canada da Vinha Velha, 34<\/span><\/p>\n<p style=\"text-align: center\">9700-301 Altares<\/p>\n<p style=\"text-align: center\">Terceira Island<\/p>\n<h5 class=\"trx_addons_no_margins\" style=\"text-align: center\">Email<\/h5>\n<p style=\"text-align: center\"><span style=\"color: #2d4059\"><a href=\"mailto:info@qmanndiving.com\">info@qmanndiving.com<\/a><\/span><\/p>\n<p>[\/vc_column_text][\/vc_column][vc_column width=\u00a0\u00bb1\/3&Prime;][vc_column_text css=\u00a0\u00bb.vc_custom_1535128117681{padding-top: 2em !important;padding-bottom: 5.9em !important;background-color: #e2e2db !important;background-position: 0 0 !important;background-repeat: repeat !important;}\u00a0\u00bb]<\/p>\n<h5 class=\"trx_addons_no_margins\" style=\"text-align: center\">T\u00e9l\u00e9phone Portable<\/h5>\n<p style=\"text-align: center\"><a style=\"color: #2d4059\" href=\"tel:+351 964 651 878\">+351 964 651 878<\/a><\/p>\n<h5 class=\"trx_addons_no_margins\" style=\"text-align: center\">Bureau<\/h5>\n<p style=\"text-align: center\"><a style=\"color: #2d4059\" href=\"tel:+351 295 989 076\">+351 295 989 076<\/a><\/p>\n<p>[\/vc_column_text][\/vc_column][vc_column width=\u00a0\u00bb1\/3&Prime;][vc_column_text css=\u00a0\u00bb.vc_custom_1535128131129{padding-top: 3.5em !important;padding-bottom: 6.9em !important;background-color: #e2e2db !important;background-position: 0 0 !important;background-repeat: repeat !important;}\u00a0\u00bb]<\/p>\n<h5 class=\"trx_addons_no_margins\" style=\"text-align: center\">Horaire<\/h5>\n<div style=\"text-align: center;color: #2d4059\">\n<p>7 jours par semaine (sur demande)<\/p>\n<p>9h00am- 12h00pm<\/p>\n<p>2h00pm &#8211; 6h00pm<\/p>\n<\/div>\n<p>[\/vc_column_text][\/vc_column][\/vc_row][vc_row][vc_column][vc_column_text]<\/p>\n<p>[\/vc_column_text][\/vc_column][\/vc_row][vc_row full_width=\u00a0\u00bbstretch_row_content_no_spaces\u00a0\u00bb css=\u00a0\u00bb.vc_custom_1535123523207{margin-bottom: 0px !important;padding-bottom: 0px !important;}\u00a0\u00bb][vc_column][vc_raw_html]JTNDaWZyYW1lJTIwc3JjJTNEJTIyaHR0cHMlM0ElMkYlMkZ3d3cuZ29vZ2xlLmNvbSUyRm1hcHMlMkZlbWJlZCUzRnBiJTNEJTIxMW0xOCUyMTFtMTIlMjExbTMlMjExZDMxMDkuOTgzNzA2NDkyMjM5NCUyMTJkLTI3LjMxODQ5MDI4NDY1MjkxNyUyMTNkMzguNzg3MDA3ODc5NTg3ODc1JTIxMm0zJTIxMWYwJTIxMmYwJTIxM2YwJTIxM20yJTIxMWkxMDI0JTIxMmk3NjglMjE0ZjEzLjElMjEzbTMlMjExbTIlMjExczB4YjQ2NzE4ZmFhMWY3ODFmJTI1M0EweGM0YTcxZDViZjM4MGJhM2QlMjEyc1FtYW5uJTJCRGl2aW5nJTJCZGl2ZSUyQmNlbnRlciUyQkF6b3JlcyUyMTVlMCUyMTNtMiUyMTFzZW4lMjEyc3B0JTIxNHYxNTM5NzcwMzE3MzE5JTIyJTIwd2lkdGglM0QlMjIxMDAlMjUlMjIlMjBoZWlnaHQlM0QlMjI2MTIlMjIlMjBmcmFtZWJvcmRlciUzRCUyMjAlMjIlMjBzdHlsZSUzRCUyMmJvcmRlciUzQTAlMjIlMjBhbGxvd2Z1bGxzY3JlZW4lM0UlM0MlMkZpZnJhbWUlM0U=[\/vc_raw_html]<div id=\"sc_content_446864271\"\n\t\tclass=\"sc_content sc_content_default form_contact  vc_custom_1535041363182 sc_content_width_1_3\"><div class=\"sc_content_container\">[vc_column_text css=\u00a0\u00bb.vc_custom_1534258826643{margin-top: 1em !important;margin-bottom: 2em !important;}\u00a0\u00bb]<\/p>\n<h5 class=\"trx_addons_no_margins\">NOUS ACCEPTONS LES R\u00c9SERVATIONS PAR E-MAIL, S&rsquo;IL VOUS PLA\u00ceT N&rsquo;H\u00c9SITEZ PAS \u00c0 NOUS CONTACTER<\/h5>\n<p>[\/vc_column_text]<script src=\"https:\/\/www.google.com\/recaptcha\/api.js\" async defer><\/script>\r\n<div\r\n\t id=\"sc_form_1866518348\"\tclass=\"sc_form sc_form_detailed sc_align_default\"\r\n\t\t>\r\n\t\t<div class=\"trx_addons_columns_wrap columns_padding_bottom\"><div class=\"trx_addons_column-1_1\">\r\n\t\t\t<form class=\"sc_form_form \" method=\"post\" action=\"https:\/\/qmanndiving.com\/wp-admin\/admin-ajax.php\"><label class=\"sc_form_field sc_form_field_name required\">\n\t\t<span class=\"sc_form_field_wrap\"><input type=\"text\" \n\t\t\t\t\tname=\"name\"\n\t\t\t\t\tid=\"name\"\n\t\t\t\t\tvalue=\"\"\n\t\t\t\t\t aria-required=\"true\"\t\t\t\t\t placeholder=\"Entrez votre nom\"\t\t\t\t\t>\t<\/span>\n<\/label>\n<label class=\"sc_form_field sc_form_field_email required\">\n\t\t<span class=\"sc_form_field_wrap\"><input type=\"text\" \n\t\t\t\t\tname=\"email\"\n\t\t\t\t\tid=\"email\"\n\t\t\t\t\tvalue=\"\"\n\t\t\t\t\t aria-required=\"true\"\t\t\t\t\t placeholder=\"Entrez votre e-mail\"\t\t\t\t\t>\t<\/span>\n<\/label>\n<label class=\"sc_form_field sc_form_field_nationality optional\">\n\t\t<span class=\"sc_form_field_wrap\"><input type=\"text\" \n\t\t\t\t\tname=\"nationality\"\n\t\t\t\t\tid=\"nationality\"\n\t\t\t\t\tvalue=\"\"\n\t\t\t\t\t\t\t\t\t\t placeholder=\"Entrez votre nationalit\u00e9\"\t\t\t\t\t>\t<\/span>\n<\/label>\n<label class=\"sc_form_field sc_form_field_spoken_lang optional\">\n\t\t<span class=\"sc_form_field_wrap\"><input type=\"text\" \n\t\t\t\t\tname=\"spoken_lang\"\n\t\t\t\t\tid=\"spoken_lang\"\n\t\t\t\t\tvalue=\"\"\n\t\t\t\t\t\t\t\t\t\t placeholder=\"Entrez votre langue parl\u00e9e\"\t\t\t\t\t>\t<\/span>\n<\/label>\n<label class=\"sc_form_field sc_form_field_phone optional\">\n\t\t<span class=\"sc_form_field_wrap\"><input type=\"text\" \n\t\t\t\t\tname=\"phone\"\n\t\t\t\t\tid=\"phone\"\n\t\t\t\t\tvalue=\"\"\n\t\t\t\t\t\t\t\t\t\t placeholder=\"Entrez votre num\u00e9ro de t\u00e9l\u00e9phone\"\t\t\t\t\t>\t<\/span>\n<\/label>\n<label class=\"sc_form_field sc_form_field_diving optional\">\n\t\t<span class=\"sc_form_field_wrap\"><input type=\"text\" \n\t\t\t\t\tname=\"diving\"\n\t\t\t\t\tid=\"diving\"\n\t\t\t\t\tvalue=\"\"\n\t\t\t\t\t\t\t\t\t\t placeholder=\"Entrez votre certification de plong\u00e9e\"\t\t\t\t\t>\t<\/span>\n<\/label>\n<label class=\"sc_form_field sc_form_field_message required\">\n\t\t<span class=\"sc_form_field_wrap\"><textarea \n\t\t\t\t\tname=\"message\"\n\t\t\t\t\tid=\"message\"\n\t\t\t\t\t aria-required=\"true\"\t\t\t\t\t placeholder=\"Entrez votre message\"\t\t\t\t\t><\/textarea>\t<\/span>\n<\/label>\n                <!--<center><div class=\"g-recaptcha\" data-sitekey=\"6LcgJrQUAAAAAIHFgqD8HXVvZtyIHglgbfwe6D0T\" style=\"z-index: 1;position: absolute;bottom: -92px;\"><\/div><\/center> -->\r\n                \r\n\t\t\t\t<div class=\"sc_form_field sc_form_field_button\" style=\"bottom: -160px;position: absolute; width:100%\"><button>Envoyer le message<\/button><\/div>\r\n\t\t\t\t<div class=\"trx_addons_message_box sc_form_result\"><\/div>\r\n\t\t\t<\/form>\r\n\t\t<\/div><div class=\"trx_addons_column-1_2\">\r\n\t\t\t<div class=\"sc_form_info\">\r\n\t\t\t\t\t\t\t<\/div>\r\n\t\t<\/div>\r\n\t<\/div>\r\n<\/div><!-- \/.sc_form --><\/div><\/div><!-- \/.sc_content -->[\/vc_column][\/vc_row]<\/p>\n","protected":false},"excerpt":{"rendered":"<p>[vc_row css=\u00a0\u00bb.vc_custom_1476714760537{margin-top: 6.8em !important;margin-bottom: 7.3em !important;}\u00a0\u00bb][vc_column width=\u00a0\u00bb1\/3&Prime;][vc_column_text css=\u00a0\u00bb.vc_custom_1535121154690{padding-top: 2em !important;padding-bottom: 2em !important;background-color: #e2e2db !important;background-position: 0 0 !important;background-repeat: repeat !important;}\u00a0\u00bb] Addresse&hellip;<\/p>\n","protected":false},"author":1,"featured_media":0,"parent":0,"menu_order":0,"comment_status":"closed","ping_status":"closed","template":"","meta":{"_acf_changed":false,"footnotes":""},"class_list":["post-931","page","type-page","status-publish","hentry"],"acf":[],"yoast_head":"<!-- This site is optimized with the Yoast SEO plugin v26.1.1 - https:\/\/yoast.com\/wordpress\/plugins\/seo\/ -->\n<title>Contacter - Qmann Diving- dive centers in the Azores<\/title>\n<meta name=\"robots\" content=\"index, follow, max-snippet:-1, max-image-preview:large, max-video-preview:-1\" \/>\n<link rel=\"canonical\" href=\"https:\/\/qmanndiving.com\/fr\/contacts\/\" \/>\n<meta property=\"og:locale\" content=\"fr_FR\" \/>\n<meta property=\"og:type\" content=\"article\" \/>\n<meta property=\"og:title\" content=\"Contacter - Qmann Diving- dive centers in the Azores\" \/>\n<meta property=\"og:description\" content=\"[vc_row css=\u00a0\u00bb.vc_custom_1476714760537{margin-top: 6.8em !important;margin-bottom: 7.3em !important;}\u00a0\u00bb][vc_column width=\u00a0\u00bb1\/3&Prime;][vc_column_text css=\u00a0\u00bb.vc_custom_1535121154690{padding-top: 2em !important;padding-bottom: 2em !important;background-color: #e2e2db !important;background-position: 0 0 !important;background-repeat: repeat !important;}\u00a0\u00bb] Addresse&hellip;\" \/>\n<meta property=\"og:url\" content=\"https:\/\/qmanndiving.com\/fr\/contacts\/\" \/>\n<meta property=\"og:site_name\" content=\"Qmann Diving- dive centers in the Azores\" \/>\n<meta property=\"article:publisher\" content=\"https:\/\/www.facebook.com\/pages\/category\/Scuba-Diving-Center\/Qmann-Diving-dive-center-Azores-276319169682383\/\" \/>\n<meta property=\"article:modified_time\" content=\"2023-05-24T12:22:58+00:00\" \/>\n<meta name=\"twitter:card\" content=\"summary_large_image\" \/>\n<meta name=\"twitter:label1\" content=\"Dur\u00e9e de lecture estim\u00e9e\" \/>\n\t<meta name=\"twitter:data1\" content=\"2 minutes\" \/>\n<script type=\"application\/ld+json\" class=\"yoast-schema-graph\">{\"@context\":\"https:\/\/schema.org\",\"@graph\":[{\"@type\":\"WebPage\",\"@id\":\"https:\/\/qmanndiving.com\/fr\/contacts\/\",\"url\":\"https:\/\/qmanndiving.com\/fr\/contacts\/\",\"name\":\"Contacter - Qmann Diving- dive centers in the Azores\",\"isPartOf\":{\"@id\":\"https:\/\/qmanndiving.com\/#website\"},\"datePublished\":\"2016-10-11T08:24:39+00:00\",\"dateModified\":\"2023-05-24T12:22:58+00:00\",\"breadcrumb\":{\"@id\":\"https:\/\/qmanndiving.com\/fr\/contacts\/#breadcrumb\"},\"inLanguage\":\"fr-FR\",\"potentialAction\":[{\"@type\":\"ReadAction\",\"target\":[\"https:\/\/qmanndiving.com\/fr\/contacts\/\"]}]},{\"@type\":\"BreadcrumbList\",\"@id\":\"https:\/\/qmanndiving.com\/fr\/contacts\/#breadcrumb\",\"itemListElement\":[{\"@type\":\"ListItem\",\"position\":1,\"name\":\"In\u00edcio\",\"item\":\"https:\/\/qmanndiving.com\/fr\/\"},{\"@type\":\"ListItem\",\"position\":2,\"name\":\"Contacter\"}]},{\"@type\":\"WebSite\",\"@id\":\"https:\/\/qmanndiving.com\/#website\",\"url\":\"https:\/\/qmanndiving.com\/\",\"name\":\"Qmann Diving - centro de mergulho nos A\u00e7ores\",\"description\":\"Qmann Diving is a fully SSI certified dive centre operating at Terceira island, one of the finest island in the Azores, offering you private or small groups (max. 4) diving and courses, our goal is Quality.\",\"publisher\":{\"@id\":\"https:\/\/qmanndiving.com\/#organization\"},\"potentialAction\":[{\"@type\":\"SearchAction\",\"target\":{\"@type\":\"EntryPoint\",\"urlTemplate\":\"https:\/\/qmanndiving.com\/?s={search_term_string}\"},\"query-input\":{\"@type\":\"PropertyValueSpecification\",\"valueRequired\":true,\"valueName\":\"search_term_string\"}}],\"inLanguage\":\"fr-FR\"},{\"@type\":\"Organization\",\"@id\":\"https:\/\/qmanndiving.com\/#organization\",\"name\":\"Qmann Diving\",\"url\":\"https:\/\/qmanndiving.com\/\",\"logo\":{\"@type\":\"ImageObject\",\"inLanguage\":\"fr-FR\",\"@id\":\"https:\/\/qmanndiving.com\/#\/schema\/logo\/image\/\",\"url\":\"https:\/\/qmanndiving.com\/wp-content\/uploads\/logo_qman_diving_1.png\",\"contentUrl\":\"https:\/\/qmanndiving.com\/wp-content\/uploads\/logo_qman_diving_1.png\",\"width\":650,\"height\":350,\"caption\":\"Qmann Diving\"},\"image\":{\"@id\":\"https:\/\/qmanndiving.com\/#\/schema\/logo\/image\/\"},\"sameAs\":[\"https:\/\/www.facebook.com\/pages\/category\/Scuba-Diving-Center\/Qmann-Diving-dive-center-Azores-276319169682383\/\"]}]}<\/script>\n<!-- \/ Yoast SEO plugin. -->","yoast_head_json":{"title":"Contacter - Qmann Diving- dive centers in the Azores","robots":{"index":"index","follow":"follow","max-snippet":"max-snippet:-1","max-image-preview":"max-image-preview:large","max-video-preview":"max-video-preview:-1"},"canonical":"https:\/\/qmanndiving.com\/fr\/contacts\/","og_locale":"fr_FR","og_type":"article","og_title":"Contacter - Qmann Diving- dive centers in the Azores","og_description":"[vc_row css=\u00a0\u00bb.vc_custom_1476714760537{margin-top: 6.8em !important;margin-bottom: 7.3em !important;}\u00a0\u00bb][vc_column width=\u00a0\u00bb1\/3&Prime;][vc_column_text css=\u00a0\u00bb.vc_custom_1535121154690{padding-top: 2em !important;padding-bottom: 2em !important;background-color: #e2e2db !important;background-position: 0 0 !important;background-repeat: repeat !important;}\u00a0\u00bb] Addresse&hellip;","og_url":"https:\/\/qmanndiving.com\/fr\/contacts\/","og_site_name":"Qmann Diving- dive centers in the Azores","article_publisher":"https:\/\/www.facebook.com\/pages\/category\/Scuba-Diving-Center\/Qmann-Diving-dive-center-Azores-276319169682383\/","article_modified_time":"2023-05-24T12:22:58+00:00","twitter_card":"summary_large_image","twitter_misc":{"Dur\u00e9e de lecture estim\u00e9e":"2 minutes"},"schema":{"@context":"https:\/\/schema.org","@graph":[{"@type":"WebPage","@id":"https:\/\/qmanndiving.com\/fr\/contacts\/","url":"https:\/\/qmanndiving.com\/fr\/contacts\/","name":"Contacter - Qmann Diving- dive centers in the Azores","isPartOf":{"@id":"https:\/\/qmanndiving.com\/#website"},"datePublished":"2016-10-11T08:24:39+00:00","dateModified":"2023-05-24T12:22:58+00:00","breadcrumb":{"@id":"https:\/\/qmanndiving.com\/fr\/contacts\/#breadcrumb"},"inLanguage":"fr-FR","potentialAction":[{"@type":"ReadAction","target":["https:\/\/qmanndiving.com\/fr\/contacts\/"]}]},{"@type":"BreadcrumbList","@id":"https:\/\/qmanndiving.com\/fr\/contacts\/#breadcrumb","itemListElement":[{"@type":"ListItem","position":1,"name":"In\u00edcio","item":"https:\/\/qmanndiving.com\/fr\/"},{"@type":"ListItem","position":2,"name":"Contacter"}]},{"@type":"WebSite","@id":"https:\/\/qmanndiving.com\/#website","url":"https:\/\/qmanndiving.com\/","name":"Qmann Diving - centro de mergulho nos A\u00e7ores","description":"Qmann Diving is a fully SSI certified dive centre operating at Terceira island, one of the finest island in the Azores, offering you private or small groups (max. 4) diving and courses, our goal is Quality.","publisher":{"@id":"https:\/\/qmanndiving.com\/#organization"},"potentialAction":[{"@type":"SearchAction","target":{"@type":"EntryPoint","urlTemplate":"https:\/\/qmanndiving.com\/?s={search_term_string}"},"query-input":{"@type":"PropertyValueSpecification","valueRequired":true,"valueName":"search_term_string"}}],"inLanguage":"fr-FR"},{"@type":"Organization","@id":"https:\/\/qmanndiving.com\/#organization","name":"Qmann Diving","url":"https:\/\/qmanndiving.com\/","logo":{"@type":"ImageObject","inLanguage":"fr-FR","@id":"https:\/\/qmanndiving.com\/#\/schema\/logo\/image\/","url":"https:\/\/qmanndiving.com\/wp-content\/uploads\/logo_qman_diving_1.png","contentUrl":"https:\/\/qmanndiving.com\/wp-content\/uploads\/logo_qman_diving_1.png","width":650,"height":350,"caption":"Qmann Diving"},"image":{"@id":"https:\/\/qmanndiving.com\/#\/schema\/logo\/image\/"},"sameAs":["https:\/\/www.facebook.com\/pages\/category\/Scuba-Diving-Center\/Qmann-Diving-dive-center-Azores-276319169682383\/"]}]}},"_links":{"self":[{"href":"https:\/\/qmanndiving.com\/fr\/wp-json\/wp\/v2\/pages\/931","targetHints":{"allow":["GET"]}}],"collection":[{"href":"https:\/\/qmanndiving.com\/fr\/wp-json\/wp\/v2\/pages"}],"about":[{"href":"https:\/\/qmanndiving.com\/fr\/wp-json\/wp\/v2\/types\/page"}],"author":[{"embeddable":true,"href":"https:\/\/qmanndiving.com\/fr\/wp-json\/wp\/v2\/users\/1"}],"replies":[{"embeddable":true,"href":"https:\/\/qmanndiving.com\/fr\/wp-json\/wp\/v2\/comments?post=931"}],"version-history":[{"count":15,"href":"https:\/\/qmanndiving.com\/fr\/wp-json\/wp\/v2\/pages\/931\/revisions"}],"predecessor-version":[{"id":2546,"href":"https:\/\/qmanndiving.com\/fr\/wp-json\/wp\/v2\/pages\/931\/revisions\/2546"}],"wp:attachment":[{"href":"https:\/\/qmanndiving.com\/fr\/wp-json\/wp\/v2\/media?parent=931"}],"curies":[{"name":"wp","href":"https:\/\/api.w.org\/{rel}","templated":true}]}}