{"id":926,"date":"2016-10-11T08:28:05","date_gmt":"2016-10-11T08:28:05","guid":{"rendered":"http:\/\/qmanndiving.com\/fr\/home\/"},"modified":"2019-08-27T22:34:09","modified_gmt":"2019-08-27T22:34:09","slug":"home","status":"publish","type":"page","link":"https:\/\/qmanndiving.com\/fr\/","title":{"rendered":"Centre de plong\u00e9e azores"},"content":{"rendered":"<p>[vc_row full_width=\u00a0\u00bbstretch_row_content_no_spaces\u00a0\u00bb][vc_column][rev_slider_vc alias=\u00a0\u00bbhome-fr\u00a0\u00bb][\/vc_column][\/vc_row][vc_row full_width=\u00a0\u00bbstretch_row_content_no_spaces\u00a0\u00bb css=\u00a0\u00bb.vc_custom_1534164235091{padding-right: 0px !important;padding-left: 0px !important;}\u00a0\u00bb][vc_column width=\u00a0\u00bb1\/3&Prime;][vc_single_image image=\u00a0\u00bb2074&Prime; img_size=\u00a0\u00bbfull\u00a0\u00bb alignment=\u00a0\u00bbcenter\u00a0\u00bb][vc_single_image image=\u00a0\u00bb2079&Prime; img_size=\u00a0\u00bbfull\u00a0\u00bb alignment=\u00a0\u00bbcenter\u00a0\u00bb][\/vc_column][vc_column width=\u00a0\u00bb2\/3&Prime;][vc_raw_html]JTNDaWZyYW1lJTIwc3JjJTNEJTIyaHR0cHMlM0ElMkYlMkZ3d3cuZ29vZ2xlLmNvbSUyRm1hcHMlMkZlbWJlZCUzRnBiJTNEJTIxMW0xOCUyMTFtMTIlMjExbTMlMjExZDMxMDkuOTgzNzA2NDkyMjM5NCUyMTJkLTI3LjMxODQ5MDI4NDY1MjkxNyUyMTNkMzguNzg3MDA3ODc5NTg3ODc1JTIxMm0zJTIxMWYwJTIxMmYwJTIxM2YwJTIxM20yJTIxMWkxMDI0JTIxMmk3NjglMjE0ZjEzLjElMjEzbTMlMjExbTIlMjExczB4YjQ2NzE4ZmFhMWY3ODFmJTI1M0EweGM0YTcxZDViZjM4MGJhM2QlMjEyc1FtYW5uJTJCRGl2aW5nJTJCZGl2ZSUyQmNlbnRlciUyQkF6b3JlcyUyMTVlMCUyMTNtMiUyMTFzZW4lMjEyc3B0JTIxNHYxNTM5NzcwMzE3MzE5JTIyJTIwd2lkdGglM0QlMjIxMDAlMjUlMjIlMjBoZWlnaHQlM0QlMjI0NTAlMjIlMjBmcmFtZWJvcmRlciUzRCUyMjAlMjIlMjBzdHlsZSUzRCUyMmJvcmRlciUzQTAlMjIlMjBhbGxvd2Z1bGxzY3JlZW4lM0UlM0MlMkZpZnJhbWUlM0U=[\/vc_raw_html][\/vc_column][\/vc_row][vc_row][vc_column css=\u00a0\u00bb.vc_custom_1560350755030{margin-right: 10px !important;margin-left: 10px !important;}\u00a0\u00bb][vc_empty_space alter_height=\u00a0\u00bbsmall\u00a0\u00bb hide_on_mobile=\u00a0\u00bb\u00a0\u00bb]<div id=\"sc_title_1723573156\"\n\t\tclass=\"sc_title sc_title_default cor\"><h3 class=\"sc_item_title sc_title_title sc_align_center sc_item_title_style_title-medium-size-style\">Viens plonger avec nous<\/h3><\/div><!-- \/.sc_title -->[vc_column_text css=\u00a0\u00bb.vc_custom_1566945131925{margin-top: 2em !important;margin-bottom: 2em !important;}\u00a0\u00bb]<\/p>\n<p style=\"text-align: center;\"><strong>Le centre de plong\u00e9e Qmann Diving est enti\u00e8rement certifi\u00e9 <a href=\"https:\/\/www.divessi.com\/fr-IC\/home\/\">SSI<\/a> et situ\u00e9 sur l&rsquo;\u00eele de Terceira, l&rsquo;une des plus belles \u00eeles des A\u00e7ores.\u00a0Centre de plong\u00e9e azores<\/strong><\/p>\n<p style=\"text-align: center;\"><strong>Cours :<\/strong><\/p>\n<p>[\/vc_column_text][vc_row_inner css=\u00a0\u00bb.vc_custom_1560351968614{margin-top: 1em !important;margin-bottom: 1em !important;}\u00a0\u00bb][vc_column_inner width=\u00a0\u00bb1\/2&Prime;][vc_column_text css=\u00a0\u00bb.vc_custom_1560353561904{margin-top: 1em !important;margin-bottom: 1em !important;}\u00a0\u00bb]<\/p>\n<p style=\"text-align: center;\"><strong>Cours d&rsquo;eau libre<\/strong><\/p>\n<p style=\"text-align: center;\"><strong>Cours de navigation<\/strong><\/p>\n<p style=\"text-align: center;\"><strong>Cours de recherche et de r\u00e9cup\u00e9ration<\/strong><\/p>\n<p style=\"text-align: center;\"><strong>Cours de flottabilit\u00e9 parfaite<\/strong><\/p>\n<p style=\"text-align: center;\"><strong>Parcours r\u00e9cr\u00e9atif \u00e0 montage lat\u00e9ral<\/strong><\/p>\n<p style=\"text-align: center;\"><strong>Cours de plong\u00e9e profonde<\/strong><\/p>\n<p style=\"text-align: center;\"><strong>Cours de nuit et de visibilit\u00e9 limit\u00e9e<\/strong><\/p>\n<p>[\/vc_column_text][\/vc_column_inner][vc_column_inner width=\u00a0\u00bb1\/2&Prime;][vc_column_text css=\u00a0\u00bb.vc_custom_1560353568241{margin-top: 1em !important;margin-bottom: 1em !important;}\u00a0\u00bb]<\/p>\n<p style=\"text-align: center;\"><strong>Cours de plong\u00e9e ind\u00e9pendant<\/strong><\/p>\n<p style=\"text-align: center;\"><strong>Cours de plong\u00e9e et de sauvetage<\/strong><\/p>\n<p style=\"text-align: center;\"><strong>Bien r\u00e9agir<\/strong><\/p>\n<p style=\"text-align: center;\"><strong>Cours Enrichi Air Nitrox<\/strong><\/p>\n<p style=\"text-align: center;\"><strong>Cours de science de la plong\u00e9e<\/strong><\/p>\n<p style=\"text-align: center;\"><strong>Cours de plong\u00e9e sous-marine<\/strong><\/p>\n<p>[\/vc_column_text][\/vc_column_inner][\/vc_row_inner]<div class=\"sc_item_button sc_button_wrap sc_align_center\"><a href=\"http:\/\/qmanndiving.com\/fr\/courses\/\"\n\t id=\"sc_button_1986390398\" \n\tclass=\"sc_button sc_button_default sc_button_size_normal sc_button_icon_left\"\n\t\t><span class=\"sc_button_text\"><span class=\"sc_button_title\">LIRE PLUS<\/span><\/span><!-- \/.sc_button_text --><\/a><!-- \/.sc_button --><\/div><!-- \/.sc_item_button -->[vc_empty_space hide_on_mobile=\u00a0\u00bb\u00a0\u00bb][\/vc_column][\/vc_row][vc_row][vc_column css=\u00a0\u00bb.vc_custom_1560350755030{margin-right: 10px !important;margin-left: 10px !important;}\u00a0\u00bb][vc_empty_space alter_height=\u00a0\u00bbsmall\u00a0\u00bb hide_on_mobile=\u00a0\u00bb\u00a0\u00bb]<div id=\"sc_title_834293328\"\n\t\tclass=\"sc_title sc_title_default cor\"><h3 class=\"sc_item_title sc_title_title sc_align_center sc_item_title_style_title-medium-size-style\">\u00c0 PROPOS DE NOUS<\/h3><\/div><!-- \/.sc_title -->[vc_column_text css=\u00a0\u00bb.vc_custom_1566945243609{margin-top: 2em !important;margin-bottom: 2em !important;}\u00a0\u00bb]<\/p>\n<p style=\"text-align: center;\"><strong>Lorsque nous avons commenc\u00e9 \u00e0 plonger il y a 40 ans, nous avions une formation en plong\u00e9e qui \u00e9tait loin de ce que nous savons maintenant et ce que nous souhaitons transmettre aux nouveaux plongeurs comme vous et \u00e0 beaucoup d&rsquo;autres, c&rsquo;est une connaissance am\u00e9lior\u00e9e.<\/strong><br \/><strong>Rappelez-vous la premi\u00e8re fois que vous \u00eates dans l&rsquo;eau et soyez curieux de savoir ce qui s&rsquo;y trouverait, d&rsquo;\u00eatre surpris de toutes les petites choses, de la vie marine\u2026 Alors oui, nous voulons tous en savoir plus sur ce qui se trouve l\u00e0-bas. Allez-y,\u2026 PLONGEZ!<\/strong><br \/><strong>En vous offrant le meilleur \u00e9quipement et la meilleure qualit\u00e9, Mares est notre principal fournisseur et r\u00e9pondra \u00e0 tous vos besoins.<\/strong><br \/><strong>Nous utilisons un compresseur d&rsquo;air de fabrication allemande, de qualit\u00e9 avant tout pour nous assurer\u2026 que vous \u00eates en s\u00e9curit\u00e9.<\/strong><br \/><strong>En ce qui concerne la plong\u00e9e, nous proposons principalement des plong\u00e9es \u00e0 terre, individuelles ou en petits groupes. Maximum 4. \u00e0 partir de l\u2019essentiel jusqu\u2019\u00e0 ce que vous jugez confortable. Nous sommes l\u00e0 pour vous aider, vous aider \u00e0 trouver votre chemin.<br \/><a href=\"https:\/\/qmanndiving.com\/fr\/courses\/\">Centre de plong\u00e9e azores.<\/a><br \/><\/strong><\/p>\n<p>[\/vc_column_text][vc_empty_space hide_on_mobile=\u00a0\u00bb\u00a0\u00bb][\/vc_column][\/vc_row][vc_row][vc_column css=\u00a0\u00bb.vc_custom_1560350755030{margin-right: 10px !important;margin-left: 10px !important;}\u00a0\u00bb][vc_empty_space alter_height=\u00a0\u00bbsmall\u00a0\u00bb hide_on_mobile=\u00a0\u00bb\u00a0\u00bb]<div id=\"sc_title_563570949\"\n\t\tclass=\"sc_title sc_title_default cor\"><h3 class=\"sc_item_title sc_title_title sc_align_center sc_item_title_style_title-medium-size-style\">PLONG\u00c9E<\/h3><\/div><!-- \/.sc_title -->[vc_row_inner css=\u00a0\u00bb.vc_custom_1560352051694{margin-top: 1em !important;margin-bottom: 1em !important;}\u00a0\u00bb][vc_column_inner][vc_column_text css=\u00a0\u00bb.vc_custom_1560353664015{margin-top: 1em !important;margin-bottom: 1em !important;}\u00a0\u00bb]<\/p>\n<p style=\"text-align: center;\"><strong>Plong\u00e9e avec masque et tuba<\/strong><\/p>\n<p style=\"text-align: center;\"><strong>Essayez la plong\u00e9e<\/strong><\/p>\n<p style=\"text-align: center;\"><strong>Rafra\u00eechir<\/strong><\/p>\n<p style=\"text-align: center;\"><strong>Plong\u00e9e en bouteille<\/strong><\/p>\n<p style=\"text-align: center;\"><strong>plong\u00e9e lat\u00e9rale<\/strong><\/p>\n<p style=\"text-align: center;\"><strong>Twin set plong\u00e9e<\/strong><\/p>\n<p>[\/vc_column_text][\/vc_column_inner][\/vc_row_inner]<div class=\"sc_item_button sc_button_wrap sc_align_center\"><a href=\"http:\/\/qmanndiving.com\/fr\/diving\/\"\n\t id=\"sc_button_1798504426\" \n\tclass=\"sc_button sc_button_default sc_button_size_normal sc_button_icon_left\"\n\t\t><span class=\"sc_button_text\"><span class=\"sc_button_title\">LIRE PLUS<\/span><\/span><!-- \/.sc_button_text --><\/a><!-- \/.sc_button --><\/div><!-- \/.sc_item_button -->[vc_empty_space hide_on_mobile=\u00a0\u00bb\u00a0\u00bb][vc_column_text css=\u00a0\u00bb.vc_custom_1560353701399{margin-top: 2em !important;margin-bottom: 2em !important;}\u00a0\u00bb]<\/p>\n<p style=\"text-align: center;\"><strong>Pour ceux qui sont int\u00e9ress\u00e9s par la plong\u00e9e technique, veuillez nous contacter par email pour discuter des d\u00e9tails.<\/strong><br \/><strong>Nous m\u00e9langeons du nitrox sur mesure jusqu\u2019\u00e0 40% et de l\u2019h\u00e9lium au choix, ainsi que du transvasement \u00e0 100%.<\/strong><\/p>\n<p>[\/vc_column_text]<div class=\"sc_item_button sc_button_wrap sc_align_center\"><a href=\"http:\/\/qmanndiving.com\/fr\/contacts\/\"\n\t id=\"sc_button_2038388835\" \n\tclass=\"sc_button sc_button_default sc_button_size_normal sc_button_icon_left\"\n\t\t><span class=\"sc_button_text\"><span class=\"sc_button_title\">CONTACT<\/span><\/span><!-- \/.sc_button_text --><\/a><!-- \/.sc_button --><\/div><!-- \/.sc_item_button -->[vc_empty_space hide_on_mobile=\u00a0\u00bb\u00a0\u00bb][\/vc_column][\/vc_row]<\/p>\n","protected":false},"excerpt":{"rendered":"<p>[vc_row full_width=\u00a0\u00bbstretch_row_content_no_spaces\u00a0\u00bb][vc_column][rev_slider_vc alias=\u00a0\u00bbhome-fr\u00a0\u00bb][\/vc_column][\/vc_row][vc_row full_width=\u00a0\u00bbstretch_row_content_no_spaces\u00a0\u00bb css=\u00a0\u00bb.vc_custom_1534164235091{padding-right: 0px !important;padding-left: 0px !important;}\u00a0\u00bb][vc_column width=\u00a0\u00bb1\/3&Prime;][vc_single_image image=\u00a0\u00bb2074&Prime; img_size=\u00a0\u00bbfull\u00a0\u00bb alignment=\u00a0\u00bbcenter\u00a0\u00bb][vc_single_image image=\u00a0\u00bb2079&Prime; img_size=\u00a0\u00bbfull\u00a0\u00bb alignment=\u00a0\u00bbcenter\u00a0\u00bb][\/vc_column][vc_column width=\u00a0\u00bb2\/3&Prime;][vc_raw_html]JTNDaWZyYW1lJTIwc3JjJTNEJTIyaHR0cHMlM0ElMkYlMkZ3d3cuZ29vZ2xlLmNvbSUyRm1hcHMlMkZlbWJlZCUzRnBiJTNEJTIxMW0xOCUyMTFtMTIlMjExbTMlMjExZDMxMDkuOTgzNzA2NDkyMjM5NCUyMTJkLTI3LjMxODQ5MDI4NDY1MjkxNyUyMTNkMzguNzg3MDA3ODc5NTg3ODc1JTIxMm0zJTIxMWYwJTIxMmYwJTIxM2YwJTIxM20yJTIxMWkxMDI0JTIxMmk3NjglMjE0ZjEzLjElMjEzbTMlMjExbTIlMjExczB4YjQ2NzE4ZmFhMWY3ODFmJTI1M0EweGM0YTcxZDViZjM4MGJhM2QlMjEyc1FtYW5uJTJCRGl2aW5nJTJCZGl2ZSUyQmNlbnRlciUyQkF6b3JlcyUyMTVlMCUyMTNtMiUyMTFzZW4lMjEyc3B0JTIxNHYxNTM5NzcwMzE3MzE5JTIyJTIwd2lkdGglM0QlMjIxMDAlMjUlMjIlMjBoZWlnaHQlM0QlMjI0NTAlMjIlMjBmcmFtZWJvcmRlciUzRCUyMjAlMjIlMjBzdHlsZSUzRCUyMmJvcmRlciUzQTAlMjIlMjBhbGxvd2Z1bGxzY3JlZW4lM0UlM0MlMkZpZnJhbWUlM0U=[\/vc_raw_html][\/vc_column][\/vc_row][vc_row][vc_column css=\u00a0\u00bb.vc_custom_1560350755030{margin-right: 10px !important;margin-left:&hellip;<\/p>\n","protected":false},"author":1,"featured_media":0,"parent":0,"menu_order":0,"comment_status":"closed","ping_status":"closed","template":"","meta":{"_acf_changed":false,"footnotes":""},"class_list":["post-926","page","type-page","status-publish","hentry"],"acf":[],"yoast_head":"<!-- This site is optimized with the Yoast SEO plugin v26.1.1 - https:\/\/yoast.com\/wordpress\/plugins\/seo\/ -->\n<title>Centre de plong\u00e9e azores- Qmann Diving- dive centers in the Azores<\/title>\n<meta name=\"description\" content=\"Le centre de plong\u00e9e, Azores, Qmann Diving est enti\u00e8rement certifi\u00e9 SSI et situ\u00e9 sur l\u2019\u00eele de Terceira, l\u2019une des plus belles \u00eeles des A\u00e7ores.\" \/>\n<meta name=\"robots\" content=\"index, follow, max-snippet:-1, max-image-preview:large, max-video-preview:-1\" \/>\n<link rel=\"canonical\" href=\"https:\/\/qmanndiving.com\/fr\/\" \/>\n<meta property=\"og:locale\" content=\"fr_FR\" \/>\n<meta property=\"og:type\" content=\"article\" \/>\n<meta property=\"og:title\" content=\"Centre de plong\u00e9e azores- Qmann Diving- dive centers in the Azores\" \/>\n<meta property=\"og:description\" content=\"Le centre de plong\u00e9e, Azores, Qmann Diving est enti\u00e8rement certifi\u00e9 SSI et situ\u00e9 sur l\u2019\u00eele de Terceira, l\u2019une des plus belles \u00eeles des A\u00e7ores.\" \/>\n<meta property=\"og:url\" content=\"https:\/\/qmanndiving.com\/fr\/\" \/>\n<meta property=\"og:site_name\" content=\"Qmann Diving- dive centers in the Azores\" \/>\n<meta property=\"article:publisher\" content=\"https:\/\/www.facebook.com\/pages\/category\/Scuba-Diving-Center\/Qmann-Diving-dive-center-Azores-276319169682383\/\" \/>\n<meta property=\"article:modified_time\" content=\"2019-08-27T22:34:09+00:00\" \/>\n<meta name=\"twitter:card\" content=\"summary_large_image\" \/>\n<meta name=\"twitter:label1\" content=\"Dur\u00e9e de lecture estim\u00e9e\" \/>\n\t<meta name=\"twitter:data1\" content=\"5 minutes\" \/>\n<script type=\"application\/ld+json\" class=\"yoast-schema-graph\">{\"@context\":\"https:\/\/schema.org\",\"@graph\":[{\"@type\":\"WebPage\",\"@id\":\"https:\/\/qmanndiving.com\/fr\/\",\"url\":\"https:\/\/qmanndiving.com\/fr\/\",\"name\":\"Centre de plong\u00e9e azores- Qmann Diving- dive centers in the Azores\",\"isPartOf\":{\"@id\":\"https:\/\/qmanndiving.com\/#website\"},\"datePublished\":\"2016-10-11T08:28:05+00:00\",\"dateModified\":\"2019-08-27T22:34:09+00:00\",\"description\":\"Le centre de plong\u00e9e, Azores, Qmann Diving est enti\u00e8rement certifi\u00e9 SSI et situ\u00e9 sur l\u2019\u00eele de Terceira, l\u2019une des plus belles \u00eeles des A\u00e7ores.\",\"breadcrumb\":{\"@id\":\"https:\/\/qmanndiving.com\/fr\/#breadcrumb\"},\"inLanguage\":\"fr-FR\",\"potentialAction\":[{\"@type\":\"ReadAction\",\"target\":[\"https:\/\/qmanndiving.com\/fr\/\"]}]},{\"@type\":\"BreadcrumbList\",\"@id\":\"https:\/\/qmanndiving.com\/fr\/#breadcrumb\",\"itemListElement\":[{\"@type\":\"ListItem\",\"position\":1,\"name\":\"In\u00edcio\",\"item\":\"https:\/\/qmanndiving.com\/fr\/\"},{\"@type\":\"ListItem\",\"position\":2,\"name\":\"Centre de plong\u00e9e azores\"}]},{\"@type\":\"WebSite\",\"@id\":\"https:\/\/qmanndiving.com\/#website\",\"url\":\"https:\/\/qmanndiving.com\/\",\"name\":\"Qmann Diving - centro de mergulho nos A\u00e7ores\",\"description\":\"Qmann Diving is a fully SSI certified dive centre operating at Terceira island, one of the finest island in the Azores, offering you private or small groups (max. 4) diving and courses, our goal is Quality.\",\"publisher\":{\"@id\":\"https:\/\/qmanndiving.com\/#organization\"},\"potentialAction\":[{\"@type\":\"SearchAction\",\"target\":{\"@type\":\"EntryPoint\",\"urlTemplate\":\"https:\/\/qmanndiving.com\/?s={search_term_string}\"},\"query-input\":{\"@type\":\"PropertyValueSpecification\",\"valueRequired\":true,\"valueName\":\"search_term_string\"}}],\"inLanguage\":\"fr-FR\"},{\"@type\":\"Organization\",\"@id\":\"https:\/\/qmanndiving.com\/#organization\",\"name\":\"Qmann Diving\",\"url\":\"https:\/\/qmanndiving.com\/\",\"logo\":{\"@type\":\"ImageObject\",\"inLanguage\":\"fr-FR\",\"@id\":\"https:\/\/qmanndiving.com\/#\/schema\/logo\/image\/\",\"url\":\"https:\/\/qmanndiving.com\/wp-content\/uploads\/logo_qman_diving_1.png\",\"contentUrl\":\"https:\/\/qmanndiving.com\/wp-content\/uploads\/logo_qman_diving_1.png\",\"width\":650,\"height\":350,\"caption\":\"Qmann Diving\"},\"image\":{\"@id\":\"https:\/\/qmanndiving.com\/#\/schema\/logo\/image\/\"},\"sameAs\":[\"https:\/\/www.facebook.com\/pages\/category\/Scuba-Diving-Center\/Qmann-Diving-dive-center-Azores-276319169682383\/\"]}]}<\/script>\n<!-- \/ Yoast SEO plugin. -->","yoast_head_json":{"title":"Centre de plong\u00e9e azores- Qmann Diving- dive centers in the Azores","description":"Le centre de plong\u00e9e, Azores, Qmann Diving est enti\u00e8rement certifi\u00e9 SSI et situ\u00e9 sur l\u2019\u00eele de Terceira, l\u2019une des plus belles \u00eeles des A\u00e7ores.","robots":{"index":"index","follow":"follow","max-snippet":"max-snippet:-1","max-image-preview":"max-image-preview:large","max-video-preview":"max-video-preview:-1"},"canonical":"https:\/\/qmanndiving.com\/fr\/","og_locale":"fr_FR","og_type":"article","og_title":"Centre de plong\u00e9e azores- Qmann Diving- dive centers in the Azores","og_description":"Le centre de plong\u00e9e, Azores, Qmann Diving est enti\u00e8rement certifi\u00e9 SSI et situ\u00e9 sur l\u2019\u00eele de Terceira, l\u2019une des plus belles \u00eeles des A\u00e7ores.","og_url":"https:\/\/qmanndiving.com\/fr\/","og_site_name":"Qmann Diving- dive centers in the Azores","article_publisher":"https:\/\/www.facebook.com\/pages\/category\/Scuba-Diving-Center\/Qmann-Diving-dive-center-Azores-276319169682383\/","article_modified_time":"2019-08-27T22:34:09+00:00","twitter_card":"summary_large_image","twitter_misc":{"Dur\u00e9e de lecture estim\u00e9e":"5 minutes"},"schema":{"@context":"https:\/\/schema.org","@graph":[{"@type":"WebPage","@id":"https:\/\/qmanndiving.com\/fr\/","url":"https:\/\/qmanndiving.com\/fr\/","name":"Centre de plong\u00e9e azores- Qmann Diving- dive centers in the Azores","isPartOf":{"@id":"https:\/\/qmanndiving.com\/#website"},"datePublished":"2016-10-11T08:28:05+00:00","dateModified":"2019-08-27T22:34:09+00:00","description":"Le centre de plong\u00e9e, Azores, Qmann Diving est enti\u00e8rement certifi\u00e9 SSI et situ\u00e9 sur l\u2019\u00eele de Terceira, l\u2019une des plus belles \u00eeles des A\u00e7ores.","breadcrumb":{"@id":"https:\/\/qmanndiving.com\/fr\/#breadcrumb"},"inLanguage":"fr-FR","potentialAction":[{"@type":"ReadAction","target":["https:\/\/qmanndiving.com\/fr\/"]}]},{"@type":"BreadcrumbList","@id":"https:\/\/qmanndiving.com\/fr\/#breadcrumb","itemListElement":[{"@type":"ListItem","position":1,"name":"In\u00edcio","item":"https:\/\/qmanndiving.com\/fr\/"},{"@type":"ListItem","position":2,"name":"Centre de plong\u00e9e azores"}]},{"@type":"WebSite","@id":"https:\/\/qmanndiving.com\/#website","url":"https:\/\/qmanndiving.com\/","name":"Qmann Diving - centro de mergulho nos A\u00e7ores","description":"Qmann Diving is a fully SSI certified dive centre operating at Terceira island, one of the finest island in the Azores, offering you private or small groups (max. 4) diving and courses, our goal is Quality.","publisher":{"@id":"https:\/\/qmanndiving.com\/#organization"},"potentialAction":[{"@type":"SearchAction","target":{"@type":"EntryPoint","urlTemplate":"https:\/\/qmanndiving.com\/?s={search_term_string}"},"query-input":{"@type":"PropertyValueSpecification","valueRequired":true,"valueName":"search_term_string"}}],"inLanguage":"fr-FR"},{"@type":"Organization","@id":"https:\/\/qmanndiving.com\/#organization","name":"Qmann Diving","url":"https:\/\/qmanndiving.com\/","logo":{"@type":"ImageObject","inLanguage":"fr-FR","@id":"https:\/\/qmanndiving.com\/#\/schema\/logo\/image\/","url":"https:\/\/qmanndiving.com\/wp-content\/uploads\/logo_qman_diving_1.png","contentUrl":"https:\/\/qmanndiving.com\/wp-content\/uploads\/logo_qman_diving_1.png","width":650,"height":350,"caption":"Qmann Diving"},"image":{"@id":"https:\/\/qmanndiving.com\/#\/schema\/logo\/image\/"},"sameAs":["https:\/\/www.facebook.com\/pages\/category\/Scuba-Diving-Center\/Qmann-Diving-dive-center-Azores-276319169682383\/"]}]}},"_links":{"self":[{"href":"https:\/\/qmanndiving.com\/fr\/wp-json\/wp\/v2\/pages\/926","targetHints":{"allow":["GET"]}}],"collection":[{"href":"https:\/\/qmanndiving.com\/fr\/wp-json\/wp\/v2\/pages"}],"about":[{"href":"https:\/\/qmanndiving.com\/fr\/wp-json\/wp\/v2\/types\/page"}],"author":[{"embeddable":true,"href":"https:\/\/qmanndiving.com\/fr\/wp-json\/wp\/v2\/users\/1"}],"replies":[{"embeddable":true,"href":"https:\/\/qmanndiving.com\/fr\/wp-json\/wp\/v2\/comments?post=926"}],"version-history":[{"count":15,"href":"https:\/\/qmanndiving.com\/fr\/wp-json\/wp\/v2\/pages\/926\/revisions"}],"predecessor-version":[{"id":2460,"href":"https:\/\/qmanndiving.com\/fr\/wp-json\/wp\/v2\/pages\/926\/revisions\/2460"}],"wp:attachment":[{"href":"https:\/\/qmanndiving.com\/fr\/wp-json\/wp\/v2\/media?parent=926"}],"curies":[{"name":"wp","href":"https:\/\/api.w.org\/{rel}","templated":true}]}}