{"id":1703,"date":"2019-04-11T12:45:20","date_gmt":"2019-04-11T12:45:20","guid":{"rendered":"http:\/\/qmanndiving.com\/es\/product\/science-of-diving-specialty-course\/"},"modified":"2025-07-10T17:18:16","modified_gmt":"2025-07-10T17:18:16","slug":"science-of-diving-specialty-course","status":"publish","type":"product","link":"https:\/\/qmanndiving.com\/es\/product\/science-of-diving-specialty-course\/","title":{"rendered":"Curso de Especialidad Ciencia del Buceo"},"content":{"rendered":"<p><strong>Desea aprender m\u00e1s sobre el ambiente marino y comprender c\u00f3mo los fen\u00f3menos f\u00edsicos est\u00e1n presentes en nuestro buceo, puede aprender esto y mucho m\u00e1s.<br \/>\n<\/strong><strong>No hay inmersiones involucradas en este curso y es perfecto para pasar un d\u00eda relajado y aprender.<\/strong><\/p>\n<p><strong>Duraci\u00f3n del curso SSI Science of Diving Specialty es de 1 d\u00eda completo.<\/strong><\/p>\n","protected":false},"excerpt":{"rendered":"<p>Desea aprender m\u00e1s sobre el ambiente marino y comprender c\u00f3mo los fen\u00f3menos f\u00edsicos est\u00e1n presentes en nuestro buceo, puede aprender&hellip;<\/p>\n","protected":false},"featured_media":1256,"template":"","meta":{"_acf_changed":false},"product_brand":[],"product_cat":[89],"product_tag":[],"class_list":{"0":"post-1703","1":"product","2":"type-product","3":"status-publish","4":"has-post-thumbnail","6":"product_cat-speciality-courses-es","8":"first","9":"instock","10":"taxable","11":"shipping-taxable","12":"purchasable","13":"product-type-simple"},"acf":[],"yoast_head":"<!-- This site is optimized with the Yoast SEO plugin v26.1.1 - https:\/\/yoast.com\/wordpress\/plugins\/seo\/ -->\n<title>Curso de Especialidad Ciencia del Buceo - Qmann Diving- dive centers in the Azores<\/title>\n<meta name=\"robots\" content=\"index, follow, max-snippet:-1, max-image-preview:large, max-video-preview:-1\" \/>\n<link rel=\"canonical\" href=\"https:\/\/qmanndiving.com\/es\/product\/science-of-diving-specialty-course\/\" \/>\n<meta property=\"og:locale\" content=\"es_ES\" \/>\n<meta property=\"og:type\" content=\"article\" \/>\n<meta property=\"og:title\" content=\"Curso de Especialidad Ciencia del Buceo - Qmann Diving- dive centers in the Azores\" \/>\n<meta property=\"og:description\" content=\"Desea aprender m\u00e1s sobre el ambiente marino y comprender c\u00f3mo los fen\u00f3menos f\u00edsicos est\u00e1n presentes en nuestro buceo, puede aprender&hellip;\" \/>\n<meta property=\"og:url\" content=\"https:\/\/qmanndiving.com\/es\/product\/science-of-diving-specialty-course\/\" \/>\n<meta property=\"og:site_name\" content=\"Qmann Diving- dive centers in the Azores\" \/>\n<meta property=\"article:publisher\" content=\"https:\/\/www.facebook.com\/pages\/category\/Scuba-Diving-Center\/Qmann-Diving-dive-center-Azores-276319169682383\/\" \/>\n<meta property=\"article:modified_time\" content=\"2025-07-10T17:18:16+00:00\" \/>\n<meta property=\"og:image\" content=\"https:\/\/qmanndiving.com\/wp-content\/uploads\/2019\/02\/IMG_0010.jpg\" \/>\n\t<meta property=\"og:image:width\" content=\"400\" \/>\n\t<meta property=\"og:image:height\" content=\"254\" \/>\n\t<meta property=\"og:image:type\" content=\"image\/jpeg\" \/>\n<meta name=\"twitter:card\" content=\"summary_large_image\" \/>\n<meta name=\"twitter:label1\" content=\"Tiempo de lectura\" \/>\n\t<meta name=\"twitter:data1\" content=\"1 minuto\" \/>\n<script type=\"application\/ld+json\" class=\"yoast-schema-graph\">{\"@context\":\"https:\/\/schema.org\",\"@graph\":[{\"@type\":\"WebPage\",\"@id\":\"https:\/\/qmanndiving.com\/es\/product\/science-of-diving-specialty-course\/\",\"url\":\"https:\/\/qmanndiving.com\/es\/product\/science-of-diving-specialty-course\/\",\"name\":\"Curso de Especialidad Ciencia del Buceo - Qmann Diving- dive centers in the Azores\",\"isPartOf\":{\"@id\":\"https:\/\/qmanndiving.com\/#website\"},\"primaryImageOfPage\":{\"@id\":\"https:\/\/qmanndiving.com\/es\/product\/science-of-diving-specialty-course\/#primaryimage\"},\"image\":{\"@id\":\"https:\/\/qmanndiving.com\/es\/product\/science-of-diving-specialty-course\/#primaryimage\"},\"thumbnailUrl\":\"https:\/\/qmanndiving.com\/wp-content\/uploads\/2019\/02\/IMG_0010.jpg\",\"datePublished\":\"2019-04-11T12:45:20+00:00\",\"dateModified\":\"2025-07-10T17:18:16+00:00\",\"breadcrumb\":{\"@id\":\"https:\/\/qmanndiving.com\/es\/product\/science-of-diving-specialty-course\/#breadcrumb\"},\"inLanguage\":\"es\",\"potentialAction\":[{\"@type\":\"ReadAction\",\"target\":[\"https:\/\/qmanndiving.com\/es\/product\/science-of-diving-specialty-course\/\"]}]},{\"@type\":\"ImageObject\",\"inLanguage\":\"es\",\"@id\":\"https:\/\/qmanndiving.com\/es\/product\/science-of-diving-specialty-course\/#primaryimage\",\"url\":\"https:\/\/qmanndiving.com\/wp-content\/uploads\/2019\/02\/IMG_0010.jpg\",\"contentUrl\":\"https:\/\/qmanndiving.com\/wp-content\/uploads\/2019\/02\/IMG_0010.jpg\",\"width\":400,\"height\":254},{\"@type\":\"BreadcrumbList\",\"@id\":\"https:\/\/qmanndiving.com\/es\/product\/science-of-diving-specialty-course\/#breadcrumb\",\"itemListElement\":[{\"@type\":\"ListItem\",\"position\":1,\"name\":\"In\u00edcio\",\"item\":\"https:\/\/qmanndiving.com\/es\/\"},{\"@type\":\"ListItem\",\"position\":2,\"name\":\"Products\",\"item\":\"https:\/\/qmanndiving.com\/shop\/\"},{\"@type\":\"ListItem\",\"position\":3,\"name\":\"Curso de Especialidad Ciencia del Buceo\"}]},{\"@type\":\"WebSite\",\"@id\":\"https:\/\/qmanndiving.com\/#website\",\"url\":\"https:\/\/qmanndiving.com\/\",\"name\":\"Qmann Diving - centro de mergulho nos A\u00e7ores\",\"description\":\"Qmann Diving is a fully SSI certified dive centre operating at Terceira island, one of the finest island in the Azores, offering you private or small groups (max. 4) diving and courses, our goal is Quality.\",\"publisher\":{\"@id\":\"https:\/\/qmanndiving.com\/#organization\"},\"potentialAction\":[{\"@type\":\"SearchAction\",\"target\":{\"@type\":\"EntryPoint\",\"urlTemplate\":\"https:\/\/qmanndiving.com\/?s={search_term_string}\"},\"query-input\":{\"@type\":\"PropertyValueSpecification\",\"valueRequired\":true,\"valueName\":\"search_term_string\"}}],\"inLanguage\":\"es\"},{\"@type\":\"Organization\",\"@id\":\"https:\/\/qmanndiving.com\/#organization\",\"name\":\"Qmann Diving\",\"url\":\"https:\/\/qmanndiving.com\/\",\"logo\":{\"@type\":\"ImageObject\",\"inLanguage\":\"es\",\"@id\":\"https:\/\/qmanndiving.com\/#\/schema\/logo\/image\/\",\"url\":\"https:\/\/qmanndiving.com\/wp-content\/uploads\/logo_qman_diving_1.png\",\"contentUrl\":\"https:\/\/qmanndiving.com\/wp-content\/uploads\/logo_qman_diving_1.png\",\"width\":650,\"height\":350,\"caption\":\"Qmann Diving\"},\"image\":{\"@id\":\"https:\/\/qmanndiving.com\/#\/schema\/logo\/image\/\"},\"sameAs\":[\"https:\/\/www.facebook.com\/pages\/category\/Scuba-Diving-Center\/Qmann-Diving-dive-center-Azores-276319169682383\/\"]}]}<\/script>\n<!-- \/ Yoast SEO plugin. -->","yoast_head_json":{"title":"Curso de Especialidad Ciencia del Buceo - Qmann Diving- dive centers in the Azores","robots":{"index":"index","follow":"follow","max-snippet":"max-snippet:-1","max-image-preview":"max-image-preview:large","max-video-preview":"max-video-preview:-1"},"canonical":"https:\/\/qmanndiving.com\/es\/product\/science-of-diving-specialty-course\/","og_locale":"es_ES","og_type":"article","og_title":"Curso de Especialidad Ciencia del Buceo - Qmann Diving- dive centers in the Azores","og_description":"Desea aprender m\u00e1s sobre el ambiente marino y comprender c\u00f3mo los fen\u00f3menos f\u00edsicos est\u00e1n presentes en nuestro buceo, puede aprender&hellip;","og_url":"https:\/\/qmanndiving.com\/es\/product\/science-of-diving-specialty-course\/","og_site_name":"Qmann Diving- dive centers in the Azores","article_publisher":"https:\/\/www.facebook.com\/pages\/category\/Scuba-Diving-Center\/Qmann-Diving-dive-center-Azores-276319169682383\/","article_modified_time":"2025-07-10T17:18:16+00:00","og_image":[{"width":400,"height":254,"url":"https:\/\/qmanndiving.com\/wp-content\/uploads\/2019\/02\/IMG_0010.jpg","type":"image\/jpeg"}],"twitter_card":"summary_large_image","twitter_misc":{"Tiempo de lectura":"1 minuto"},"schema":{"@context":"https:\/\/schema.org","@graph":[{"@type":"WebPage","@id":"https:\/\/qmanndiving.com\/es\/product\/science-of-diving-specialty-course\/","url":"https:\/\/qmanndiving.com\/es\/product\/science-of-diving-specialty-course\/","name":"Curso de Especialidad Ciencia del Buceo - Qmann Diving- dive centers in the Azores","isPartOf":{"@id":"https:\/\/qmanndiving.com\/#website"},"primaryImageOfPage":{"@id":"https:\/\/qmanndiving.com\/es\/product\/science-of-diving-specialty-course\/#primaryimage"},"image":{"@id":"https:\/\/qmanndiving.com\/es\/product\/science-of-diving-specialty-course\/#primaryimage"},"thumbnailUrl":"https:\/\/qmanndiving.com\/wp-content\/uploads\/2019\/02\/IMG_0010.jpg","datePublished":"2019-04-11T12:45:20+00:00","dateModified":"2025-07-10T17:18:16+00:00","breadcrumb":{"@id":"https:\/\/qmanndiving.com\/es\/product\/science-of-diving-specialty-course\/#breadcrumb"},"inLanguage":"es","potentialAction":[{"@type":"ReadAction","target":["https:\/\/qmanndiving.com\/es\/product\/science-of-diving-specialty-course\/"]}]},{"@type":"ImageObject","inLanguage":"es","@id":"https:\/\/qmanndiving.com\/es\/product\/science-of-diving-specialty-course\/#primaryimage","url":"https:\/\/qmanndiving.com\/wp-content\/uploads\/2019\/02\/IMG_0010.jpg","contentUrl":"https:\/\/qmanndiving.com\/wp-content\/uploads\/2019\/02\/IMG_0010.jpg","width":400,"height":254},{"@type":"BreadcrumbList","@id":"https:\/\/qmanndiving.com\/es\/product\/science-of-diving-specialty-course\/#breadcrumb","itemListElement":[{"@type":"ListItem","position":1,"name":"In\u00edcio","item":"https:\/\/qmanndiving.com\/es\/"},{"@type":"ListItem","position":2,"name":"Products","item":"https:\/\/qmanndiving.com\/shop\/"},{"@type":"ListItem","position":3,"name":"Curso de Especialidad Ciencia del Buceo"}]},{"@type":"WebSite","@id":"https:\/\/qmanndiving.com\/#website","url":"https:\/\/qmanndiving.com\/","name":"Qmann Diving - centro de mergulho nos A\u00e7ores","description":"Qmann Diving is a fully SSI certified dive centre operating at Terceira island, one of the finest island in the Azores, offering you private or small groups (max. 4) diving and courses, our goal is Quality.","publisher":{"@id":"https:\/\/qmanndiving.com\/#organization"},"potentialAction":[{"@type":"SearchAction","target":{"@type":"EntryPoint","urlTemplate":"https:\/\/qmanndiving.com\/?s={search_term_string}"},"query-input":{"@type":"PropertyValueSpecification","valueRequired":true,"valueName":"search_term_string"}}],"inLanguage":"es"},{"@type":"Organization","@id":"https:\/\/qmanndiving.com\/#organization","name":"Qmann Diving","url":"https:\/\/qmanndiving.com\/","logo":{"@type":"ImageObject","inLanguage":"es","@id":"https:\/\/qmanndiving.com\/#\/schema\/logo\/image\/","url":"https:\/\/qmanndiving.com\/wp-content\/uploads\/logo_qman_diving_1.png","contentUrl":"https:\/\/qmanndiving.com\/wp-content\/uploads\/logo_qman_diving_1.png","width":650,"height":350,"caption":"Qmann Diving"},"image":{"@id":"https:\/\/qmanndiving.com\/#\/schema\/logo\/image\/"},"sameAs":["https:\/\/www.facebook.com\/pages\/category\/Scuba-Diving-Center\/Qmann-Diving-dive-center-Azores-276319169682383\/"]}]}},"_links":{"self":[{"href":"https:\/\/qmanndiving.com\/es\/wp-json\/wp\/v2\/product\/1703","targetHints":{"allow":["GET"]}}],"collection":[{"href":"https:\/\/qmanndiving.com\/es\/wp-json\/wp\/v2\/product"}],"about":[{"href":"https:\/\/qmanndiving.com\/es\/wp-json\/wp\/v2\/types\/product"}],"wp:featuredmedia":[{"embeddable":true,"href":"https:\/\/qmanndiving.com\/es\/wp-json\/wp\/v2\/media\/1256"}],"wp:attachment":[{"href":"https:\/\/qmanndiving.com\/es\/wp-json\/wp\/v2\/media?parent=1703"}],"wp:term":[{"taxonomy":"product_brand","embeddable":true,"href":"https:\/\/qmanndiving.com\/es\/wp-json\/wp\/v2\/product_brand?post=1703"},{"taxonomy":"product_cat","embeddable":true,"href":"https:\/\/qmanndiving.com\/es\/wp-json\/wp\/v2\/product_cat?post=1703"},{"taxonomy":"product_tag","embeddable":true,"href":"https:\/\/qmanndiving.com\/es\/wp-json\/wp\/v2\/product_tag?post=1703"}],"curies":[{"name":"wp","href":"https:\/\/api.w.org\/{rel}","templated":true}]}}