{"id":1682,"date":"2019-04-03T16:16:35","date_gmt":"2019-04-03T16:16:35","guid":{"rendered":"http:\/\/qmanndiving.com\/es\/product\/ssi-open-water-course\/"},"modified":"2024-05-24T17:28:48","modified_gmt":"2024-05-24T17:28:48","slug":"ssi-open-water-course","status":"publish","type":"product","link":"https:\/\/qmanndiving.com\/es\/product\/ssi-open-water-course\/","title":{"rendered":"Curso de aguas abiertas SSI (Open water)"},"content":{"rendered":"<p><strong>Nuestro curso de aguas abiertas (Open water) consiste en un curso de buceo SSI de 3 d\u00edas e incluye 6 inmersiones en algunos de los mejores sitios de buceo que la isla Terceira tiene para ofrecer \u2026<br \/><\/strong><strong>Toda su teor\u00eda puede realizarse en su dispositivo personal antes o durante su tiempo con nosotros en la APLICACI\u00d3N Dive SSI, que se puede descargar de su tienda de aplicaciones, y es completamente gratuita una vez que se registre.<br \/><\/strong><strong>Los primeros d\u00edas de su curso se pasar\u00e1n en una de nuestras piscinas naturales (aguas confinadas) aprendiendo todas las habilidades pr\u00e1cticas de buceo; Teor\u00eda en la sala de clase en nuestro centro de buceo, el examen se realizar\u00e1 durante su curso (en general al final del mismo).<br \/><\/strong><strong>Los pr\u00f3ximos 2 d\u00edas se pasar\u00e1n disfrutando del mar abierto y poniendo en pr\u00e1ctica las habilidades que aprendi\u00f3 en la piscina.<br \/><\/strong><strong>Sus primeras 6 inmersiones completar\u00e1n su certificaci\u00f3n de aguas abiertas y luego, como buceador certificado, podr\u00e1 realizar m\u00e1s inmersiones recreativas o incluso realizar algunos cursos de especialidad adicionales y har\u00e1 que su experiencia de buceo en los Azores inolvidable.<\/strong><\/p>\n<p><strong>Recuerda NO bucear 24 horas antes de tu vuelo de regreso.<\/strong><\/p>\n<p><strong>idiomas del curso<\/strong><\/p>\n<p><strong>* ESPA\u00d1OL<br \/><\/strong><strong>* PORTUGU\u00c9S<br \/><\/strong><strong>* FRANC\u00c9S<br \/><\/strong><strong>* HOLAND\u00c9S<br \/><\/strong><strong>* INGL\u00c9S<\/strong><\/p>\n<p><strong>Incluido en tu curso<\/strong><\/p>\n<ul>\n<li><strong> 6 inmersiones <\/strong><\/li>\n<li><strong> SSI Open Water Certification <\/strong><\/li>\n<li><strong> SSI Digital Dive Log Book <\/strong><\/li>\n<li><strong> Equipo de buceo completo<\/strong><\/li>\n<li><strong> Seguro de buceo (valido durante el curse)<\/strong><\/li>\n<li><strong> Traslados desde y hacia su hotel.<\/strong><\/li>\n<\/ul>\n<p><strong>Declaraci\u00f3n m\u00e9dica del estudiante de buceo. Si es necesario obtenga un certificado de buceo de un m\u00e9dico antes de comenzar su entrenamiento. Cualquier costo asociado a este proceso se paga directamente a ese m\u00e9dico.<\/strong><\/p>\n<p><strong>Requisitos f\u00edsicos antes de Open Water Course, poder nadar 200 metros y remar durante 10 minutos.<\/strong><\/p>\n","protected":false},"excerpt":{"rendered":"<p>Nuestro curso de aguas abiertas (Open water) consiste en un curso de buceo SSI de 3 d\u00edas e incluye 6&hellip;<\/p>\n","protected":false},"featured_media":873,"template":"","meta":{"_acf_changed":false},"product_brand":[],"product_cat":[93],"product_tag":[],"class_list":{"0":"post-1682","1":"product","2":"type-product","3":"status-publish","4":"has-post-thumbnail","6":"product_cat-ssi-open-water-course-es","8":"first","9":"instock","10":"taxable","11":"shipping-taxable","12":"purchasable","13":"product-type-simple"},"acf":[],"yoast_head":"<!-- This site is optimized with the Yoast SEO plugin v26.1.1 - https:\/\/yoast.com\/wordpress\/plugins\/seo\/ -->\n<title>Curso de aguas abiertas SSI (Open water) - Qmann Diving- dive centers in the Azores<\/title>\n<meta name=\"robots\" content=\"index, follow, max-snippet:-1, max-image-preview:large, max-video-preview:-1\" \/>\n<link rel=\"canonical\" href=\"https:\/\/qmanndiving.com\/es\/product\/ssi-open-water-course\/\" \/>\n<meta property=\"og:locale\" content=\"es_ES\" \/>\n<meta property=\"og:type\" content=\"article\" \/>\n<meta property=\"og:title\" content=\"Curso de aguas abiertas SSI (Open water) - Qmann Diving- dive centers in the Azores\" \/>\n<meta property=\"og:description\" content=\"Nuestro curso de aguas abiertas (Open water) consiste en un curso de buceo SSI de 3 d\u00edas e incluye 6&hellip;\" \/>\n<meta property=\"og:url\" content=\"https:\/\/qmanndiving.com\/es\/product\/ssi-open-water-course\/\" \/>\n<meta property=\"og:site_name\" content=\"Qmann Diving- dive centers in the Azores\" \/>\n<meta property=\"article:publisher\" content=\"https:\/\/www.facebook.com\/pages\/category\/Scuba-Diving-Center\/Qmann-Diving-dive-center-Azores-276319169682383\/\" \/>\n<meta property=\"article:modified_time\" content=\"2024-05-24T17:28:48+00:00\" \/>\n<meta property=\"og:image\" content=\"https:\/\/qmanndiving.com\/wp-content\/uploads\/2016\/10\/IMG_0019.jpg\" \/>\n\t<meta property=\"og:image:width\" content=\"200\" \/>\n\t<meta property=\"og:image:height\" content=\"200\" \/>\n\t<meta property=\"og:image:type\" content=\"image\/jpeg\" \/>\n<meta name=\"twitter:card\" content=\"summary_large_image\" \/>\n<meta name=\"twitter:label1\" content=\"Tiempo de lectura\" \/>\n\t<meta name=\"twitter:data1\" content=\"1 minuto\" \/>\n<script type=\"application\/ld+json\" class=\"yoast-schema-graph\">{\"@context\":\"https:\/\/schema.org\",\"@graph\":[{\"@type\":\"WebPage\",\"@id\":\"https:\/\/qmanndiving.com\/es\/product\/ssi-open-water-course\/\",\"url\":\"https:\/\/qmanndiving.com\/es\/product\/ssi-open-water-course\/\",\"name\":\"Curso de aguas abiertas SSI (Open water) - Qmann Diving- dive centers in the Azores\",\"isPartOf\":{\"@id\":\"https:\/\/qmanndiving.com\/#website\"},\"primaryImageOfPage\":{\"@id\":\"https:\/\/qmanndiving.com\/es\/product\/ssi-open-water-course\/#primaryimage\"},\"image\":{\"@id\":\"https:\/\/qmanndiving.com\/es\/product\/ssi-open-water-course\/#primaryimage\"},\"thumbnailUrl\":\"https:\/\/qmanndiving.com\/wp-content\/uploads\/2016\/10\/IMG_0019.jpg\",\"datePublished\":\"2019-04-03T16:16:35+00:00\",\"dateModified\":\"2024-05-24T17:28:48+00:00\",\"breadcrumb\":{\"@id\":\"https:\/\/qmanndiving.com\/es\/product\/ssi-open-water-course\/#breadcrumb\"},\"inLanguage\":\"es\",\"potentialAction\":[{\"@type\":\"ReadAction\",\"target\":[\"https:\/\/qmanndiving.com\/es\/product\/ssi-open-water-course\/\"]}]},{\"@type\":\"ImageObject\",\"inLanguage\":\"es\",\"@id\":\"https:\/\/qmanndiving.com\/es\/product\/ssi-open-water-course\/#primaryimage\",\"url\":\"https:\/\/qmanndiving.com\/wp-content\/uploads\/2016\/10\/IMG_0019.jpg\",\"contentUrl\":\"https:\/\/qmanndiving.com\/wp-content\/uploads\/2016\/10\/IMG_0019.jpg\",\"width\":200,\"height\":200},{\"@type\":\"BreadcrumbList\",\"@id\":\"https:\/\/qmanndiving.com\/es\/product\/ssi-open-water-course\/#breadcrumb\",\"itemListElement\":[{\"@type\":\"ListItem\",\"position\":1,\"name\":\"In\u00edcio\",\"item\":\"https:\/\/qmanndiving.com\/es\/\"},{\"@type\":\"ListItem\",\"position\":2,\"name\":\"Products\",\"item\":\"https:\/\/qmanndiving.com\/shop\/\"},{\"@type\":\"ListItem\",\"position\":3,\"name\":\"Curso de aguas abiertas SSI (Open water)\"}]},{\"@type\":\"WebSite\",\"@id\":\"https:\/\/qmanndiving.com\/#website\",\"url\":\"https:\/\/qmanndiving.com\/\",\"name\":\"Qmann Diving - centro de mergulho nos A\u00e7ores\",\"description\":\"Qmann Diving is a fully SSI certified dive centre operating at Terceira island, one of the finest island in the Azores, offering you private or small groups (max. 4) diving and courses, our goal is Quality.\",\"publisher\":{\"@id\":\"https:\/\/qmanndiving.com\/#organization\"},\"potentialAction\":[{\"@type\":\"SearchAction\",\"target\":{\"@type\":\"EntryPoint\",\"urlTemplate\":\"https:\/\/qmanndiving.com\/?s={search_term_string}\"},\"query-input\":{\"@type\":\"PropertyValueSpecification\",\"valueRequired\":true,\"valueName\":\"search_term_string\"}}],\"inLanguage\":\"es\"},{\"@type\":\"Organization\",\"@id\":\"https:\/\/qmanndiving.com\/#organization\",\"name\":\"Qmann Diving\",\"url\":\"https:\/\/qmanndiving.com\/\",\"logo\":{\"@type\":\"ImageObject\",\"inLanguage\":\"es\",\"@id\":\"https:\/\/qmanndiving.com\/#\/schema\/logo\/image\/\",\"url\":\"https:\/\/qmanndiving.com\/wp-content\/uploads\/logo_qman_diving_1.png\",\"contentUrl\":\"https:\/\/qmanndiving.com\/wp-content\/uploads\/logo_qman_diving_1.png\",\"width\":650,\"height\":350,\"caption\":\"Qmann Diving\"},\"image\":{\"@id\":\"https:\/\/qmanndiving.com\/#\/schema\/logo\/image\/\"},\"sameAs\":[\"https:\/\/www.facebook.com\/pages\/category\/Scuba-Diving-Center\/Qmann-Diving-dive-center-Azores-276319169682383\/\"]}]}<\/script>\n<!-- \/ Yoast SEO plugin. -->","yoast_head_json":{"title":"Curso de aguas abiertas SSI (Open water) - Qmann Diving- dive centers in the Azores","robots":{"index":"index","follow":"follow","max-snippet":"max-snippet:-1","max-image-preview":"max-image-preview:large","max-video-preview":"max-video-preview:-1"},"canonical":"https:\/\/qmanndiving.com\/es\/product\/ssi-open-water-course\/","og_locale":"es_ES","og_type":"article","og_title":"Curso de aguas abiertas SSI (Open water) - Qmann Diving- dive centers in the Azores","og_description":"Nuestro curso de aguas abiertas (Open water) consiste en un curso de buceo SSI de 3 d\u00edas e incluye 6&hellip;","og_url":"https:\/\/qmanndiving.com\/es\/product\/ssi-open-water-course\/","og_site_name":"Qmann Diving- dive centers in the Azores","article_publisher":"https:\/\/www.facebook.com\/pages\/category\/Scuba-Diving-Center\/Qmann-Diving-dive-center-Azores-276319169682383\/","article_modified_time":"2024-05-24T17:28:48+00:00","og_image":[{"width":200,"height":200,"url":"https:\/\/qmanndiving.com\/wp-content\/uploads\/2016\/10\/IMG_0019.jpg","type":"image\/jpeg"}],"twitter_card":"summary_large_image","twitter_misc":{"Tiempo de lectura":"1 minuto"},"schema":{"@context":"https:\/\/schema.org","@graph":[{"@type":"WebPage","@id":"https:\/\/qmanndiving.com\/es\/product\/ssi-open-water-course\/","url":"https:\/\/qmanndiving.com\/es\/product\/ssi-open-water-course\/","name":"Curso de aguas abiertas SSI (Open water) - Qmann Diving- dive centers in the Azores","isPartOf":{"@id":"https:\/\/qmanndiving.com\/#website"},"primaryImageOfPage":{"@id":"https:\/\/qmanndiving.com\/es\/product\/ssi-open-water-course\/#primaryimage"},"image":{"@id":"https:\/\/qmanndiving.com\/es\/product\/ssi-open-water-course\/#primaryimage"},"thumbnailUrl":"https:\/\/qmanndiving.com\/wp-content\/uploads\/2016\/10\/IMG_0019.jpg","datePublished":"2019-04-03T16:16:35+00:00","dateModified":"2024-05-24T17:28:48+00:00","breadcrumb":{"@id":"https:\/\/qmanndiving.com\/es\/product\/ssi-open-water-course\/#breadcrumb"},"inLanguage":"es","potentialAction":[{"@type":"ReadAction","target":["https:\/\/qmanndiving.com\/es\/product\/ssi-open-water-course\/"]}]},{"@type":"ImageObject","inLanguage":"es","@id":"https:\/\/qmanndiving.com\/es\/product\/ssi-open-water-course\/#primaryimage","url":"https:\/\/qmanndiving.com\/wp-content\/uploads\/2016\/10\/IMG_0019.jpg","contentUrl":"https:\/\/qmanndiving.com\/wp-content\/uploads\/2016\/10\/IMG_0019.jpg","width":200,"height":200},{"@type":"BreadcrumbList","@id":"https:\/\/qmanndiving.com\/es\/product\/ssi-open-water-course\/#breadcrumb","itemListElement":[{"@type":"ListItem","position":1,"name":"In\u00edcio","item":"https:\/\/qmanndiving.com\/es\/"},{"@type":"ListItem","position":2,"name":"Products","item":"https:\/\/qmanndiving.com\/shop\/"},{"@type":"ListItem","position":3,"name":"Curso de aguas abiertas SSI (Open water)"}]},{"@type":"WebSite","@id":"https:\/\/qmanndiving.com\/#website","url":"https:\/\/qmanndiving.com\/","name":"Qmann Diving - centro de mergulho nos A\u00e7ores","description":"Qmann Diving is a fully SSI certified dive centre operating at Terceira island, one of the finest island in the Azores, offering you private or small groups (max. 4) diving and courses, our goal is Quality.","publisher":{"@id":"https:\/\/qmanndiving.com\/#organization"},"potentialAction":[{"@type":"SearchAction","target":{"@type":"EntryPoint","urlTemplate":"https:\/\/qmanndiving.com\/?s={search_term_string}"},"query-input":{"@type":"PropertyValueSpecification","valueRequired":true,"valueName":"search_term_string"}}],"inLanguage":"es"},{"@type":"Organization","@id":"https:\/\/qmanndiving.com\/#organization","name":"Qmann Diving","url":"https:\/\/qmanndiving.com\/","logo":{"@type":"ImageObject","inLanguage":"es","@id":"https:\/\/qmanndiving.com\/#\/schema\/logo\/image\/","url":"https:\/\/qmanndiving.com\/wp-content\/uploads\/logo_qman_diving_1.png","contentUrl":"https:\/\/qmanndiving.com\/wp-content\/uploads\/logo_qman_diving_1.png","width":650,"height":350,"caption":"Qmann Diving"},"image":{"@id":"https:\/\/qmanndiving.com\/#\/schema\/logo\/image\/"},"sameAs":["https:\/\/www.facebook.com\/pages\/category\/Scuba-Diving-Center\/Qmann-Diving-dive-center-Azores-276319169682383\/"]}]}},"_links":{"self":[{"href":"https:\/\/qmanndiving.com\/es\/wp-json\/wp\/v2\/product\/1682","targetHints":{"allow":["GET"]}}],"collection":[{"href":"https:\/\/qmanndiving.com\/es\/wp-json\/wp\/v2\/product"}],"about":[{"href":"https:\/\/qmanndiving.com\/es\/wp-json\/wp\/v2\/types\/product"}],"wp:featuredmedia":[{"embeddable":true,"href":"https:\/\/qmanndiving.com\/es\/wp-json\/wp\/v2\/media\/873"}],"wp:attachment":[{"href":"https:\/\/qmanndiving.com\/es\/wp-json\/wp\/v2\/media?parent=1682"}],"wp:term":[{"taxonomy":"product_brand","embeddable":true,"href":"https:\/\/qmanndiving.com\/es\/wp-json\/wp\/v2\/product_brand?post=1682"},{"taxonomy":"product_cat","embeddable":true,"href":"https:\/\/qmanndiving.com\/es\/wp-json\/wp\/v2\/product_cat?post=1682"},{"taxonomy":"product_tag","embeddable":true,"href":"https:\/\/qmanndiving.com\/es\/wp-json\/wp\/v2\/product_tag?post=1682"}],"curies":[{"name":"wp","href":"https:\/\/api.w.org\/{rel}","templated":true}]}}