{"id":2429,"date":"2019-07-25T09:01:37","date_gmt":"2019-07-25T09:01:37","guid":{"rendered":"https:\/\/qmanndiving.com\/es\/?page_id=2429"},"modified":"2019-07-25T09:01:37","modified_gmt":"2019-07-25T09:01:37","slug":"politica-de-privacidad","status":"publish","type":"page","link":"https:\/\/qmanndiving.com\/es\/politica-de-privacidad\/","title":{"rendered":"Pol\u00edtica de privacidad"},"content":{"rendered":"<p>Al aceptar esta Pol\u00edtica de privacidad, usted autoriza al propietario de Dimitri Lionel Baeten de Qmann Diving a tratar sus datos personales presentes en su formulario de registro, que usted confirma como el titular, as\u00ed como los datos relacionados con su relaci\u00f3n comercial y contractual, y Su gesti\u00f3n, en los t\u00e9rminos de esta Pol\u00edtica de Privacidad.<\/p>\n<p>Declara adem\u00e1s:<\/p>\n<p>1. ser consciente y totalmente informado de que el procesamiento de sus datos personales incluye todas las operaciones realizadas en los datos transmitidos por usted, por medios automatizados o no, a los fines de:<\/p>\n<p>&#8211; mejorar el funcionamiento y la funcionalidad del propietario de Dimitri Lionel Baeten del sitio web de Qmann Diving (incluido el lugar en el que sus datos se agregar\u00e1n y tratar\u00e1n de manera estad\u00edstica, sin ser identificables por ning\u00fan tercero al que se proporcionen);<br \/>&#8211; mejorar y personalizar los servicios prestados a usted;<br \/>&#8211; contactarlo a trav\u00e9s de correos electr\u00f3nicos, mensajes escritos o telef\u00f3nicos para &#8211; enviar informaci\u00f3n o actualizaciones sobre sus transacciones y solicitudes, as\u00ed como informaci\u00f3n sobre nuevos productos o servicios;<br \/>&#8211; interactuar contigo en las plataformas de redes sociales; 2. para aceptar y dar su consentimiento para el uso y la reproducci\u00f3n gratuitos, por parte de Dimitri Lionel Baeten, propietario de Qmann Diving, de contenido disponible p\u00fablicamente y \/ o publicado en plataformas de redes sociales donde el hashtag Dimitri Lionel Baeten, propietario de Qmann Diving, se mencion\u00f3 expl\u00edcita y espec\u00edficamente, nuestras marcas, productos o servicios;<\/p>\n<p>3. ser consciente de que, seg\u00fan la legislaci\u00f3n aplicable, es posible oponerse, limitar, corregir o solicitar el borrado en relaci\u00f3n con el procesamiento de sus datos para uno o m\u00e1s de los fines descritos anteriormente, mediante el env\u00edo de una solicitud a la siguiente direcci\u00f3n electr\u00f3nica. correo: info@qmanndiving.com, adem\u00e1s de tener derecho a presentar una queja ante las autoridades competentes;<\/p>\n<p>4. Dar el presente consentimiento de forma libre y voluntaria y ser mayor de 16 a\u00f1os.<\/p>\n<p>POL\u00cdTICA DE PRIVACIDAD<\/p>\n<p>En Qmann Diving, consideramos que su privacidad es un asunto serio. Estamos comprometidos a maximizar su experiencia con nuestro sitio web y las plataformas de redes sociales en un entorno seguro.<br \/>Es nuestra pol\u00edtica tratar sus datos personales con discreci\u00f3n y protegerlo. Esta Pol\u00edtica de privacidad explica c\u00f3mo recopilamos, protegemos, usamos y compartimos su informaci\u00f3n en l\u00ednea y fuera de l\u00ednea, con la esperanza de brindarle mayor confianza en Qmann Diving y mejorar su experiencia con nosotros.<\/p>\n<p>Tenga en cuenta que esta Pol\u00edtica de privacidad se aplica a la informaci\u00f3n recopilada por el propietario de Dimitri Lionel Baeten de Qmann Diving solamente y no se extiende a la informaci\u00f3n que haya enviado en otros sitios o plataformas sociales administradas por otras entidades u organizaciones a las que podamos referirnos. Esta pol\u00edtica de privacidad cubre solo este sitio web. Por favor, lea los siguientes t\u00e9rminos cuidadosamente.<\/p>\n<p>1. tus datos<br \/>Dimitri Lionel Baeten, propietario de Qmann Diving, se compromete a procesar sus datos personales de conformidad con el Reglamento Europeo (UE) 2016\/679 del Parlamento Europeo y del Consejo, de 27 de abril de 2016, sobre la protecci\u00f3n de las personas con respecto al procesamiento de datos personales. los datos y la libre circulaci\u00f3n de dichos datos y la derogaci\u00f3n de la Directiva 95\/46 \/ CE (Reglamento general sobre protecci\u00f3n de datos).<br \/>Este sitio no recopila informaci\u00f3n personal sobre usted a menos que usted nos proporcione voluntariamente. Esto significa que no sabremos su nombre, su direcci\u00f3n de correo electr\u00f3nico ni ninguna otra informaci\u00f3n personal solo porque naveg\u00f3 por este sitio.<br \/>Solo recopilamos sus datos al completar un formulario de solicitud en l\u00ednea para una cotizaci\u00f3n o contacto. Se le puede pedir que ingrese su nombre, contacto telef\u00f3nico, direcci\u00f3n de correo electr\u00f3nico y otra informaci\u00f3n relevante.<br \/>Tenga en cuenta que al brindarnos informaci\u00f3n personal sobre usted como se describe en esta pol\u00edtica de privacidad, nos da su consentimiento para que los utilicemos para los fines establecidos en este documento.<\/p>\n<p>2. Uso de sus datos.<br \/>Cualquiera de los datos que proporcione se puede utilizar de las siguientes maneras:<br \/>\u2022 personaliza tu experiencia con nosotros<br \/>\u2022 mejorar nuestro sitio en los servicios y recursos disponibles<br \/>\u2022 Mejorar nuestro servicio al cliente en general.<br \/>\u2022 contactarte<br \/>\u2022 ejecutar un concurso, promoci\u00f3n, investigaci\u00f3n u otro recurso<\/p>\n<p>Sus datos, ya sean p\u00fablicos o privados, no se vender\u00e1n, intercambiar\u00e1n, transferir\u00e1n ni entregar\u00e1n a ninguna otra compa\u00f1\u00eda fuera de f Qmann Diving, por cualquier motivo, sin su consentimiento.<br \/>Podemos usar y proporcionar informaci\u00f3n estad\u00edstica y agregada a terceros para monitorear el uso de nuestro sitio web con el fin de ayudarnos a desarrollarlo y nuestros servicios. Los datos utilizados no deben incluir informaci\u00f3n que pueda utilizarse para identificar a cualquier persona.<\/p>\n<p>La informaci\u00f3n de contacto que proporciona puede usarse para enviar informaci\u00f3n y actualizaciones relacionadas con sus solicitudes, as\u00ed como para recibir actualizaciones ocasionales de Qmann Diving e informaci\u00f3n sobre productos o servicios relacionados.<br \/>Podemos comunicarnos con usted por correo electr\u00f3nico o por tel\u00e9fono para solicitar sus comentarios sobre nuestros productos y servicios.<br \/>Nota: Si en alg\u00fan momento desea darse de baja de futuros correos electr\u00f3nicos, incluiremos instrucciones de cancelaci\u00f3n detalladas al final de cada correo electr\u00f3nico.<\/p>\n<p>Qmann Diving almacena los datos de sus usuarios en sus servidores ubicados en Portugal y Espa\u00f1a. Estos servidores est\u00e1n protegidos y mantenidos de acuerdo con los m\u00e1s altos est\u00e1ndares de seguridad y de conformidad con las leyes de privacidad aplicables.<\/p>\n<p>3. Protecci\u00f3n de su informaci\u00f3n.<br \/>Seguimos los est\u00e1ndares de la industria para proteger sus datos durante la transmisi\u00f3n y, una vez recibidos, hemos implementado varias medidas para mantener la seguridad de los datos personales que nos ha transmitido.<br \/>SIN EMBARGO, DEBE SABER QUE CUALQUIER M\u00c9TODO DE TRANSMISI\u00d3N O ALMACENAMIENTO ELECTR\u00d3NICO ES 100% SEGURO.<br \/>EN LA MEDIDA M\u00c1XIMA PERMITIDA POR LA LEY, NO PODEMOS SER RESPONSABLES POR NING\u00daN RECLAMO. PERDIDAS Y DA\u00d1OS, INCLUIDOS, SIN LIMITACI\u00d3N, DA\u00d1OS DIRECTOS, INDIRECTOS, ESPECIALES, PUNITIVOS, INCIDENTALES O CONSECUENTES O DA\u00d1OS INCURRIDOS POR USTED O CUALQUIER USTED. SIN NUESTRA AUTORIZACI\u00d3N EXPRESA.<\/p>\n<p>4. Cookies<\/p>\n<p>Una cookie es un peque\u00f1o archivo de texto que, aunque no recopila informaci\u00f3n personal que permite identificar al usuario, almacena informaci\u00f3n general sobre su navegaci\u00f3n en su dispositivo de acceso (tel\u00e9fono m\u00f3vil, computadora u otro) que permite su uso posterior y es eficiente.<br \/>Una cookie por s\u00ed misma no identifica personalmente a ning\u00fan usuario \/ visitante.<br \/>Podemos usar tecnolog\u00edas como cookies para registrar informaci\u00f3n de sesi\u00f3n, recopilar visitas y acceder a detalles de nuestras p\u00e1ginas web que nos permiten continuar mejorando nuestros servicios y proporcionar recursos mejores y m\u00e1s \u00fatiles para los usuarios \/ visitantes de nuestro sitio.<\/p>\n<p>Las cookies son recomendadas y tienen funciones espec\u00edficas para permitir una navegaci\u00f3n mejor y m\u00e1s personalizada.<br \/>La existencia de cookies no afecta el funcionamiento de su dispositivo y su sistema operativo. Adem\u00e1s de la informaci\u00f3n almacenada en la cookie, la informaci\u00f3n tambi\u00e9n se almacena en el \u00e1rea de \u00abalmacenamiento local\u00bb de su navegador con el mismo prop\u00f3sito que las cookies.<\/p>\n<p>Las cookies pueden ser de varios tipos: las que permiten identificar al usuario y mejorar el funcionamiento de los servicios en los sitios; aquellos que mejoran el rendimiento del sitio al analizar la forma en que los usuarios lo usan; aquellos que le permiten al usuario navegar m\u00e1s individualmente y aquellos que recopilan informaci\u00f3n del usuario sobre los h\u00e1bitos de navegar en Internet para que la publicidad mostrada por el usuario se corresponda con sus necesidades e intereses.<\/p>\n<p>El prop\u00f3sito principal de nuestras cookies es mejorar su experiencia de navegaci\u00f3n porque, entre otros prop\u00f3sitos, nos ayuda a recordar sus preferencias. Esta informaci\u00f3n tambi\u00e9n hace posible mejorar nuestro sitio web (por ejemplo, facilitando el an\u00e1lisis estad\u00edstico de su uso). En vista de estos prop\u00f3sitos, su informaci\u00f3n de identificaci\u00f3n personal de car\u00e1cter confidencial no se almacena a trav\u00e9s de cookies. Nosotros solo usamos la informaci\u00f3n de nuestras cookies, excepto aquellas relacionadas con Google Analytics (administradas por Google).<\/p>\n<p>Todos los navegadores permiten al usuario aceptar, rechazar o eliminar cookies, en particular seleccionando la configuraci\u00f3n adecuada en su navegador, de modo que el usuario pueda, en cualquier momento, deshabilitar parcial o totalmente las cookies utilizadas en nuestro sitio.<\/p>\n<p>Si selecciona la opci\u00f3n de exclusi\u00f3n de cookies, es posible que no pueda acceder a ciertas secciones de nuestro sitio web, su navegaci\u00f3n ser\u00e1 menos eficiente y es posible que ya no se beneficie de ninguna de las funciones o servicios.<\/p>\n<p>Nota: esta lista puede actualizarse debido a los nuevos servicios y caracter\u00edsticas de nuestro sitio web con la introducci\u00f3n de nuevas cookies.<\/p>\n<p>5. \u00bfC\u00f3mo debes garantizar tu seguridad?<br \/>Para su privacidad, le recomendamos que no incluya datos personales, confidenciales o confidenciales en los correos electr\u00f3nicos que nos env\u00ede. No nos env\u00ede por correo electr\u00f3nico n\u00fameros de tarjetas de cr\u00e9dito ni ninguna informaci\u00f3n personal confidencial.<br \/>No recopilamos a sabiendas informaci\u00f3n personal de menores de edad. Como padre o tutor legal, no permita que sus hijos env\u00eden informaci\u00f3n personal sin su permiso.<br \/>NO SOMOS RESPONSABLES DE LOS DATOS DE IDENTIFICACI\u00d3N U OTRA INFORMACI\u00d3N QUE USTED ELIGA ENTREGARSE EN FOROS COMO \u00c1REA DE COMENTARIOS O CUALQUIER OTRA \u00c1REA P\u00daBLICA ADECUADA QUE ADMINISTRAMOS O ADMINISTRAMOS.<\/p>\n<p>6. Divulgaci\u00f3n de informaci\u00f3n a terceros.<br \/>No vendemos, comercializamos ni transferimos a terceros su informaci\u00f3n personal identificable. Esto no incluye a terceros de confianza que nos ayudan a administrar nuestro sitio, aplicaciones m\u00f3viles, realizar negocios o brindar servicios a nuestros clientes, siempre que esas partes acuerden mantener la confidencialidad de dicha informaci\u00f3n.<br \/>Tambi\u00e9n podemos divulgar su informaci\u00f3n cuando creemos que la divulgaci\u00f3n es adecuada para cumplir con la ley, para hacer cumplir las pol\u00edticas de nuestro sitio o para proteger nuestros derechos, propiedad o seguridad.<br \/>Sin embargo, la informaci\u00f3n del visitante no identificable personalmente se puede proporcionar a otras partes para fines de marketing, publicidad u otros.<\/p>\n<p>7. Enlaces de terceros<br \/>Tenga en cuenta que aunque puede encontrarse en un sitio web operado por nosotros, tambi\u00e9n se lo puede recomendar para enlaces a sitios web de terceros. Ocasionalmente, a nuestra discreci\u00f3n, podemos incluir u ofrecer servicios de terceros en nuestras plataformas.<br \/>Estos sitios de terceros tienen pol\u00edticas de privacidad separadas e independientes. Estas pol\u00edticas no son administradas ni controladas por nosotros, por lo que el propietario de Dimmann Lionel Baeten de Qmann Diving no asume ninguna responsabilidad por el contenido y las actividades de estos sitios web.<br \/>Sin embargo, buscamos proteger la integridad de nuestro sitio y nuestras plataformas, y p\u00f3ngase en contacto con nosotros si desea enviarnos sus comentarios sobre ellos. Tambi\u00e9n le recomendamos que lea atentamente los t\u00e9rminos y condiciones y las pol\u00edticas de privacidad de estos sitios web vinculados antes de enviar cualquier informaci\u00f3n o datos personales.<\/p>\n<p>8. Su consentimiento<br \/>Al utilizar nuestro sitio web y nuestras plataformas, usted acepta nuestra Pol\u00edtica de privacidad.<\/p>\n<p>9. Per\u00edodo de validez de sus datos.<br \/>Debe tenerse en cuenta que los datos personales que nos proporcione se conservar\u00e1n hasta que solicite su eliminaci\u00f3n.<\/p>\n<p>10. derechos de autor<br \/>Los videos, sonidos, im\u00e1genes y toda la informaci\u00f3n en este sitio web no pueden ser copiados, distribuidos, modificados o colocados en plataformas digitales sin la autorizaci\u00f3n previa de Qmann Diving.<\/p>\n<p>11. Tus derechos<br \/>Como queremos asegurarnos de que usted conozca sus derechos y conforme a la ley aplicable, queremos informarle que:<br \/>\u2022 Sus datos personales le pertenecen. Como tal, tiene derecho a acceder, rectificar, limitar, borrar y oponerse al tratamiento de los mismos, as\u00ed como a obtenerlos con el propietario de Dimitri Lionel Baeten de Qmann Diving.<br \/>\u2022 Haremos todo lo posible para mantener sus datos personales actualizados y protegidos con los mejores est\u00e1ndares de la industria.<br \/>\u2022 Tiene derecho a presentar una queja ante la autoridad de protecci\u00f3n de datos competente. En Portugal, esta autoridad es la Comisi\u00f3n Nacional de Protecci\u00f3n de Datos (\u00abCNPD\u00bb). Se puede obtener m\u00e1s informaci\u00f3n sobre el CNPD a trav\u00e9s del sitio web www.cnpd.pt<\/p>\n<p>Para ejercer sus derechos de acceso, rectificaci\u00f3n, eliminaci\u00f3n, bloqueo u oposici\u00f3n al procesamiento de los datos personales que proporcione, de conformidad con la Ley no. 67\/98, del 26 de octubre, debe enviar una solicitud a tal efecto, a trav\u00e9s de la siguiente direcci\u00f3n de correo electr\u00f3nico: info@qmanndiving.com<\/p>\n<p>12. Ley aplicable.<br \/>Estos T\u00e9rminos de uso y uso se rigen e interpretan de acuerdo con la legislaci\u00f3n vigente. Cualquier conflicto o divergencia de interpretaci\u00f3n de los mismos se presentar\u00e1 ante el tribunal competente.<\/p>\n<p>13. Cambios en nuestra pol\u00edtica de privacidad<br \/>Nos reservamos el derecho de actualizar, cambiar o eliminar esta Pol\u00edtica de privacidad de cualquiera de los t\u00e9rminos aqu\u00ed sin ning\u00fan otro consentimiento. Notaremos cualquier cambio en nuestro sitio web, as\u00ed como a trav\u00e9s de una comunicaci\u00f3n a los medios de contacto indicados. El uso continuado de nuestro sitio web, las aplicaciones, los servicios y las funciones que se ofrecen despu\u00e9s de dicha comunicaci\u00f3n tendr\u00e1n su acuerdo con dichos cambios.<br \/>La versi\u00f3n actual fue publicada el 22 de mayo de 2018.<\/p>\n<p>14. Cont\u00e1ctanos<br \/>En caso de duda sobre esta Pol\u00edtica de privacidad o si desea ejercer cualquiera de sus derechos mencionados anteriormente, cont\u00e1ctenos a trav\u00e9s de:<br \/>Tel\u00e9fono: (+351) 964 651 878<br \/>\u00a0\u00a0(+351) 295 989 076<br \/>Correo electr\u00f3nico: info@qmanndiving.com<\/p>\n","protected":false},"excerpt":{"rendered":"<p>Al aceptar esta Pol\u00edtica de privacidad, usted autoriza al propietario de Dimitri Lionel Baeten de Qmann Diving a tratar sus&hellip;<\/p>\n","protected":false},"author":1,"featured_media":0,"parent":0,"menu_order":0,"comment_status":"closed","ping_status":"closed","template":"","meta":{"_acf_changed":false,"footnotes":""},"class_list":["post-2429","page","type-page","status-publish","hentry"],"acf":[],"yoast_head":"<!-- This site is optimized with the Yoast SEO plugin v26.1.1 - https:\/\/yoast.com\/wordpress\/plugins\/seo\/ -->\n<title>Pol\u00edtica de privacidad - Qmann Diving- dive centers in the Azores<\/title>\n<meta name=\"robots\" content=\"index, follow, max-snippet:-1, max-image-preview:large, max-video-preview:-1\" \/>\n<link rel=\"canonical\" href=\"https:\/\/qmanndiving.com\/es\/politica-de-privacidad\/\" \/>\n<meta property=\"og:locale\" content=\"es_ES\" \/>\n<meta property=\"og:type\" content=\"article\" \/>\n<meta property=\"og:title\" content=\"Pol\u00edtica de privacidad - Qmann Diving- dive centers in the Azores\" \/>\n<meta property=\"og:description\" content=\"Al aceptar esta Pol\u00edtica de privacidad, usted autoriza al propietario de Dimitri Lionel Baeten de Qmann Diving a tratar sus&hellip;\" \/>\n<meta property=\"og:url\" content=\"https:\/\/qmanndiving.com\/es\/politica-de-privacidad\/\" \/>\n<meta property=\"og:site_name\" content=\"Qmann Diving- dive centers in the Azores\" \/>\n<meta property=\"article:publisher\" content=\"https:\/\/www.facebook.com\/pages\/category\/Scuba-Diving-Center\/Qmann-Diving-dive-center-Azores-276319169682383\/\" \/>\n<meta name=\"twitter:card\" content=\"summary_large_image\" \/>\n<meta name=\"twitter:label1\" content=\"Tiempo de lectura\" \/>\n\t<meta name=\"twitter:data1\" content=\"12 minutos\" \/>\n<script type=\"application\/ld+json\" class=\"yoast-schema-graph\">{\"@context\":\"https:\/\/schema.org\",\"@graph\":[{\"@type\":\"WebPage\",\"@id\":\"https:\/\/qmanndiving.com\/es\/politica-de-privacidad\/\",\"url\":\"https:\/\/qmanndiving.com\/es\/politica-de-privacidad\/\",\"name\":\"Pol\u00edtica de privacidad - Qmann Diving- dive centers in the Azores\",\"isPartOf\":{\"@id\":\"https:\/\/qmanndiving.com\/#website\"},\"datePublished\":\"2019-07-25T09:01:37+00:00\",\"breadcrumb\":{\"@id\":\"https:\/\/qmanndiving.com\/es\/politica-de-privacidad\/#breadcrumb\"},\"inLanguage\":\"es\",\"potentialAction\":[{\"@type\":\"ReadAction\",\"target\":[\"https:\/\/qmanndiving.com\/es\/politica-de-privacidad\/\"]}]},{\"@type\":\"BreadcrumbList\",\"@id\":\"https:\/\/qmanndiving.com\/es\/politica-de-privacidad\/#breadcrumb\",\"itemListElement\":[{\"@type\":\"ListItem\",\"position\":1,\"name\":\"In\u00edcio\",\"item\":\"https:\/\/qmanndiving.com\/es\/\"},{\"@type\":\"ListItem\",\"position\":2,\"name\":\"Pol\u00edtica de privacidad\"}]},{\"@type\":\"WebSite\",\"@id\":\"https:\/\/qmanndiving.com\/#website\",\"url\":\"https:\/\/qmanndiving.com\/\",\"name\":\"Qmann Diving - centro de mergulho nos A\u00e7ores\",\"description\":\"Qmann Diving is a fully SSI certified dive centre operating at Terceira island, one of the finest island in the Azores, offering you private or small groups (max. 4) diving and courses, our goal is Quality.\",\"publisher\":{\"@id\":\"https:\/\/qmanndiving.com\/#organization\"},\"potentialAction\":[{\"@type\":\"SearchAction\",\"target\":{\"@type\":\"EntryPoint\",\"urlTemplate\":\"https:\/\/qmanndiving.com\/?s={search_term_string}\"},\"query-input\":{\"@type\":\"PropertyValueSpecification\",\"valueRequired\":true,\"valueName\":\"search_term_string\"}}],\"inLanguage\":\"es\"},{\"@type\":\"Organization\",\"@id\":\"https:\/\/qmanndiving.com\/#organization\",\"name\":\"Qmann Diving\",\"url\":\"https:\/\/qmanndiving.com\/\",\"logo\":{\"@type\":\"ImageObject\",\"inLanguage\":\"es\",\"@id\":\"https:\/\/qmanndiving.com\/#\/schema\/logo\/image\/\",\"url\":\"https:\/\/qmanndiving.com\/wp-content\/uploads\/logo_qman_diving_1.png\",\"contentUrl\":\"https:\/\/qmanndiving.com\/wp-content\/uploads\/logo_qman_diving_1.png\",\"width\":650,\"height\":350,\"caption\":\"Qmann Diving\"},\"image\":{\"@id\":\"https:\/\/qmanndiving.com\/#\/schema\/logo\/image\/\"},\"sameAs\":[\"https:\/\/www.facebook.com\/pages\/category\/Scuba-Diving-Center\/Qmann-Diving-dive-center-Azores-276319169682383\/\"]}]}<\/script>\n<!-- \/ Yoast SEO plugin. -->","yoast_head_json":{"title":"Pol\u00edtica de privacidad - Qmann Diving- dive centers in the Azores","robots":{"index":"index","follow":"follow","max-snippet":"max-snippet:-1","max-image-preview":"max-image-preview:large","max-video-preview":"max-video-preview:-1"},"canonical":"https:\/\/qmanndiving.com\/es\/politica-de-privacidad\/","og_locale":"es_ES","og_type":"article","og_title":"Pol\u00edtica de privacidad - Qmann Diving- dive centers in the Azores","og_description":"Al aceptar esta Pol\u00edtica de privacidad, usted autoriza al propietario de Dimitri Lionel Baeten de Qmann Diving a tratar sus&hellip;","og_url":"https:\/\/qmanndiving.com\/es\/politica-de-privacidad\/","og_site_name":"Qmann Diving- dive centers in the Azores","article_publisher":"https:\/\/www.facebook.com\/pages\/category\/Scuba-Diving-Center\/Qmann-Diving-dive-center-Azores-276319169682383\/","twitter_card":"summary_large_image","twitter_misc":{"Tiempo de lectura":"12 minutos"},"schema":{"@context":"https:\/\/schema.org","@graph":[{"@type":"WebPage","@id":"https:\/\/qmanndiving.com\/es\/politica-de-privacidad\/","url":"https:\/\/qmanndiving.com\/es\/politica-de-privacidad\/","name":"Pol\u00edtica de privacidad - Qmann Diving- dive centers in the Azores","isPartOf":{"@id":"https:\/\/qmanndiving.com\/#website"},"datePublished":"2019-07-25T09:01:37+00:00","breadcrumb":{"@id":"https:\/\/qmanndiving.com\/es\/politica-de-privacidad\/#breadcrumb"},"inLanguage":"es","potentialAction":[{"@type":"ReadAction","target":["https:\/\/qmanndiving.com\/es\/politica-de-privacidad\/"]}]},{"@type":"BreadcrumbList","@id":"https:\/\/qmanndiving.com\/es\/politica-de-privacidad\/#breadcrumb","itemListElement":[{"@type":"ListItem","position":1,"name":"In\u00edcio","item":"https:\/\/qmanndiving.com\/es\/"},{"@type":"ListItem","position":2,"name":"Pol\u00edtica de privacidad"}]},{"@type":"WebSite","@id":"https:\/\/qmanndiving.com\/#website","url":"https:\/\/qmanndiving.com\/","name":"Qmann Diving - centro de mergulho nos A\u00e7ores","description":"Qmann Diving is a fully SSI certified dive centre operating at Terceira island, one of the finest island in the Azores, offering you private or small groups (max. 4) diving and courses, our goal is Quality.","publisher":{"@id":"https:\/\/qmanndiving.com\/#organization"},"potentialAction":[{"@type":"SearchAction","target":{"@type":"EntryPoint","urlTemplate":"https:\/\/qmanndiving.com\/?s={search_term_string}"},"query-input":{"@type":"PropertyValueSpecification","valueRequired":true,"valueName":"search_term_string"}}],"inLanguage":"es"},{"@type":"Organization","@id":"https:\/\/qmanndiving.com\/#organization","name":"Qmann Diving","url":"https:\/\/qmanndiving.com\/","logo":{"@type":"ImageObject","inLanguage":"es","@id":"https:\/\/qmanndiving.com\/#\/schema\/logo\/image\/","url":"https:\/\/qmanndiving.com\/wp-content\/uploads\/logo_qman_diving_1.png","contentUrl":"https:\/\/qmanndiving.com\/wp-content\/uploads\/logo_qman_diving_1.png","width":650,"height":350,"caption":"Qmann Diving"},"image":{"@id":"https:\/\/qmanndiving.com\/#\/schema\/logo\/image\/"},"sameAs":["https:\/\/www.facebook.com\/pages\/category\/Scuba-Diving-Center\/Qmann-Diving-dive-center-Azores-276319169682383\/"]}]}},"_links":{"self":[{"href":"https:\/\/qmanndiving.com\/es\/wp-json\/wp\/v2\/pages\/2429","targetHints":{"allow":["GET"]}}],"collection":[{"href":"https:\/\/qmanndiving.com\/es\/wp-json\/wp\/v2\/pages"}],"about":[{"href":"https:\/\/qmanndiving.com\/es\/wp-json\/wp\/v2\/types\/page"}],"author":[{"embeddable":true,"href":"https:\/\/qmanndiving.com\/es\/wp-json\/wp\/v2\/users\/1"}],"replies":[{"embeddable":true,"href":"https:\/\/qmanndiving.com\/es\/wp-json\/wp\/v2\/comments?post=2429"}],"version-history":[{"count":1,"href":"https:\/\/qmanndiving.com\/es\/wp-json\/wp\/v2\/pages\/2429\/revisions"}],"predecessor-version":[{"id":2432,"href":"https:\/\/qmanndiving.com\/es\/wp-json\/wp\/v2\/pages\/2429\/revisions\/2432"}],"wp:attachment":[{"href":"https:\/\/qmanndiving.com\/es\/wp-json\/wp\/v2\/media?parent=2429"}],"curies":[{"name":"wp","href":"https:\/\/api.w.org\/{rel}","templated":true}]}}