{"id":1365,"date":"2016-10-11T08:28:05","date_gmt":"2016-10-11T08:28:05","guid":{"rendered":"http:\/\/qmanndiving.com\/es\/home\/"},"modified":"2019-08-27T22:29:37","modified_gmt":"2019-08-27T22:29:37","slug":"home","status":"publish","type":"page","link":"https:\/\/qmanndiving.com\/es\/","title":{"rendered":"Centro de buceo azores"},"content":{"rendered":"<p>[vc_row full_width=\u00bbstretch_row_content_no_spaces\u00bb][vc_column][rev_slider_vc alias=\u00bbhome-es\u00bb][\/vc_column][\/vc_row][vc_row full_width=\u00bbstretch_row_content_no_spaces\u00bb css=\u00bb.vc_custom_1534164235091{padding-right: 0px !important;padding-left: 0px !important;}\u00bb][vc_column width=\u00bb1\/3&#8243;][vc_single_image image=\u00bb2074&#8243; img_size=\u00bbfull\u00bb alignment=\u00bbcenter\u00bb][vc_single_image image=\u00bb2079&#8243; img_size=\u00bbfull\u00bb alignment=\u00bbcenter\u00bb][\/vc_column][vc_column width=\u00bb2\/3&#8243;][vc_raw_html]JTNDaWZyYW1lJTIwc3JjJTNEJTIyaHR0cHMlM0ElMkYlMkZ3d3cuZ29vZ2xlLmNvbSUyRm1hcHMlMkZlbWJlZCUzRnBiJTNEJTIxMW0xOCUyMTFtMTIlMjExbTMlMjExZDMxMDkuOTgzNzA2NDkyMjM5NCUyMTJkLTI3LjMxODQ5MDI4NDY1MjkxNyUyMTNkMzguNzg3MDA3ODc5NTg3ODc1JTIxMm0zJTIxMWYwJTIxMmYwJTIxM2YwJTIxM20yJTIxMWkxMDI0JTIxMmk3NjglMjE0ZjEzLjElMjEzbTMlMjExbTIlMjExczB4YjQ2NzE4ZmFhMWY3ODFmJTI1M0EweGM0YTcxZDViZjM4MGJhM2QlMjEyc1FtYW5uJTJCRGl2aW5nJTJCZGl2ZSUyQmNlbnRlciUyQkF6b3JlcyUyMTVlMCUyMTNtMiUyMTFzZW4lMjEyc3B0JTIxNHYxNTM5NzcwMzE3MzE5JTIyJTIwd2lkdGglM0QlMjIxMDAlMjUlMjIlMjBoZWlnaHQlM0QlMjI0NTAlMjIlMjBmcmFtZWJvcmRlciUzRCUyMjAlMjIlMjBzdHlsZSUzRCUyMmJvcmRlciUzQTAlMjIlMjBhbGxvd2Z1bGxzY3JlZW4lM0UlM0MlMkZpZnJhbWUlM0U=[\/vc_raw_html][\/vc_column][\/vc_row][vc_row][vc_column css=\u00bb.vc_custom_1560350755030{margin-right: 10px !important;margin-left: 10px !important;}\u00bb][vc_empty_space alter_height=\u00bbsmall\u00bb hide_on_mobile=\u00bb\u00bb]<div id=\"sc_title_1413164709\"\n\t\tclass=\"sc_title sc_title_default cor\"><h3 class=\"sc_item_title sc_title_title sc_align_center sc_item_title_style_title-medium-size-style\">ven a bucear con nosotros<\/h3><\/div><!-- \/.sc_title -->[vc_column_text css=\u00bb.vc_custom_1566944643496{margin-top: 2em !important;margin-bottom: 2em !important;}\u00bb]<\/p>\n<p style=\"text-align: center;\"><strong>El centro de buceo Qmann Diving est\u00e1 totalmente certificado por <a href=\"https:\/\/www.divessi.com\/es-IC\/home\/\">SSI<\/a> y est\u00e1 ubicado en la isla Terceira, una de las mejores islas de las Azores. Centro de buceo azores<\/strong><\/p>\n<p style=\"text-align: center;\"><strong>Cursos:<\/strong><\/p>\n<p>[\/vc_column_text][vc_row_inner css=\u00bb.vc_custom_1560351968614{margin-top: 1em !important;margin-bottom: 1em !important;}\u00bb][vc_column_inner width=\u00bb1\/2&#8243;][vc_column_text css=\u00bb.vc_custom_1560353890767{margin-top: 1em !important;margin-bottom: 1em !important;}\u00bb]<\/p>\n<p style=\"text-align: center;\"><strong>Curso de aguas abiertas<\/strong><\/p>\n<p style=\"text-align: center;\"><strong>Curso de navegacion<\/strong><\/p>\n<p style=\"text-align: center;\"><strong>Curso de b\u00fasqueda y recuperaci\u00f3n<\/strong><\/p>\n<p style=\"text-align: center;\"><strong>Curso de flotabilidad perfecta<\/strong><\/p>\n<p style=\"text-align: center;\"><strong>Curso de montaje lateral recreativo<\/strong><\/p>\n<p style=\"text-align: center;\"><strong>Curso de buceo profundo<\/strong><\/p>\n<p style=\"text-align: center;\"><strong>Curso nocturno y de visibilidad limitada.<\/strong><\/p>\n<p>[\/vc_column_text][\/vc_column_inner][vc_column_inner width=\u00bb1\/2&#8243;][vc_column_text css=\u00bb.vc_custom_1560353897888{margin-top: 1em !important;margin-bottom: 1em !important;}\u00bb]<\/p>\n<p style=\"text-align: center;\"><strong>Curso de buceo independiente<\/strong><\/p>\n<p style=\"text-align: center;\"><strong>Curso de buceo y rescate.<\/strong><\/p>\n<p style=\"text-align: center;\"><strong>Reaccionar derecho curso<\/strong><\/p>\n<p style=\"text-align: center;\"><strong>Curso de Nitrox Aire Enriquecido<\/strong><\/p>\n<p style=\"text-align: center;\"><strong>Curso de ciencia del buceo<\/strong><\/p>\n<p style=\"text-align: center;\"><strong>Curso de buceo traje seco<\/strong><\/p>\n<p>[\/vc_column_text][\/vc_column_inner][\/vc_row_inner]<div class=\"sc_item_button sc_button_wrap sc_align_center\"><a href=\"http:\/\/qmanndiving.com\/es\/courses\/\"\n\t id=\"sc_button_1619781634\" \n\tclass=\"sc_button sc_button_default sc_button_size_normal sc_button_icon_left\"\n\t\t><span class=\"sc_button_text\"><span class=\"sc_button_title\">LEER MAS<\/span><\/span><!-- \/.sc_button_text --><\/a><!-- \/.sc_button --><\/div><!-- \/.sc_item_button -->[vc_empty_space hide_on_mobile=\u00bb\u00bb][\/vc_column][\/vc_row][vc_row][vc_column css=\u00bb.vc_custom_1560350755030{margin-right: 10px !important;margin-left: 10px !important;}\u00bb][vc_empty_space alter_height=\u00bbsmall\u00bb hide_on_mobile=\u00bb\u00bb]<div id=\"sc_title_878385066\"\n\t\tclass=\"sc_title sc_title_default cor\"><h3 class=\"sc_item_title sc_title_title sc_align_center sc_item_title_style_title-medium-size-style\">SOBRE NOSOTROS<\/h3><\/div><!-- \/.sc_title -->[vc_column_text css=\u00bb.vc_custom_1560353964951{margin-top: 2em !important;margin-bottom: 2em !important;}\u00bb]<\/p>\n<p style=\"text-align: center;\"><strong>Cuando comenzamos a bucear hace 40 a\u00f1os, tuvimos un entrenamiento de buceo que estaba muy lejos de lo que sabemos ahora y lo que queremos transmitir a los nuevos buceadores como usted y muchos otros es un conocimiento mejorado.<\/strong><br \/><strong>Recuerda la primera vez en el agua y sientes curiosidad por lo que estar\u00eda all\u00ed, sorprendi\u00e9ndote de todas las peque\u00f1as cosas, la vida marina &#8230; As\u00ed que todos queremos descubrir m\u00e1s sobre lo que hay a continuaci\u00f3n. S\u00f3lo ve por ello, &#8230; \u00a1bucea!<\/strong><br \/><strong>Ofreci\u00e9ndole el mejor equipo y la mejor calidad, Mares es nuestro principal proveedor y lo proveer\u00e1 en todas sus necesidades.<\/strong><br \/><strong>Usamos un compresor de aire de fabricaci\u00f3n alemana, la calidad primero para asegurarnos de que &#8230; usted est\u00e1 seguro.<\/strong><br \/><strong>En lo que respecta al buceo, ofrecemos principalmente buceos en tierra, uno en uno o en grupos peque\u00f1os. M\u00e1ximo 4. desde lo b\u00e1sico hasta lo que creas c\u00f3modo. Estamos aqu\u00ed para ayudarle, ayudarlo a encontrar su camino.<\/strong><\/p>\n<p>[\/vc_column_text][vc_empty_space hide_on_mobile=\u00bb\u00bb][\/vc_column][\/vc_row][vc_row][vc_column css=\u00bb.vc_custom_1560350755030{margin-right: 10px !important;margin-left: 10px !important;}\u00bb][vc_empty_space alter_height=\u00bbsmall\u00bb hide_on_mobile=\u00bb\u00bb]<div id=\"sc_title_92967480\"\n\t\tclass=\"sc_title sc_title_default cor\"><h3 class=\"sc_item_title sc_title_title sc_align_center sc_item_title_style_title-medium-size-style\">BUCEO<\/h3><\/div><!-- \/.sc_title -->[vc_row_inner css=\u00bb.vc_custom_1560352051694{margin-top: 1em !important;margin-bottom: 1em !important;}\u00bb][vc_column_inner][vc_column_text css=\u00bb.vc_custom_1560354001472{margin-top: 1em !important;margin-bottom: 1em !important;}\u00bb]<\/p>\n<p style=\"text-align: center;\"><strong>Snorkel<\/strong><\/p>\n<p style=\"text-align: center;\"><strong>Intenta bucear<\/strong><\/p>\n<p style=\"text-align: center;\"><strong>Refrescar<\/strong><\/p>\n<p style=\"text-align: center;\"><strong>Buceo de un solo tanque<\/strong><\/p>\n<p style=\"text-align: center;\"><strong>buceo de montaje lateral<\/strong><\/p>\n<p style=\"text-align: center;\"><strong>Conjunto de gemelos de buceo<\/strong><\/p>\n<p>[\/vc_column_text][\/vc_column_inner][\/vc_row_inner]<div class=\"sc_item_button sc_button_wrap sc_align_center\"><a href=\"http:\/\/qmanndiving.com\/es\/diving\/\"\n\t id=\"sc_button_1992971704\" \n\tclass=\"sc_button sc_button_default sc_button_size_normal sc_button_icon_left\"\n\t\t><span class=\"sc_button_text\"><span class=\"sc_button_title\">LEER MAS<\/span><\/span><!-- \/.sc_button_text --><\/a><!-- \/.sc_button --><\/div><!-- \/.sc_item_button -->[vc_empty_space hide_on_mobile=\u00bb\u00bb][vc_column_text css=\u00bb.vc_custom_1560354097079{margin-top: 2em !important;margin-bottom: 2em !important;}\u00bb]<\/p>\n<p style=\"text-align: center;\"><strong>Para aquellos que est\u00e9n interesados en el buceo t\u00e9cnico, cont\u00e1ctenos por correo electr\u00f3nico para discutir los detalles.<\/strong><br \/><strong>Mezclamos nitrox a medida hasta un 40% y helio a su elecci\u00f3n, y tambi\u00e9n hacemos un 100% de O2 transfill.<\/strong><\/p>\n<p>[\/vc_column_text]<div class=\"sc_item_button sc_button_wrap sc_align_center\"><a href=\"http:\/\/qmanndiving.com\/es\/contacts\/\"\n\t id=\"sc_button_1763281331\" \n\tclass=\"sc_button sc_button_default sc_button_size_normal sc_button_icon_left\"\n\t\t><span class=\"sc_button_text\"><span class=\"sc_button_title\">CONTACTO<\/span><\/span><!-- \/.sc_button_text --><\/a><!-- \/.sc_button --><\/div><!-- \/.sc_item_button -->[vc_empty_space hide_on_mobile=\u00bb\u00bb][\/vc_column][\/vc_row]<\/p>\n","protected":false},"excerpt":{"rendered":"<p>[vc_row full_width=\u00bbstretch_row_content_no_spaces\u00bb][vc_column][rev_slider_vc alias=\u00bbhome-es\u00bb][\/vc_column][\/vc_row][vc_row full_width=\u00bbstretch_row_content_no_spaces\u00bb css=\u00bb.vc_custom_1534164235091{padding-right: 0px !important;padding-left: 0px !important;}\u00bb][vc_column width=\u00bb1\/3&#8243;][vc_single_image image=\u00bb2074&#8243; img_size=\u00bbfull\u00bb alignment=\u00bbcenter\u00bb][vc_single_image image=\u00bb2079&#8243; img_size=\u00bbfull\u00bb alignment=\u00bbcenter\u00bb][\/vc_column][vc_column width=\u00bb2\/3&#8243;][vc_raw_html]JTNDaWZyYW1lJTIwc3JjJTNEJTIyaHR0cHMlM0ElMkYlMkZ3d3cuZ29vZ2xlLmNvbSUyRm1hcHMlMkZlbWJlZCUzRnBiJTNEJTIxMW0xOCUyMTFtMTIlMjExbTMlMjExZDMxMDkuOTgzNzA2NDkyMjM5NCUyMTJkLTI3LjMxODQ5MDI4NDY1MjkxNyUyMTNkMzguNzg3MDA3ODc5NTg3ODc1JTIxMm0zJTIxMWYwJTIxMmYwJTIxM2YwJTIxM20yJTIxMWkxMDI0JTIxMmk3NjglMjE0ZjEzLjElMjEzbTMlMjExbTIlMjExczB4YjQ2NzE4ZmFhMWY3ODFmJTI1M0EweGM0YTcxZDViZjM4MGJhM2QlMjEyc1FtYW5uJTJCRGl2aW5nJTJCZGl2ZSUyQmNlbnRlciUyQkF6b3JlcyUyMTVlMCUyMTNtMiUyMTFzZW4lMjEyc3B0JTIxNHYxNTM5NzcwMzE3MzE5JTIyJTIwd2lkdGglM0QlMjIxMDAlMjUlMjIlMjBoZWlnaHQlM0QlMjI0NTAlMjIlMjBmcmFtZWJvcmRlciUzRCUyMjAlMjIlMjBzdHlsZSUzRCUyMmJvcmRlciUzQTAlMjIlMjBhbGxvd2Z1bGxzY3JlZW4lM0UlM0MlMkZpZnJhbWUlM0U=[\/vc_raw_html][\/vc_column][\/vc_row][vc_row][vc_column css=\u00bb.vc_custom_1560350755030{margin-right: 10px !important;margin-left:&hellip;<\/p>\n","protected":false},"author":1,"featured_media":0,"parent":0,"menu_order":0,"comment_status":"closed","ping_status":"closed","template":"","meta":{"_acf_changed":false,"footnotes":""},"class_list":["post-1365","page","type-page","status-publish","hentry"],"acf":[],"yoast_head":"<!-- This site is optimized with the Yoast SEO plugin v26.1.1 - https:\/\/yoast.com\/wordpress\/plugins\/seo\/ -->\n<title>Centro de Buceo Azores - Qmann Diving- dive centers in the Azores<\/title>\n<meta name=\"description\" content=\"El centro de buceo Qmann Diving est\u00e1 totalmente certificado por SSI y est\u00e1 ubicado en la isla Terceira, una de las mejores islas de las Azores.\" \/>\n<meta name=\"robots\" content=\"index, follow, max-snippet:-1, max-image-preview:large, max-video-preview:-1\" \/>\n<link rel=\"canonical\" href=\"https:\/\/qmanndiving.com\/es\/\" \/>\n<meta property=\"og:locale\" content=\"es_ES\" \/>\n<meta property=\"og:type\" content=\"article\" \/>\n<meta property=\"og:title\" content=\"Centro de Buceo Azores - Qmann Diving- dive centers in the Azores\" \/>\n<meta property=\"og:description\" content=\"El centro de buceo Qmann Diving est\u00e1 totalmente certificado por SSI y est\u00e1 ubicado en la isla Terceira, una de las mejores islas de las Azores.\" \/>\n<meta property=\"og:url\" content=\"https:\/\/qmanndiving.com\/es\/\" \/>\n<meta property=\"og:site_name\" content=\"Qmann Diving- dive centers in the Azores\" \/>\n<meta property=\"article:publisher\" content=\"https:\/\/www.facebook.com\/pages\/category\/Scuba-Diving-Center\/Qmann-Diving-dive-center-Azores-276319169682383\/\" \/>\n<meta property=\"article:modified_time\" content=\"2019-08-27T22:29:37+00:00\" \/>\n<meta name=\"twitter:card\" content=\"summary_large_image\" \/>\n<meta name=\"twitter:label1\" content=\"Tiempo de lectura\" \/>\n\t<meta name=\"twitter:data1\" content=\"4 minutos\" \/>\n<script type=\"application\/ld+json\" class=\"yoast-schema-graph\">{\"@context\":\"https:\/\/schema.org\",\"@graph\":[{\"@type\":\"WebPage\",\"@id\":\"https:\/\/qmanndiving.com\/es\/\",\"url\":\"https:\/\/qmanndiving.com\/es\/\",\"name\":\"Centro de Buceo Azores - Qmann Diving- dive centers in the Azores\",\"isPartOf\":{\"@id\":\"https:\/\/qmanndiving.com\/#website\"},\"datePublished\":\"2016-10-11T08:28:05+00:00\",\"dateModified\":\"2019-08-27T22:29:37+00:00\",\"description\":\"El centro de buceo Qmann Diving est\u00e1 totalmente certificado por SSI y est\u00e1 ubicado en la isla Terceira, una de las mejores islas de las Azores.\",\"breadcrumb\":{\"@id\":\"https:\/\/qmanndiving.com\/es\/#breadcrumb\"},\"inLanguage\":\"es\",\"potentialAction\":[{\"@type\":\"ReadAction\",\"target\":[\"https:\/\/qmanndiving.com\/es\/\"]}]},{\"@type\":\"BreadcrumbList\",\"@id\":\"https:\/\/qmanndiving.com\/es\/#breadcrumb\",\"itemListElement\":[{\"@type\":\"ListItem\",\"position\":1,\"name\":\"In\u00edcio\",\"item\":\"https:\/\/qmanndiving.com\/es\/\"},{\"@type\":\"ListItem\",\"position\":2,\"name\":\"Centro de buceo azores\"}]},{\"@type\":\"WebSite\",\"@id\":\"https:\/\/qmanndiving.com\/#website\",\"url\":\"https:\/\/qmanndiving.com\/\",\"name\":\"Qmann Diving - centro de mergulho nos A\u00e7ores\",\"description\":\"Qmann Diving is a fully SSI certified dive centre operating at Terceira island, one of the finest island in the Azores, offering you private or small groups (max. 4) diving and courses, our goal is Quality.\",\"publisher\":{\"@id\":\"https:\/\/qmanndiving.com\/#organization\"},\"potentialAction\":[{\"@type\":\"SearchAction\",\"target\":{\"@type\":\"EntryPoint\",\"urlTemplate\":\"https:\/\/qmanndiving.com\/?s={search_term_string}\"},\"query-input\":{\"@type\":\"PropertyValueSpecification\",\"valueRequired\":true,\"valueName\":\"search_term_string\"}}],\"inLanguage\":\"es\"},{\"@type\":\"Organization\",\"@id\":\"https:\/\/qmanndiving.com\/#organization\",\"name\":\"Qmann Diving\",\"url\":\"https:\/\/qmanndiving.com\/\",\"logo\":{\"@type\":\"ImageObject\",\"inLanguage\":\"es\",\"@id\":\"https:\/\/qmanndiving.com\/#\/schema\/logo\/image\/\",\"url\":\"https:\/\/qmanndiving.com\/wp-content\/uploads\/logo_qman_diving_1.png\",\"contentUrl\":\"https:\/\/qmanndiving.com\/wp-content\/uploads\/logo_qman_diving_1.png\",\"width\":650,\"height\":350,\"caption\":\"Qmann Diving\"},\"image\":{\"@id\":\"https:\/\/qmanndiving.com\/#\/schema\/logo\/image\/\"},\"sameAs\":[\"https:\/\/www.facebook.com\/pages\/category\/Scuba-Diving-Center\/Qmann-Diving-dive-center-Azores-276319169682383\/\"]}]}<\/script>\n<!-- \/ Yoast SEO plugin. -->","yoast_head_json":{"title":"Centro de Buceo Azores - Qmann Diving- dive centers in the Azores","description":"El centro de buceo Qmann Diving est\u00e1 totalmente certificado por SSI y est\u00e1 ubicado en la isla Terceira, una de las mejores islas de las Azores.","robots":{"index":"index","follow":"follow","max-snippet":"max-snippet:-1","max-image-preview":"max-image-preview:large","max-video-preview":"max-video-preview:-1"},"canonical":"https:\/\/qmanndiving.com\/es\/","og_locale":"es_ES","og_type":"article","og_title":"Centro de Buceo Azores - Qmann Diving- dive centers in the Azores","og_description":"El centro de buceo Qmann Diving est\u00e1 totalmente certificado por SSI y est\u00e1 ubicado en la isla Terceira, una de las mejores islas de las Azores.","og_url":"https:\/\/qmanndiving.com\/es\/","og_site_name":"Qmann Diving- dive centers in the Azores","article_publisher":"https:\/\/www.facebook.com\/pages\/category\/Scuba-Diving-Center\/Qmann-Diving-dive-center-Azores-276319169682383\/","article_modified_time":"2019-08-27T22:29:37+00:00","twitter_card":"summary_large_image","twitter_misc":{"Tiempo de lectura":"4 minutos"},"schema":{"@context":"https:\/\/schema.org","@graph":[{"@type":"WebPage","@id":"https:\/\/qmanndiving.com\/es\/","url":"https:\/\/qmanndiving.com\/es\/","name":"Centro de Buceo Azores - Qmann Diving- dive centers in the Azores","isPartOf":{"@id":"https:\/\/qmanndiving.com\/#website"},"datePublished":"2016-10-11T08:28:05+00:00","dateModified":"2019-08-27T22:29:37+00:00","description":"El centro de buceo Qmann Diving est\u00e1 totalmente certificado por SSI y est\u00e1 ubicado en la isla Terceira, una de las mejores islas de las Azores.","breadcrumb":{"@id":"https:\/\/qmanndiving.com\/es\/#breadcrumb"},"inLanguage":"es","potentialAction":[{"@type":"ReadAction","target":["https:\/\/qmanndiving.com\/es\/"]}]},{"@type":"BreadcrumbList","@id":"https:\/\/qmanndiving.com\/es\/#breadcrumb","itemListElement":[{"@type":"ListItem","position":1,"name":"In\u00edcio","item":"https:\/\/qmanndiving.com\/es\/"},{"@type":"ListItem","position":2,"name":"Centro de buceo azores"}]},{"@type":"WebSite","@id":"https:\/\/qmanndiving.com\/#website","url":"https:\/\/qmanndiving.com\/","name":"Qmann Diving - centro de mergulho nos A\u00e7ores","description":"Qmann Diving is a fully SSI certified dive centre operating at Terceira island, one of the finest island in the Azores, offering you private or small groups (max. 4) diving and courses, our goal is Quality.","publisher":{"@id":"https:\/\/qmanndiving.com\/#organization"},"potentialAction":[{"@type":"SearchAction","target":{"@type":"EntryPoint","urlTemplate":"https:\/\/qmanndiving.com\/?s={search_term_string}"},"query-input":{"@type":"PropertyValueSpecification","valueRequired":true,"valueName":"search_term_string"}}],"inLanguage":"es"},{"@type":"Organization","@id":"https:\/\/qmanndiving.com\/#organization","name":"Qmann Diving","url":"https:\/\/qmanndiving.com\/","logo":{"@type":"ImageObject","inLanguage":"es","@id":"https:\/\/qmanndiving.com\/#\/schema\/logo\/image\/","url":"https:\/\/qmanndiving.com\/wp-content\/uploads\/logo_qman_diving_1.png","contentUrl":"https:\/\/qmanndiving.com\/wp-content\/uploads\/logo_qman_diving_1.png","width":650,"height":350,"caption":"Qmann Diving"},"image":{"@id":"https:\/\/qmanndiving.com\/#\/schema\/logo\/image\/"},"sameAs":["https:\/\/www.facebook.com\/pages\/category\/Scuba-Diving-Center\/Qmann-Diving-dive-center-Azores-276319169682383\/"]}]}},"_links":{"self":[{"href":"https:\/\/qmanndiving.com\/es\/wp-json\/wp\/v2\/pages\/1365","targetHints":{"allow":["GET"]}}],"collection":[{"href":"https:\/\/qmanndiving.com\/es\/wp-json\/wp\/v2\/pages"}],"about":[{"href":"https:\/\/qmanndiving.com\/es\/wp-json\/wp\/v2\/types\/page"}],"author":[{"embeddable":true,"href":"https:\/\/qmanndiving.com\/es\/wp-json\/wp\/v2\/users\/1"}],"replies":[{"embeddable":true,"href":"https:\/\/qmanndiving.com\/es\/wp-json\/wp\/v2\/comments?post=1365"}],"version-history":[{"count":12,"href":"https:\/\/qmanndiving.com\/es\/wp-json\/wp\/v2\/pages\/1365\/revisions"}],"predecessor-version":[{"id":2458,"href":"https:\/\/qmanndiving.com\/es\/wp-json\/wp\/v2\/pages\/1365\/revisions\/2458"}],"wp:attachment":[{"href":"https:\/\/qmanndiving.com\/es\/wp-json\/wp\/v2\/media?parent=1365"}],"curies":[{"name":"wp","href":"https:\/\/api.w.org\/{rel}","templated":true}]}}