{"id":1362,"date":"2018-08-22T09:59:25","date_gmt":"2018-08-22T09:59:25","guid":{"rendered":"http:\/\/qmanndiving.com\/es\/terms-and-conditions\/"},"modified":"2019-02-27T09:55:31","modified_gmt":"2019-02-27T09:55:31","slug":"terms-and-conditions","status":"publish","type":"page","link":"https:\/\/qmanndiving.com\/es\/terms-and-conditions\/","title":{"rendered":"T\u00e9rminos y condiciones de uso"},"content":{"rendered":"<p><strong>T\u00e9rminos y condiciones de uso<\/strong><\/p>\n<p><strong>-Esto es importante y afecta sus derechos legales, por lo tanto, l\u00e9alos cuidadosamente y lea los dem\u00e1s t\u00e9rminos que se mencionan en este documento.<\/strong><\/p>\n<p><strong>-Los siguientes t\u00e9rminos y condiciones establecen la base sobre la cual Dimitri Lionel Baeten \u00abQmann Diving\u00bb, (\u00abNosotros\u00bb, \u00abNosotros\u00bb, \u00abNuestro\u00bb) comercializa y vende todos los entrenamientos, cursos, reservas de buceo, venta de mercanc\u00edas y servicios. \u201d,\u201c La Compa\u00f1\u00eda \u201d), para y \/ o con el comprador, (\u201c Usted \u201d,\u201c Su \u201d), de Nuestros sitios web (\u201c el Sitio \u201d), por tel\u00e9fono o en persona en el Centro de buceo.<\/strong><\/p>\n<p><strong>-Estos t\u00e9rminos y condiciones, junto con nuestra Pol\u00edtica de privacidad y cualquier formulario de pedido o instrucciones de pago comprenden el acuerdo completo entre Usted y Nosotros en relaci\u00f3n con cada venta, por ejemplo, la reserva de buceo o el alquiler de equipos de buceo que aceptamos de usted.<\/strong><\/p>\n<p><strong>-Al realizar una reserva a trav\u00e9s del sitio, por tel\u00e9fono, correo electr\u00f3nico o en persona, usted acepta estar sujeto a estos t\u00e9rminos y condiciones.<\/strong><\/p>\n<p><strong>-Al realizar una reserva, usted reconoce que no se ha basado en ninguna declaraci\u00f3n, garant\u00eda o representaci\u00f3n que no sea la realizada en estos t\u00e9rminos y condiciones, nuestra Pol\u00edtica de privacidad, cualquier formulario de pedido, formulario de datos, formulario de declaraci\u00f3n m\u00e9dica, formulario de exenci\u00f3n de responsabilidad, formulario de contrato de alquiler o instrucciones de pago.<\/strong><\/p>\n<p><strong>\u00a0<\/strong><\/p>\n<p><strong>Reservas de cursos :<\/strong><\/p>\n<p><strong>-Todos los buzos que figuran en una reserva de curso se incluir\u00e1n en la reserva y los cargos se aplicar\u00e1n a todos los espacios reservados.<\/strong><\/p>\n<p><strong>-Un dep\u00f3sito o la cantidad total se cargar\u00e1 en el momento de la reserva para confirmar la reserva.<\/strong><\/p>\n<p><strong>-Los candidatos que utilicen el equipo de Dimitri Lionel Baeten o \u00abQmann Diving\u00bb para cualquier curso o inmersi\u00f3n son responsables de dicho equipo y se cobrar\u00e1n en su totalidad por cualquier p\u00e9rdida o da\u00f1o, independientemente de la causa.<\/strong><\/p>\n<p><strong>-Los candidatos no pueden participar en actividades de buceo sin haber completado satisfactoriamente una declaraci\u00f3n m\u00e9dica, una declaraci\u00f3n de entendimiento y un formulario de renuncia\u00a0<\/strong><strong>de responsabilidad y asunci\u00f3n de riesgo y responsabilidad. Cualquier demora causada al curso por no completar estos requisitos administrativos y m\u00e9dicos ser\u00e1 imputable a la tasa actual de sesiones perdidas.<\/strong><\/p>\n<p><strong>-Cualquier no asistencia a las sesiones programadas se cobrar\u00e1 a la tarifa actual perdida de la sesi\u00f3n.<\/strong><\/p>\n<p><strong>-Si los clientes no cumplen con los requisitos de rendimiento en cualquier sesi\u00f3n de inmersi\u00f3n o desarrollo de conocimiento, a discreci\u00f3n exclusiva del instructor, Dimitri Lionel Baeten \u00abQmann Diving\u00bb se reserva el derecho de cobrar por repetir esa inmersi\u00f3n o sesi\u00f3n, la tarifa ser\u00e1 basado en la tasa actual de sesiones perdidas en ese momento y depende de la naturaleza de la inmersi\u00f3n o sesi\u00f3n perdida.<\/strong><\/p>\n<p><strong>Ni Dimitri Lionel Baeten \u00abQmann Diving\u00bb puede responsabilizar a sus empleados o contratistas por los da\u00f1os o la p\u00e9rdida de cualquier equipo personal causado antes, durante o despu\u00e9s de cualquier actividad o curso de buceo.<\/strong><\/p>\n<p><strong>\u00a0<\/strong><\/p>\n<p><strong>Pagos<\/strong><\/p>\n<p><strong>El pago se realiza en el momento de la reserva y registrado autom\u00e1ticamente.<\/strong><\/p>\n<p><strong>En el momento de su registro \/ reserva, el Cliente asume algunos compromisos con Dimitri Lionel Baeten \u00abQmann Diving\u00bb:<\/strong><\/p>\n<p><strong>Tener conocimiento de y aceptar estos T\u00e9rminos y Condiciones de participaci\u00f3n, as\u00ed como la actividad en la que el Cliente se suscribe, lo que constituye las condiciones particulares de participaci\u00f3n en la actividad.<\/strong><\/p>\n<p><strong>\u00a0<\/strong><\/p>\n<p><strong>Cancelaciones del curso hechas por usted: <\/strong><\/p>\n<p><strong>Usted tiene derecho a cancelar su curso en cualquier momento. Todas las cancelaciones se pueden hacer mediante los siguientes m\u00e9todos, enviando un correo electr\u00f3nico a info@qmanndiving.com. La cancelaci\u00f3n entrar\u00e1 en vigencia a partir del d\u00eda en que se reciba este aviso y el recibo se confirmar\u00e1 por escrito a trav\u00e9s de un mensaje de texto o correo electr\u00f3nico. <\/strong><\/p>\n<p><strong>Las tarifas de cancelaci\u00f3n se cobrar\u00e1n como un porcentaje del precio del dep\u00f3sito dependiendo de la cantidad de d\u00edas antes del curso en el que se recibi\u00f3 la notificaci\u00f3n de cancelaci\u00f3n. Se aplicar\u00e1n los siguientes cargos por cancelaci\u00f3n:<\/strong><\/p>\n<p><strong>-M\u00e1s de 30 d\u00edas: 25%<\/strong><\/p>\n<p><strong>-Entre 14 y 29 d\u00edas: 50%<\/strong><\/p>\n<p><strong>-Entre 0 y 13 d\u00edas: 100%<\/strong><\/p>\n<p><strong>\u00a0<\/strong><\/p>\n<p><strong>Cambios realizados por nosotros: <\/strong><\/p>\n<p><strong>-Es improbable que tengamos que hacer cambios en los arreglos de su curso. En ocasiones, es posible que tengamos que hacer cambios (por ejemplo, un cambio de instructor puede ser necesario o un sitio de buceo para la capacitaci\u00f3n) y nos reservamos el derecho de hacerlo en cualquier momento.<\/strong><\/p>\n<p><strong>-Tambi\u00e9n nos reservamos el derecho de cancelar sus arreglos de cursos. Por ejemplo, si todos los instructores no pueden bucear o el clima es demasiado malo para permitir el buceo, es posible que tengamos que cancelarlo. Sin embargo, en ese caso, Dimitri Lionel Baeten \u00abQmann Diving\u00bb puede reprogramar su curso reservado para otro curso planificado en el futuro, si est\u00e1 disponible.<\/strong><\/p>\n<p><strong>\u00a0<\/strong><\/p>\n<p><strong>NOTA IMPORTANTE: los reembolsos o cualquier pago de compensaci\u00f3n no se aplican si tenemos que reprogramar su curso o en circunstancias fuera de nuestro control (fuerza mayor). Podemos cancelar su curso en las siguientes circunstancias: guerra, amenaza de guerra, disturbios, disturbios civiles o actividad terrorista, disputas industriales, desastres naturales o nucleares, incendios, problemas t\u00e9cnicos con el transporte, problemas t\u00e9cnicos en general, cierres de aeropuertos, malas condiciones clim\u00e1ticas y eventos similares fuera de nuestro control.<\/strong><\/p>\n<p><strong>-Cualquier cargo incurrido durante el curso resultar\u00e1 en la suspensi\u00f3n de la capacitaci\u00f3n y la retenci\u00f3n de la certificaci\u00f3n hasta que se pague por completo. Dimitri Lionel Baeten \u00abQmann Diving\u00bb se reserva el derecho de cobrar tarifas pendientes a la tarjeta de cr\u00e9dito \/ d\u00e9bito del cliente.<\/strong><\/p>\n<p><strong>-Dimitri Lionel Baeten \u00abQmann Diving\u00bb se reserva el derecho de cobrar una tarifa administrativa por cualquier modificaci\u00f3n de las sesiones programadas en un curso reservado que solicite el cliente. Esta tarifa se puede cobrar adem\u00e1s de una tarifa por sesi\u00f3n perdida a discreci\u00f3n de Dimitri Lionel Baeten \u00abQmann Diving\u00bb.<\/strong><\/p>\n<p><strong>-Todos los cursos deben comenzar dentro de los 6 meses de la reserva, a menos que por un acuerdo previo de Dimitri Lionel Baeten \u00abQmann Diving\u00bb, los cursos que no comiencen dentro de los 6 meses de la reserva perder\u00e1n los cargos pagados.<\/strong><\/p>\n<p><strong>-Los candidatos aceptan cumplir con las reglas y decisiones de Dimitri Lionel Baeten \u00abQmann Diving\u00bb, su personal y los subcontratistas en todos los asuntos relacionados con la capacitaci\u00f3n de buzos.<\/strong><\/p>\n<p><strong>No hay reembolsos despu\u00e9s de que el curso ha comenzado!<\/strong><\/p>\n<p><strong>\u00a0<\/strong><\/p>\n<p><strong>Reservas de viajes de buceo:<\/strong><\/p>\n<p><strong>-Todos los buzos que figuran en una reserva de buceo en tierra se incluir\u00e1n en la reserva, y los cargos se aplicar\u00e1n a todos los espacios reservados.<\/strong><\/p>\n<p><strong>-Un dep\u00f3sito se cargar\u00e1 en el momento de la reserva para confirmar la reserva.<\/strong><\/p>\n<p><strong>-El Centro de buceo se reserva el derecho de cambiar de sitio sin previo aviso, debido al clima, la seguridad o cualquier otra raz\u00f3n.<\/strong><\/p>\n<p><strong>\u00a0<\/strong><\/p>\n<p><strong>Pagos<\/strong><\/p>\n<p><strong>El pago se realiza en el momento de la reserva y registrado autom\u00e1ticamente.<\/strong><\/p>\n<p><strong>En el momento de su registro \/ reserva, el Cliente se compromete con Dimitri Lionel Baeten \u00abQmann Diving\u00bb:<\/strong><\/p>\n<p><strong>Tener conocimiento de y aceptar estos T\u00e9rminos y Condiciones de participaci\u00f3n, as\u00ed como la actividad en la que el Cliente se suscribe, lo que constituye las condiciones particulares de participaci\u00f3n en la actividad.<\/strong><\/p>\n<p><strong>Que se encuentra en condiciones de salud adecuadas para la actividad en la que se inscribe y acepta la naturaleza de la actividad, es decir, los riesgos derivados de la imposibilidad de acceso inmediato a la atenci\u00f3n m\u00e9dica.<\/strong><\/p>\n<p><strong>Qui\u00e9n es consciente del tipo de demandas f\u00edsicas y psicol\u00f3gicas que implica la actividad y que pueden conducir a situaciones imprevistas.<\/strong><\/p>\n<p><strong>\u00a0<\/strong><\/p>\n<p><strong>Cancelaciones de viaje de buceo hechas por usted: <\/strong><\/p>\n<p><strong>Usted tiene derecho a cancelar su viaje de buceo en cualquier momento. Todas las cancelaciones se pueden hacer por el siguiente m\u00e9todo, enviando un correo electr\u00f3nico a info@qmanndiving.com. La cancelaci\u00f3n entrar\u00e1 en vigencia a partir del d\u00eda en que se reciba este aviso y el recibo se confirmar\u00e1 por escrito por correo electr\u00f3nico.<\/strong><\/p>\n<p><strong>Las tarifas de cancelaci\u00f3n se cobrar\u00e1n como un porcentaje del precio del dep\u00f3sito dependiendo de la cantidad de d\u00edas antes del curso en el que se recibi\u00f3 la notificaci\u00f3n de cancelaci\u00f3n. Se aplicar\u00e1n los siguientes cargos por cancelaci\u00f3n:<\/strong><\/p>\n<p><strong>-M\u00e1s de 30 d\u00edas: 25% <\/strong><\/p>\n<p><strong>-Entre 14 y 29 d\u00edas: 50% <\/strong><\/p>\n<p><strong>-Entre 0 y 13 d\u00edas: 100%<\/strong><\/p>\n<p><strong>\u00a0<\/strong><\/p>\n<p><strong>Cambios realizados por nosotros: <\/strong><\/p>\n<p><strong>-Es improbable que tengamos que realizar cambios en los arreglos de su viaje de buceo. En ocasiones, es posible que tengamos que hacer cambios (por ejemplo, un cambio en el sitio de buceo puede ser necesario) y nos reservamos el derecho de hacerlo en cualquier momento.<\/strong><\/p>\n<p><strong>\u00a0<\/strong><\/p>\n<p><strong>&#8211; NOTA IMPORTANTE: los reembolsos o cualquier pago de compensaci\u00f3n no se aplican a circunstancias fuera de nuestro control (fuerza mayor). Podemos cancelar su viaje de buceo en las siguientes circunstancias: guerra, amenaza de guerra, disturbios, disturbios civiles o actividad terrorista, disputas industriales, desastres naturales o nucleares, incendios, problemas t\u00e9cnicos con el transporte, cierres de aeropuertos, condiciones clim\u00e1ticas adversas y eventos similares. nuestro control.<\/strong><\/p>\n<p><strong>-Dimitri Lionel Baeten \u00abMann Diving\u00bb se reserva el derecho de rechazar a los buceadores a bucear si, en la opini\u00f3n del Centro de buceo, si el buceador no es adecuado para el buceo elegido por cualquier motivo. En este caso, el buceador ser\u00e1 responsable de la carga completa de la inmersi\u00f3n.<\/strong><\/p>\n<p><strong>-En todos los asuntos relacionados con la reserva de viaje de buceo; La decisi\u00f3n del centro de buceo es definitiva.<\/strong><\/p>\n<p><strong>-Todos los buceadores aceptan cumplir con las Pr\u00e1cticas de buceo del Centro de buceo en todo momento, una copia del cual est\u00e1 disponible a pedido, la decisi\u00f3n del centro sobre cualquier tema de buceo es definitiva.<\/strong><\/p>\n<p><strong>-Los buceadores que utilicen el equipo de Dimitri Lionel Baeten o \u00abQmann Diving\u00bb para cualquier actividad o curso de buceo son responsables de ese equipo y se les cobrar\u00e1 por completo por cualquier p\u00e9rdida o da\u00f1o, independientemente de la causa.<\/strong><\/p>\n<p><strong>\u00a0<\/strong><\/p>\n<p><strong>Otro<\/strong><\/p>\n<p><strong>-Dimitri Lionel Baeten \u00abQmann Diving\u00bb no acepta NINGUNA RESPONSABILIDAD por la p\u00e9rdida o da\u00f1o de propiedad personal, incluido el equipo de buceo, y cualquier equipo dejado en el sitio de buceo o en el centro de buceo. Durante la noche o durante el transporte est\u00e1 a riesgo del propietario.<\/strong><\/p>\n<p><strong>-Nos reservamos el derecho de cambiar estos t\u00e9rminos y condiciones en cualquier momento.<\/strong><\/p>\n","protected":false},"excerpt":{"rendered":"<p>T\u00e9rminos y condiciones de uso -Esto es importante y afecta sus derechos legales, por lo tanto, l\u00e9alos cuidadosamente y lea&hellip;<\/p>\n","protected":false},"author":1,"featured_media":0,"parent":0,"menu_order":0,"comment_status":"closed","ping_status":"closed","template":"","meta":{"_acf_changed":false,"footnotes":""},"class_list":["post-1362","page","type-page","status-publish","hentry"],"acf":[],"yoast_head":"<!-- This site is optimized with the Yoast SEO plugin v26.1.1 - https:\/\/yoast.com\/wordpress\/plugins\/seo\/ -->\n<title>T\u00e9rminos y condiciones de uso - Qmann Diving- dive centers in the Azores<\/title>\n<meta name=\"robots\" content=\"index, follow, max-snippet:-1, max-image-preview:large, max-video-preview:-1\" \/>\n<link rel=\"canonical\" href=\"https:\/\/qmanndiving.com\/es\/terms-and-conditions\/\" \/>\n<meta property=\"og:locale\" content=\"es_ES\" \/>\n<meta property=\"og:type\" content=\"article\" \/>\n<meta property=\"og:title\" content=\"T\u00e9rminos y condiciones de uso - Qmann Diving- dive centers in the Azores\" \/>\n<meta property=\"og:description\" content=\"T\u00e9rminos y condiciones de uso -Esto es importante y afecta sus derechos legales, por lo tanto, l\u00e9alos cuidadosamente y lea&hellip;\" \/>\n<meta property=\"og:url\" content=\"https:\/\/qmanndiving.com\/es\/terms-and-conditions\/\" \/>\n<meta property=\"og:site_name\" content=\"Qmann Diving- dive centers in the Azores\" \/>\n<meta property=\"article:publisher\" content=\"https:\/\/www.facebook.com\/pages\/category\/Scuba-Diving-Center\/Qmann-Diving-dive-center-Azores-276319169682383\/\" \/>\n<meta property=\"article:modified_time\" content=\"2019-02-27T09:55:31+00:00\" \/>\n<meta name=\"twitter:card\" content=\"summary_large_image\" \/>\n<meta name=\"twitter:label1\" content=\"Tiempo de lectura\" \/>\n\t<meta name=\"twitter:data1\" content=\"9 minutos\" \/>\n<script type=\"application\/ld+json\" class=\"yoast-schema-graph\">{\"@context\":\"https:\/\/schema.org\",\"@graph\":[{\"@type\":\"WebPage\",\"@id\":\"https:\/\/qmanndiving.com\/es\/terms-and-conditions\/\",\"url\":\"https:\/\/qmanndiving.com\/es\/terms-and-conditions\/\",\"name\":\"T\u00e9rminos y condiciones de uso - Qmann Diving- dive centers in the Azores\",\"isPartOf\":{\"@id\":\"https:\/\/qmanndiving.com\/#website\"},\"datePublished\":\"2018-08-22T09:59:25+00:00\",\"dateModified\":\"2019-02-27T09:55:31+00:00\",\"breadcrumb\":{\"@id\":\"https:\/\/qmanndiving.com\/es\/terms-and-conditions\/#breadcrumb\"},\"inLanguage\":\"es\",\"potentialAction\":[{\"@type\":\"ReadAction\",\"target\":[\"https:\/\/qmanndiving.com\/es\/terms-and-conditions\/\"]}]},{\"@type\":\"BreadcrumbList\",\"@id\":\"https:\/\/qmanndiving.com\/es\/terms-and-conditions\/#breadcrumb\",\"itemListElement\":[{\"@type\":\"ListItem\",\"position\":1,\"name\":\"In\u00edcio\",\"item\":\"https:\/\/qmanndiving.com\/es\/\"},{\"@type\":\"ListItem\",\"position\":2,\"name\":\"T\u00e9rminos y condiciones de uso\"}]},{\"@type\":\"WebSite\",\"@id\":\"https:\/\/qmanndiving.com\/#website\",\"url\":\"https:\/\/qmanndiving.com\/\",\"name\":\"Qmann Diving - centro de mergulho nos A\u00e7ores\",\"description\":\"Qmann Diving is a fully SSI certified dive centre operating at Terceira island, one of the finest island in the Azores, offering you private or small groups (max. 4) diving and courses, our goal is Quality.\",\"publisher\":{\"@id\":\"https:\/\/qmanndiving.com\/#organization\"},\"potentialAction\":[{\"@type\":\"SearchAction\",\"target\":{\"@type\":\"EntryPoint\",\"urlTemplate\":\"https:\/\/qmanndiving.com\/?s={search_term_string}\"},\"query-input\":{\"@type\":\"PropertyValueSpecification\",\"valueRequired\":true,\"valueName\":\"search_term_string\"}}],\"inLanguage\":\"es\"},{\"@type\":\"Organization\",\"@id\":\"https:\/\/qmanndiving.com\/#organization\",\"name\":\"Qmann Diving\",\"url\":\"https:\/\/qmanndiving.com\/\",\"logo\":{\"@type\":\"ImageObject\",\"inLanguage\":\"es\",\"@id\":\"https:\/\/qmanndiving.com\/#\/schema\/logo\/image\/\",\"url\":\"https:\/\/qmanndiving.com\/wp-content\/uploads\/logo_qman_diving_1.png\",\"contentUrl\":\"https:\/\/qmanndiving.com\/wp-content\/uploads\/logo_qman_diving_1.png\",\"width\":650,\"height\":350,\"caption\":\"Qmann Diving\"},\"image\":{\"@id\":\"https:\/\/qmanndiving.com\/#\/schema\/logo\/image\/\"},\"sameAs\":[\"https:\/\/www.facebook.com\/pages\/category\/Scuba-Diving-Center\/Qmann-Diving-dive-center-Azores-276319169682383\/\"]}]}<\/script>\n<!-- \/ Yoast SEO plugin. -->","yoast_head_json":{"title":"T\u00e9rminos y condiciones de uso - Qmann Diving- dive centers in the Azores","robots":{"index":"index","follow":"follow","max-snippet":"max-snippet:-1","max-image-preview":"max-image-preview:large","max-video-preview":"max-video-preview:-1"},"canonical":"https:\/\/qmanndiving.com\/es\/terms-and-conditions\/","og_locale":"es_ES","og_type":"article","og_title":"T\u00e9rminos y condiciones de uso - Qmann Diving- dive centers in the Azores","og_description":"T\u00e9rminos y condiciones de uso -Esto es importante y afecta sus derechos legales, por lo tanto, l\u00e9alos cuidadosamente y lea&hellip;","og_url":"https:\/\/qmanndiving.com\/es\/terms-and-conditions\/","og_site_name":"Qmann Diving- dive centers in the Azores","article_publisher":"https:\/\/www.facebook.com\/pages\/category\/Scuba-Diving-Center\/Qmann-Diving-dive-center-Azores-276319169682383\/","article_modified_time":"2019-02-27T09:55:31+00:00","twitter_card":"summary_large_image","twitter_misc":{"Tiempo de lectura":"9 minutos"},"schema":{"@context":"https:\/\/schema.org","@graph":[{"@type":"WebPage","@id":"https:\/\/qmanndiving.com\/es\/terms-and-conditions\/","url":"https:\/\/qmanndiving.com\/es\/terms-and-conditions\/","name":"T\u00e9rminos y condiciones de uso - Qmann Diving- dive centers in the Azores","isPartOf":{"@id":"https:\/\/qmanndiving.com\/#website"},"datePublished":"2018-08-22T09:59:25+00:00","dateModified":"2019-02-27T09:55:31+00:00","breadcrumb":{"@id":"https:\/\/qmanndiving.com\/es\/terms-and-conditions\/#breadcrumb"},"inLanguage":"es","potentialAction":[{"@type":"ReadAction","target":["https:\/\/qmanndiving.com\/es\/terms-and-conditions\/"]}]},{"@type":"BreadcrumbList","@id":"https:\/\/qmanndiving.com\/es\/terms-and-conditions\/#breadcrumb","itemListElement":[{"@type":"ListItem","position":1,"name":"In\u00edcio","item":"https:\/\/qmanndiving.com\/es\/"},{"@type":"ListItem","position":2,"name":"T\u00e9rminos y condiciones de uso"}]},{"@type":"WebSite","@id":"https:\/\/qmanndiving.com\/#website","url":"https:\/\/qmanndiving.com\/","name":"Qmann Diving - centro de mergulho nos A\u00e7ores","description":"Qmann Diving is a fully SSI certified dive centre operating at Terceira island, one of the finest island in the Azores, offering you private or small groups (max. 4) diving and courses, our goal is Quality.","publisher":{"@id":"https:\/\/qmanndiving.com\/#organization"},"potentialAction":[{"@type":"SearchAction","target":{"@type":"EntryPoint","urlTemplate":"https:\/\/qmanndiving.com\/?s={search_term_string}"},"query-input":{"@type":"PropertyValueSpecification","valueRequired":true,"valueName":"search_term_string"}}],"inLanguage":"es"},{"@type":"Organization","@id":"https:\/\/qmanndiving.com\/#organization","name":"Qmann Diving","url":"https:\/\/qmanndiving.com\/","logo":{"@type":"ImageObject","inLanguage":"es","@id":"https:\/\/qmanndiving.com\/#\/schema\/logo\/image\/","url":"https:\/\/qmanndiving.com\/wp-content\/uploads\/logo_qman_diving_1.png","contentUrl":"https:\/\/qmanndiving.com\/wp-content\/uploads\/logo_qman_diving_1.png","width":650,"height":350,"caption":"Qmann Diving"},"image":{"@id":"https:\/\/qmanndiving.com\/#\/schema\/logo\/image\/"},"sameAs":["https:\/\/www.facebook.com\/pages\/category\/Scuba-Diving-Center\/Qmann-Diving-dive-center-Azores-276319169682383\/"]}]}},"_links":{"self":[{"href":"https:\/\/qmanndiving.com\/es\/wp-json\/wp\/v2\/pages\/1362","targetHints":{"allow":["GET"]}}],"collection":[{"href":"https:\/\/qmanndiving.com\/es\/wp-json\/wp\/v2\/pages"}],"about":[{"href":"https:\/\/qmanndiving.com\/es\/wp-json\/wp\/v2\/types\/page"}],"author":[{"embeddable":true,"href":"https:\/\/qmanndiving.com\/es\/wp-json\/wp\/v2\/users\/1"}],"replies":[{"embeddable":true,"href":"https:\/\/qmanndiving.com\/es\/wp-json\/wp\/v2\/comments?post=1362"}],"version-history":[{"count":2,"href":"https:\/\/qmanndiving.com\/es\/wp-json\/wp\/v2\/pages\/1362\/revisions"}],"predecessor-version":[{"id":1364,"href":"https:\/\/qmanndiving.com\/es\/wp-json\/wp\/v2\/pages\/1362\/revisions\/1364"}],"wp:attachment":[{"href":"https:\/\/qmanndiving.com\/es\/wp-json\/wp\/v2\/media?parent=1362"}],"curies":[{"name":"wp","href":"https:\/\/api.w.org\/{rel}","templated":true}]}}